{"id":47703,"date":"2025-01-13T19:35:11","date_gmt":"2025-01-13T19:35:11","guid":{"rendered":"https:\/\/cryomed.pro\/thank-you-page\/"},"modified":"2025-03-04T17:41:42","modified_gmt":"2025-03-04T17:41:42","slug":"thank-you-page","status":"publish","type":"page","link":"https:\/\/cryomed.pro\/fr\/thank-you-page\/","title":{"rendered":"Merci de nous avoir contact\u00e9!"},"content":{"rendered":"\n<h3 class=\"wp-block-heading has-text-align-center\"><br>Notre \u00e9quipe reviendra vers vous dans les plus brefs d\u00e9lais, par e-mail.<\/h3>\n\n\n\n<p style=\"text-align:center\">Pour un probl\u00e8me urgent, nous vous proposons de nous contacter directement par t\u00e9l\u00e9phone ou par WhatsApp, au num\u00e9ro suivant: <a href=\"tel:421918250160\">+ 421 918 250 160<\/a>.<br><strong>Nos horaires d\u2019ouverture sont les suivants:<\/strong><br> du Lundi au Vendredi de 8h00 \u00e0 16h30.<\/p>\n\n\n\n<p style=\"text-align:center\"><a href=\"https:\/\/cryomed.pro\/fr\/business\/services\/une-formation-hors-pair\/\"><u>Inscrivez-vous<\/u><\/a> \u00e0 notre formation gratuite, et recevez par e-mail <br>la feuille de route et les conseils pratiques qui permettent de r\u00e9ussir dans le business de la cryoth\u00e9rapie.<\/p>\n\n\n\n<h3 class=\"wp-block-heading has-text-align-center\">Formez-vous au business<br> de la cryoth\u00e9rapie:\u00a0<br>Recevez votre plan d\u2019action<br> \u00e9tape par \u00e9tape<\/h3>\n\n\n\n<p><a href=\"https:\/\/cryomed.pro\/fr\/business\/services\/une-formation-hors-pair\/\" style=\"margin-top: 20px;--tw-bg-opacity: .2\" class=\"btn btn--blue btn--large w-full\">Oui, je souhaite m\u2019inscrire!<\/a><\/p>\n\n\n\n<p><\/p>\n","protected":false},"excerpt":{"rendered":"<p>Notre \u00e9quipe reviendra vers vous dans les plus brefs d\u00e9lais, par e-mail. Pour un probl\u00e8me urgent, nous vous proposons de nous contacter directement&hellip;<\/p>\n","protected":false},"author":10,"featured_media":0,"parent":0,"menu_order":0,"comment_status":"closed","ping_status":"closed","template":"","meta":{"inline_featured_image":false,"footnotes":""},"class_list":["hentry"],"meta_box":[],"_links":{"self":[{"href":"https:\/\/cryomed.pro\/fr\/wp-json\/wp\/v2\/pages\/47703","targetHints":{"allow":["GET"]}}],"collection":[{"href":"https:\/\/cryomed.pro\/fr\/wp-json\/wp\/v2\/pages"}],"about":[{"href":"https:\/\/cryomed.pro\/fr\/wp-json\/wp\/v2\/types\/page"}],"author":[{"embeddable":true,"href":"https:\/\/cryomed.pro\/fr\/wp-json\/wp\/v2\/users\/10"}],"replies":[{"embeddable":true,"href":"https:\/\/cryomed.pro\/fr\/wp-json\/wp\/v2\/comments?post=47703"}],"version-history":[{"count":5,"href":"https:\/\/cryomed.pro\/fr\/wp-json\/wp\/v2\/pages\/47703\/revisions"}],"predecessor-version":[{"id":47709,"href":"https:\/\/cryomed.pro\/fr\/wp-json\/wp\/v2\/pages\/47703\/revisions\/47709"}],"wp:attachment":[{"href":"https:\/\/cryomed.pro\/fr\/wp-json\/wp\/v2\/media?parent=47703"}],"curies":[{"name":"wp","href":"https:\/\/api.w.org\/{rel}","templated":true}]}}