{"id":43777,"date":"2020-07-30T08:18:03","date_gmt":"2020-07-30T08:18:03","guid":{"rendered":"https:\/\/cryomed.pro\/business\/financing\/"},"modified":"2024-10-04T21:59:33","modified_gmt":"2024-10-04T21:59:33","slug":"financement","status":"publish","type":"page","link":"https:\/\/cryomed.pro\/fr\/business\/financement\/","title":{"rendered":"Financement"},"content":{"rendered":"\n            <section class=\"section section-list-pages-2\">\n                <div class=\"container\">\n                    \n                    <div class=\"grid grid-cols-1 lg:grid-cols-2 gap-6 xl:gap-10\">\n\n                        \n                        <article class=\"col-span-1 lg:col-span-2 flex flex-col sm:transition-3d-hover\">\n                            <div class=\"card card--large\">\n                                <div class=\"card__wrap\">\n\n                                    <img decoding=\"async\" src=\"https:\/\/cryomed.pro\/wp-content\/themes\/cryomed\/resources\/img\/1920x1280\/1.jpg\" class=\"card__image\" alt=\"Cryotherapy La location \u00e0 bail\" title=\"Cryotherapy La location \u00e0 bail\" loading=\"lazy\">\n                                    <div class=\"card__body flex flex-col h-full\">\n\n                                        <h2 class=\"card__title\">La location \u00e0 bail\n<\/h2>\n                                        <div class=\"card__text\"><p>Louez un cryosauna pour commencer \u00e0 gagner de l\u2019argent imm\u00e9diatement.<br \/>\nPayez dans les 12 mois.<\/p>\n<\/div>\n\n                                        <div class=\"flex items-center relative sm:static mt-auto\">\n                                            <a  class=\"btn sm:btn--large bg-white lg:bg-transparent lg:btn--blue lg:hover:bg-white lg:hover:border-white text-primary lg:link-stretched\"\n\t                                            href=\"https:\/\/cryomed.pro\/fr\/business\/financement\/leasing\/\"\n\t                                            title=\"La location \u00e0 bail\">En savoir plus <\/a>\n\n                                            <label class=\"card__label is-active\" for=\"02b29213ef\" onclick=\"this.classList.toggle('is-active')\">\n                                                <svg width=\"24\" height=\"24\" viewBox=\"0 0 24 24\" fill=\"none\" xmlns=\"http:\/\/www.w3.org\/2000\/svg\">\n                                                    <path d=\"M19.5 9L12 16.5L4.5 9\" stroke=\"currentColor\" stroke-width=\"2\" stroke-linecap=\"round\" stroke-linejoin=\"round\"\/>\n                                                <\/svg>\n                                            <\/label>\n                                        <\/div>\n                                    <\/div>\n                                <\/div>\n\n                                <div class=\"card__footer\">\n                                    <input class=\"hidden\" type=\"checkbox\" id=\"02b29213ef\" checked>\n\n                                    <div class=\"wrap\">\n                                        <p>Louez un cryosauna pour commencer \u00e0 gagner de l\u2019argent imm\u00e9diatement.<br \/>\nPayez dans les 12 mois.<\/p>\n                                    <\/div>\n                                <\/div>\n                            <\/div>\n                        <\/article>\n\n                    \n                        <article class=\"col-span-1  flex flex-col sm:transition-3d-hover\">\n                            <div class=\"card\">\n                                <div class=\"card__wrap\">\n\n                                    <img decoding=\"async\" src=\"https:\/\/cryomed.pro\/wp-content\/themes\/cryomed\/resources\/img\/1920x1280\/1.jpg\" class=\"card__image\" alt=\"Cryotherapy La location\" title=\"Cryotherapy La location\" loading=\"lazy\">\n                                    <div class=\"card__body flex flex-col h-full\">\n\n                                        <h2 class=\"card__title\">La location\n<\/h2>\n                                        <div class=\"card__text\"><p>Louez un cryosauna pour d\u00e9velopper votre entreprise. D\u00e9couvrez un moyen simple d'augmenter vos profits.<\/p>\n<\/div>\n\n                                        <div class=\"flex items-center relative sm:static mt-auto\">\n                                            <a  class=\"btn sm:btn--large bg-white lg:bg-transparent lg:btn--blue lg:hover:bg-white lg:hover:border-white text-primary lg:link-stretched\"\n\t                                            href=\"https:\/\/cryomed.pro\/fr\/business\/financement\/rent\/\"\n\t                                            title=\"La location\">En savoir plus <\/a>\n\n                                            <label class=\"card__label\" for=\"726eba6a95\" onclick=\"this.classList.toggle('is-active')\">\n                                                <svg width=\"24\" height=\"24\" viewBox=\"0 0 24 24\" fill=\"none\" xmlns=\"http:\/\/www.w3.org\/2000\/svg\">\n                                                    <path d=\"M19.5 9L12 16.5L4.5 9\" stroke=\"currentColor\" stroke-width=\"2\" stroke-linecap=\"round\" stroke-linejoin=\"round\"\/>\n                                                <\/svg>\n                                            <\/label>\n                                        <\/div>\n                                    <\/div>\n                                <\/div>\n\n                                <div class=\"card__footer\">\n                                    <input class=\"hidden\" type=\"checkbox\" id=\"726eba6a95\">\n\n                                    <div class=\"wrap\">\n                                        <p>Louez un cryosauna pour d\u00e9velopper votre entreprise. D\u00e9couvrez un moyen simple d'augmenter vos profits.<\/p>\n                                    <\/div>\n                                <\/div>\n                            <\/div>\n                        <\/article>\n\n                    \n                        <article class=\"col-span-1  flex flex-col sm:transition-3d-hover\">\n                            <div class=\"card\">\n                                <div class=\"card__wrap\">\n\n                                    <img decoding=\"async\" src=\"https:\/\/cryomed.pro\/wp-content\/themes\/cryomed\/resources\/img\/1920x1280\/1.jpg\" class=\"card__image\" alt=\"Cryotherapy Faire \u00e9voluer\" title=\"Cryotherapy Faire \u00e9voluer\" loading=\"lazy\">\n                                    <div class=\"card__body flex flex-col h-full\">\n\n                                        <h2 class=\"card__title\">Faire \u00e9voluer\n<\/h2>\n                                        <div class=\"card__text\"><p>Id\u00e9ale \u00e9galement pour renouveler et mettre \u00e0 jour son \u00e9quipement. <\/p>\n<p>Contactez-nous en quelques clics.<\/p>\n<\/div>\n\n                                        <div class=\"flex items-center relative sm:static mt-auto\">\n                                            <a  class=\"btn sm:btn--large bg-white lg:bg-transparent lg:btn--blue lg:hover:bg-white lg:hover:border-white text-primary lg:link-stretched\"\n\t                                            href=\"https:\/\/cryomed.pro\/fr\/business\/financement\/trade-in\/\"\n\t                                            title=\"Faire \u00e9voluer\">En savoir plus <\/a>\n\n                                            <label class=\"card__label\" for=\"4c08bbaa43\" onclick=\"this.classList.toggle('is-active')\">\n                                                <svg width=\"24\" height=\"24\" viewBox=\"0 0 24 24\" fill=\"none\" xmlns=\"http:\/\/www.w3.org\/2000\/svg\">\n                                                    <path d=\"M19.5 9L12 16.5L4.5 9\" stroke=\"currentColor\" stroke-width=\"2\" stroke-linecap=\"round\" stroke-linejoin=\"round\"\/>\n                                                <\/svg>\n                                            <\/label>\n                                        <\/div>\n                                    <\/div>\n                                <\/div>\n\n                                <div class=\"card__footer\">\n                                    <input class=\"hidden\" type=\"checkbox\" id=\"4c08bbaa43\">\n\n                                    <div class=\"wrap\">\n                                        <p>Id\u00e9ale \u00e9galement pour renouveler et mettre \u00e0 jour son \u00e9quipement. <\/p>\n<p>Contactez-nous en quelques clics.<\/p>\n                                    <\/div>\n                                <\/div>\n                            <\/div>\n                        <\/article>\n\n                                    <\/div>\n            <\/div>\n        <\/section>\n\n\t\t\t\n","protected":false},"excerpt":{"rendered":"<p>Lorem ipsum dolor sit amet, consectetur adipisicing elit. Iure voluptate distinctio similique doloribus dolorem! Voluptatem ipsam iure accusantium laborum distinctio modi est dolore dicta excepturi a, architecto quo esse tempore.<\/p>\n","protected":false},"author":1,"featured_media":0,"parent":43744,"menu_order":3,"comment_status":"closed","ping_status":"closed","template":"","meta":{"inline_featured_image":false,"footnotes":""},"class_list":["hentry"],"meta_box":[],"_links":{"self":[{"href":"https:\/\/cryomed.pro\/fr\/wp-json\/wp\/v2\/pages\/43777","targetHints":{"allow":["GET"]}}],"collection":[{"href":"https:\/\/cryomed.pro\/fr\/wp-json\/wp\/v2\/pages"}],"about":[{"href":"https:\/\/cryomed.pro\/fr\/wp-json\/wp\/v2\/types\/page"}],"author":[{"embeddable":true,"href":"https:\/\/cryomed.pro\/fr\/wp-json\/wp\/v2\/users\/1"}],"replies":[{"embeddable":true,"href":"https:\/\/cryomed.pro\/fr\/wp-json\/wp\/v2\/comments?post=43777"}],"version-history":[{"count":0,"href":"https:\/\/cryomed.pro\/fr\/wp-json\/wp\/v2\/pages\/43777\/revisions"}],"up":[{"embeddable":true,"href":"https:\/\/cryomed.pro\/fr\/wp-json\/wp\/v2\/pages\/43744"}],"wp:attachment":[{"href":"https:\/\/cryomed.pro\/fr\/wp-json\/wp\/v2\/media?parent=43777"}],"curies":[{"name":"wp","href":"https:\/\/api.w.org\/{rel}","templated":true}]}}