{"id":43775,"date":"2020-07-08T09:27:24","date_gmt":"2020-07-08T09:27:24","guid":{"rendered":"https:\/\/cryomed.pro\/quality-and-certificates\/"},"modified":"2025-07-02T01:37:07","modified_gmt":"2025-07-02T01:37:07","slug":"certificats-ce","status":"publish","type":"page","link":"https:\/\/cryomed.pro\/fr\/certificats-ce\/","title":{"rendered":"Certificats CE"},"content":{"rendered":"\n\t<div class=\"section section-certificates-loop\">\n\t\t<div class=\"container flex flex-wrap justify-between mb-10 \/flex-col items-center \/space-y-10 \/lg:space-y-20\">\n\n\t\t\t\n\t\t\t\t<article class=\"card card-certificate\">\n\t\t\t\t\t<div class=\"card-media\" data-cursor=\"resize\" data-fancybox data-src=\"https:\/\/cryomed.pro\/wp-content\/uploads\/2023\/12\/CE-Certificate-IceChill-HorseCryo-PetCryo-Oct2026-pdf.jpg\">\n\n\t\t\t\t\t\t<img loading=\"lazy\" decoding=\"async\" width=\"1058\" height=\"1496\" src=\"https:\/\/cryomed.pro\/wp-content\/uploads\/2023\/12\/CE-Certificate-IceChill-HorseCryo-PetCryo-Oct2026-pdf.jpg\" class=\"attachment-full size-full wp-post-image\" alt=\"\" \/>\n\t\t\t\t\t<\/div>\n\n\t\t\t\t\t<div class=\"card-body\" style=\"display: none\">\n\t\t\t\t\t\t<div class=\"card-collapse\">\n\t\t\t\t\t\t\t<input class=\"card-collapse-input\" type=\"checkbox\" id=\"description-34600\" value=\"\">\n\t\t\t\t\t\t\t<label class=\"card-collapse-label\" for=\"description-34600\">Description<\/label>\n\n\t\t\t\t\t\t\t<div class=\"card-collapse-wrapper\" style=\"display: none\">\n\t\t\t\t\t\t\t\t<h2 class=\"card-title\">CE Certificate IceChill HorseCryo PetCryo Oct2026<\/h2>\n\t\t\t\t\t\t\t\t<div class=\"card-text\">\n\t\t\t\t\t\t\t\t\t\t\t\t\t\t\t\t\t<\/div>\n\t\t\t\t\t\t\t<\/div>\n\t\t\t\t\t\t<\/div>\n\n\t\t\t\t\t\t\t\t\t\t\t<\/div>\n\t\t\t\t<\/article>\n\n\t\t\t\t\n\t\t\t\t<article class=\"card card-certificate\">\n\t\t\t\t\t<div class=\"card-media\" data-cursor=\"resize\" data-fancybox data-src=\"https:\/\/cryomed.pro\/wp-content\/uploads\/2023\/12\/CE-Certificate-Cryomed-Pro-One-Dec2026-pdf.jpg\">\n\n\t\t\t\t\t\t<img loading=\"lazy\" decoding=\"async\" width=\"1058\" height=\"1496\" src=\"https:\/\/cryomed.pro\/wp-content\/uploads\/2023\/12\/CE-Certificate-Cryomed-Pro-One-Dec2026-pdf.jpg\" class=\"attachment-full size-full wp-post-image\" alt=\"\" \/>\n\t\t\t\t\t<\/div>\n\n\t\t\t\t\t<div class=\"card-body\" style=\"display: none\">\n\t\t\t\t\t\t<div class=\"card-collapse\">\n\t\t\t\t\t\t\t<input class=\"card-collapse-input\" type=\"checkbox\" id=\"description-34597\" value=\"\">\n\t\t\t\t\t\t\t<label class=\"card-collapse-label\" for=\"description-34597\">Description<\/label>\n\n\t\t\t\t\t\t\t<div class=\"card-collapse-wrapper\" style=\"display: none\">\n\t\t\t\t\t\t\t\t<h2 class=\"card-title\">CE-Certificate-Cryomed-Pro-One-Dec2026<\/h2>\n\t\t\t\t\t\t\t\t<div class=\"card-text\">\n\t\t\t\t\t\t\t\t\t\t\t\t\t\t\t\t\t<\/div>\n\t\t\t\t\t\t\t<\/div>\n\t\t\t\t\t\t<\/div>\n\n\t\t\t\t\t\t\t\t\t\t\t<\/div>\n\t\t\t\t<\/article>\n\n\t\t\t\t\n\t\t\t\t<article class=\"card card-certificate\">\n\t\t\t\t\t<div class=\"card-media\" data-cursor=\"resize\" data-fancybox data-src=\"https:\/\/cryomed.pro\/wp-content\/uploads\/2023\/12\/CE-Certificate-CF-04-Nov2025-pdf.jpg\">\n\n\t\t\t\t\t\t<img loading=\"lazy\" decoding=\"async\" width=\"1058\" height=\"1496\" src=\"https:\/\/cryomed.pro\/wp-content\/uploads\/2023\/12\/CE-Certificate-CF-04-Nov2025-pdf.jpg\" class=\"attachment-full size-full wp-post-image\" alt=\"\" \/>\n\t\t\t\t\t<\/div>\n\n\t\t\t\t\t<div class=\"card-body\" style=\"display: none\">\n\t\t\t\t\t\t<div class=\"card-collapse\">\n\t\t\t\t\t\t\t<input class=\"card-collapse-input\" type=\"checkbox\" id=\"description-34574\" value=\"\">\n\t\t\t\t\t\t\t<label class=\"card-collapse-label\" for=\"description-34574\">Description<\/label>\n\n\t\t\t\t\t\t\t<div class=\"card-collapse-wrapper\" style=\"display: none\">\n\t\t\t\t\t\t\t\t<h2 class=\"card-title\">CE Certificate CF-04 Nov2025<\/h2>\n\t\t\t\t\t\t\t\t<div class=\"card-text\">\n\t\t\t\t\t\t\t\t\t\t\t\t\t\t\t\t\t<\/div>\n\t\t\t\t\t\t\t<\/div>\n\t\t\t\t\t\t<\/div>\n\n\t\t\t\t\t\t\t\t\t\t\t<\/div>\n\t\t\t\t<\/article>\n\n\t\t\t\t\n\t\t\t\t<article class=\"card card-certificate\">\n\t\t\t\t\t<div class=\"card-media\" data-cursor=\"resize\" data-fancybox data-src=\"https:\/\/cryomed.pro\/wp-content\/uploads\/2023\/12\/CE-Certificate-Basic-Mini-Jun2025-pdf.jpg\">\n\n\t\t\t\t\t\t<img loading=\"lazy\" decoding=\"async\" width=\"1058\" height=\"1496\" src=\"https:\/\/cryomed.pro\/wp-content\/uploads\/2023\/12\/CE-Certificate-Basic-Mini-Jun2025-pdf.jpg\" class=\"attachment-full size-full wp-post-image\" alt=\"\" \/>\n\t\t\t\t\t<\/div>\n\n\t\t\t\t\t<div class=\"card-body\" style=\"display: none\">\n\t\t\t\t\t\t<div class=\"card-collapse\">\n\t\t\t\t\t\t\t<input class=\"card-collapse-input\" type=\"checkbox\" id=\"description-34531\" value=\"\">\n\t\t\t\t\t\t\t<label class=\"card-collapse-label\" for=\"description-34531\">Description<\/label>\n\n\t\t\t\t\t\t\t<div class=\"card-collapse-wrapper\" style=\"display: none\">\n\t\t\t\t\t\t\t\t<h2 class=\"card-title\">CE Certificate Basic Mini Jun2025<\/h2>\n\t\t\t\t\t\t\t\t<div class=\"card-text\">\n\t\t\t\t\t\t\t\t\t\t\t\t\t\t\t\t\t<\/div>\n\t\t\t\t\t\t\t<\/div>\n\t\t\t\t\t\t<\/div>\n\n\t\t\t\t\t\t\t\t\t\t\t<\/div>\n\t\t\t\t<\/article>\n\n\t\t\t\t\n\t\t<\/div>\n\n        <div class=\"container\" style=\"text-align: justify\">\n            <p>Cette certification garantit la conformit\u00e9 des dispositifs Cryomed aux normes de sant\u00e9, de s\u00e9curit\u00e9 et environnementales europ\u00e9ennes.\nElle est obtenue apr\u00e8s une s\u00e9rie de tests et de validations, dans le respect des proc\u00e9dures impos\u00e9es par les directives de l\u2019Union Europ\u00e9ennes.\n<\/p>\n            <p>Tous nos dispositifs sont lab\u00e9lis\u00e9s CE.<\/p>\n        <\/div>\n\t<\/div>\n\n\t\n","protected":false},"excerpt":{"rendered":"<p>Our factory works according to quality system management ISO 13485. All our products are CE certified.<\/p>\n","protected":false},"author":1,"featured_media":12243,"parent":0,"menu_order":2,"comment_status":"closed","ping_status":"closed","template":"","meta":{"inline_featured_image":false,"footnotes":""},"class_list":["hentry","has-post-thumbnail"],"meta_box":[],"_links":{"self":[{"href":"https:\/\/cryomed.pro\/fr\/wp-json\/wp\/v2\/pages\/43775","targetHints":{"allow":["GET"]}}],"collection":[{"href":"https:\/\/cryomed.pro\/fr\/wp-json\/wp\/v2\/pages"}],"about":[{"href":"https:\/\/cryomed.pro\/fr\/wp-json\/wp\/v2\/types\/page"}],"author":[{"embeddable":true,"href":"https:\/\/cryomed.pro\/fr\/wp-json\/wp\/v2\/users\/1"}],"replies":[{"embeddable":true,"href":"https:\/\/cryomed.pro\/fr\/wp-json\/wp\/v2\/comments?post=43775"}],"version-history":[{"count":2,"href":"https:\/\/cryomed.pro\/fr\/wp-json\/wp\/v2\/pages\/43775\/revisions"}],"predecessor-version":[{"id":107376,"href":"https:\/\/cryomed.pro\/fr\/wp-json\/wp\/v2\/pages\/43775\/revisions\/107376"}],"wp:featuredmedia":[{"embeddable":true,"href":"https:\/\/cryomed.pro\/fr\/wp-json\/wp\/v2\/media\/12243"}],"wp:attachment":[{"href":"https:\/\/cryomed.pro\/fr\/wp-json\/wp\/v2\/media?parent=43775"}],"curies":[{"name":"wp","href":"https:\/\/api.w.org\/{rel}","templated":true}]}}