{"id":43773,"date":"2020-09-26T10:24:44","date_gmt":"2020-09-26T10:24:44","guid":{"rendered":"https:\/\/cryomed.pro\/business\/calculator\/"},"modified":"2024-10-04T21:57:50","modified_gmt":"2024-10-04T21:57:50","slug":"accompagnement-commercial","status":"publish","type":"page","link":"https:\/\/cryomed.pro\/fr\/business\/accompagnement-commercial\/","title":{"rendered":"Accompagnement commercial"},"content":{"rendered":"\n<div class=\"wp-block-group alignfull wp-block-group-media-text\"><div class=\"wp-block-group__inner-container is-layout-flow wp-block-group-is-layout-flow\">\n<div class=\"wp-block-columns alignwide is-layout-flex wp-container-core-columns-is-layout-9d6595d7 wp-block-columns-is-layout-flex\">\n<div class=\"wp-block-column is-layout-flow wp-block-column-is-layout-flow\">\n<figure class=\"wp-block-image size-large\"><img loading=\"lazy\" decoding=\"async\" width=\"540\" height=\"540\" src=\"\/wp-content\/uploads\/2021\/06\/Frame-11-16.png\" alt=\"how profitable are cryotherapy businesses\" class=\"wp-image-6213\" title=\"how profitable are cryotherapy businesses\" srcset=\"https:\/\/cryomed.pro\/wp-content\/uploads\/2021\/06\/Frame-11-16.png 540w, https:\/\/cryomed.pro\/wp-content\/uploads\/2021\/06\/Frame-11-16-300x300.png 300w, https:\/\/cryomed.pro\/wp-content\/uploads\/2021\/06\/Frame-11-16-150x150.png 150w, https:\/\/cryomed.pro\/wp-content\/uploads\/2021\/06\/Frame-11-16-100x100.png 100w, https:\/\/cryomed.pro\/wp-content\/uploads\/2021\/06\/Frame-11-16-160x160.png 160w, https:\/\/cryomed.pro\/wp-content\/uploads\/2021\/06\/Frame-11-16-340x340.png 340w\" sizes=\"auto, (max-width: 540px) 100vw, 540px\" \/><figcaption>how profitable are cryotherapy businesses<\/figcaption><\/figure>\n<\/div>\n\n\n\n<div class=\"wp-block-column is-layout-flow wp-block-column-is-layout-flow\">\n<h2 class=\"wp-block-heading\">Let\u2019s calculate the profitability of your cryotherapy business<\/h2>\n\n\n\n<p>Average session time is 3 minutes.<\/p>\n\n\n\n<ul class=\"wp-block-list\"><li>If you have at least 10 cryotherapy sessions per day, in one month (including weekends) you can have as many as 300.<\/li><li>An average price of one session is about $35.<\/li><li>So with this workload, your center will be busy with cryotherapy sessions for some hours and a half daily, and your monthly income will be $10,500.<\/li><li>Deduct your one-time costs and monthly expenses, and you will get your net profit.<\/li><\/ul>\n<\/div>\n<\/div>\n<\/div><\/div>\n\n\n\n<div class=\"wp-block-group alignfull wp-block-group-pullquote\"><div class=\"wp-block-group__inner-container is-layout-flow wp-block-group-is-layout-flow\">\n<figure class=\"wp-block-pullquote\"><blockquote><p>Of course, these calculations are very approximate, but they will give you an idea of what to expect from your business and how long it will take to recover your investment.<\/p><\/blockquote><\/figure>\n<\/div><\/div>\n\n\n<section class=\"section section-list-pages-3\">\n  <div class=\"container\">\n\t<header class=\"section__header text-center\">\n\t  <h2 class=\"section__title\">Business Directions<\/h2><\/header>\n  <\/div>\n  <div class=\"mt-16 entry-content\">\n\t<article class=\"hentry alignfull wp-block-group-media-text\">\n\t  <div class=\"wp-block-group__inner-container card relative block py-8 md:py-10\" title=\"Whole body cryotherapy business\">\n\n\t\t  <div class=\"card__body flex flex-col md:flex-row\">\n\t\t\t<div class=\"flex-none\">\n\t\t\t  <h2 class=\"card__title text-navy font-light mb-5 md:mb-0 md:mt-3 xl:mt-5\">Whole body cryotherapy business<\/h2><\/div>\n\t\t\t<div class=\"flex-grow flex items-center md:ml-10 md:mr-auto\">\n\t\t\t  <div class=\"card__text text-current mb-0\">\n\t\t\t\t<p>A full body cryotherapy business is the most perspective direction in sports and health industries today.<\/p>\n\t\t\t  <\/div>\n\t\t\t<\/div>\n\t\t  <\/div>\n\n\t  <\/div>\n\t  <\/a>\n\t<\/article>\n\t<article class=\"hentry alignfull wp-block-group-media-text\">\n\t  <a class=\"wp-block-group__inner-container card relative block py-8 md:py-10\" href=\"\/cryotherapy\/full-body-cryotherapy\/\" title=\"Local cryotherapy business\" aria-label=\"Local cryotherapy business\">\n\n\t\t  <div class=\"card__body flex flex-col md:flex-row\">\n\t\t\t<div class=\"flex-none\">\n\t\t\t  <h2 class=\"card__title text-navy font-light mb-5 md:mb-0 md:mt-3 xl:mt-5\">Local cryotherapy business<\/h2><\/div>\n\t\t\t<div class=\"flex-grow flex items-center md:ml-10 md:mr-auto\">\n\t\t\t  <div class=\"card__text text-current mb-0\">\n\t\t\t\t<p>Cryo business with local cryotherapy devices is mostly in demand now in the beauty and sports industries.<\/p>\n\t\t\t  <\/div>\n\t\t\t<\/div>\n\t\t\t<div class=\"absolute -top-2 right-0 md:static flex-none flex items-center md:ml-10\">\n\t\t\t  <div class=\"card__icon\">\n\t\t\t\t<svg width=\"32\" height=\"32\" viewBox=\"0 0 32 32\" fill=\"none\" xmlns=\"http:\/\/www.w3.org\/2000\/svg\">\n\t\t\t\t  <path d=\"M5 16H27\" stroke=\"currentColor\" stroke-width=\"2\" stroke-linecap=\"round\" stroke-linejoin=\"round\"><\/path>\n\t\t\t\t  <path d=\"M18 7L27 16L18 25\" stroke=\"currentColor\" stroke-width=\"2\" stroke-linecap=\"round\" stroke-linejoin=\"round\"><\/path>\n\t\t\t\t<\/svg>\n\t\t\t  <\/div>\n\t\t\t<\/div>\n\t\t  <\/div>\n\n\t  <\/a>\n\t<\/article>\n\t<article class=\"hentry alignfull wp-block-group-media-text\">\n\t  <div class=\"wp-block-group__inner-container card relative block py-8 md:py-10\" title=\"\u0421ryo-facial business\">\n\n\t\t  <div class=\"card__body flex flex-col md:flex-row\">\n\t\t\t<div class=\"flex-none\">\n\t\t\t  <h2 class=\"card__title text-navy font-light mb-5 md:mb-0 md:mt-3 xl:mt-5\">\u0421ryo-facial business<\/h2><\/div>\n\t\t\t<div class=\"flex-grow flex items-center md:ml-10 md:mr-auto\">\n\t\t\t  <div class=\"card__text text-current mb-0\">\n\t\t\t\t<p>A \u0421ryotherapy facial business is a great opportunity for those who don\u2019t want to miss out on all the benefits of local cryotherapy.<\/p>\n\t\t\t  <\/div>\n\t\t\t<\/div>\n\t\t  <\/div>\n\n\t\t<\/div>\n\t  <\/a>\n\t<\/article>\n\t<article class=\"hentry alignfull wp-block-group-media-text\">\n\t  <div class=\"wp-block-group__inner-container card relative block py-8 md:py-10\" title=\"\u0421ryo-facial business\">\n\n\t\t  <div class=\"card__body flex flex-col md:flex-row\">\n\t\t\t<div class=\"flex-none\">\n\t\t\t  <h2 class=\"card__title text-navy font-light mb-5 md:mb-0 md:mt-3 xl:mt-5\">Mobile cryotherapy business<\/h2><\/div>\n\t\t\t<div class=\"flex-grow flex items-center md:ml-10 md:mr-auto\">\n\t\t\t  <div class=\"card__text text-current mb-0\">\n\t\t\t\t<p>A New opportunity for those who want to provide mobile cryotherapy with quality equipment like in a cryo center.<\/p>\n\t\t\t  <\/div>\n\t\t\t<\/div>\n\t\t  <\/div>\n\n\t  <\/a>\n\t<\/div>\n\t<\/article>\n  <\/div>\n<\/section>\n\n\n\t<section class=\"section section-list-pages-3\">\n\t\t<div class=\"container\">\n\t\t\t\t\t\t\t<header class=\"section__header text-center\">\n\t\t\t\t\t<h2 class=\"section__title\">Business services<\/h2>\n\t\t\t\t<\/header>\n\t\t\t\t\t<\/div>\n\t\t<div class=\"mt-16 entry-content\">\n\n\t\t\t\n\t\t\t\t\t<article id=\"post-43742\" class=\"hentry alignfull wp-block-group-media-text\">\n\t\t\t\t\t\t<a class=\"wp-block-group__inner-container card relative block py-8 md:py-10\" href=\"https:\/\/cryomed.pro\/fr\/business\/services\/marketing\/\" title=\"Un Pack Marketing\" aria-label=\"Un Pack Marketing\">\n\n\n\t\t\t\t\t\t\t\t<div class=\"card__body flex flex-col md:flex-row\">\n\t\t\t\t\t\t\t\t\t<div class=\"flex-none\">\n\n\t\t\t\t\t\t\t\t\t\t<h2 class=\"card__title text-navy font-light mb-5 md:mb-0 md:mt-3 xl:mt-5\">Un Pack Marketing<\/h2>\n\t\t\t\t\t\t\t\t\t<\/div>\n\n\t\t\t\t\t\t\t\t\t<div class=\"flex-grow flex items-center md:ml-10 md:mr-auto\">\n\t\t\t\t\t\t\t\t\t\t<div class=\"card__text text-current mb-0\">\n\n\t\t\t\t\t\t\t\t\t\t\t<p>Support papier (flyers, rolls up), support digital (pour votre site web et vos r\u00e9seaux)<\/p>\n\n\t\t\t\t\t\t\t\t\t\t<\/div>\n\t\t\t\t\t\t\t\t\t<\/div>\n\n\t\t\t\t\t\t\t\t\t<div class=\"absolute -top-2 right-0 md:static flex-none flex items-center md:ml-10\">\n\t\t\t\t\t\t\t\t\t\t<div class=\"card__icon\">\n\t\t\t\t\t\t\t\t\t\t\t<svg width=\"32\" height=\"32\" viewBox=\"0 0 32 32\" fill=\"none\" xmlns=\"http:\/\/www.w3.org\/2000\/svg\">\n\t\t\t\t\t\t\t\t\t\t\t\t<path d=\"M5 16H27\" stroke=\"currentColor\" stroke-width=\"2\" stroke-linecap=\"round\" stroke-linejoin=\"round\"\/>\n\t\t\t\t\t\t\t\t\t\t\t\t<path d=\"M18 7L27 16L18 25\" stroke=\"currentColor\" stroke-width=\"2\" stroke-linecap=\"round\" stroke-linejoin=\"round\"\/>\n\t\t\t\t\t\t\t\t\t\t\t<\/svg>\n\t\t\t\t\t\t\t\t\t\t<\/div>\n\t\t\t\t\t\t\t\t\t<\/div>\n\t\t\t\t\t\t\t\t<\/div>\n\n\n\t\t\t\t\t\t<\/a>\n\t\t\t\t\t<\/article>\n\n\t\t\t\t\t\n\t\t\t\t\t<article id=\"post-40136\" class=\"hentry alignfull wp-block-group-media-text\">\n\t\t\t\t\t\t<a class=\"wp-block-group__inner-container card relative block py-8 md:py-10\" href=\"https:\/\/cryomed.pro\/fr\/business\/services\/une-formation-hors-pair\/\" title=\"Une formation hors pair\" aria-label=\"Une formation hors pair\">\n\n\n\t\t\t\t\t\t\t\t<div class=\"card__body flex flex-col md:flex-row\">\n\t\t\t\t\t\t\t\t\t<div class=\"flex-none\">\n\n\t\t\t\t\t\t\t\t\t\t<h2 class=\"card__title text-navy font-light mb-5 md:mb-0 md:mt-3 xl:mt-5\">Une formation hors pair<\/h2>\n\t\t\t\t\t\t\t\t\t<\/div>\n\n\t\t\t\t\t\t\t\t\t<div class=\"flex-grow flex items-center md:ml-10 md:mr-auto\">\n\t\t\t\t\t\t\t\t\t\t<div class=\"card__text text-current mb-0\">\n\n\t\t\t\t\t\t\t\t\t\t\t<p>Un expert de la cryoth\u00e9rapie vous formera \u00e0 la prise en main de votre machine, et vous accompagnera dans votre pratique commerciale et votre d\u00e9marrage d\u2019activit\u00e9<\/p>\n\n\t\t\t\t\t\t\t\t\t\t<\/div>\n\t\t\t\t\t\t\t\t\t<\/div>\n\n\t\t\t\t\t\t\t\t\t<div class=\"absolute -top-2 right-0 md:static flex-none flex items-center md:ml-10\">\n\t\t\t\t\t\t\t\t\t\t<div class=\"card__icon\">\n\t\t\t\t\t\t\t\t\t\t\t<svg width=\"32\" height=\"32\" viewBox=\"0 0 32 32\" fill=\"none\" xmlns=\"http:\/\/www.w3.org\/2000\/svg\">\n\t\t\t\t\t\t\t\t\t\t\t\t<path d=\"M5 16H27\" stroke=\"currentColor\" stroke-width=\"2\" stroke-linecap=\"round\" stroke-linejoin=\"round\"\/>\n\t\t\t\t\t\t\t\t\t\t\t\t<path d=\"M18 7L27 16L18 25\" stroke=\"currentColor\" stroke-width=\"2\" stroke-linecap=\"round\" stroke-linejoin=\"round\"\/>\n\t\t\t\t\t\t\t\t\t\t\t<\/svg>\n\t\t\t\t\t\t\t\t\t\t<\/div>\n\t\t\t\t\t\t\t\t\t<\/div>\n\t\t\t\t\t\t\t\t<\/div>\n\n\n\t\t\t\t\t\t<\/a>\n\t\t\t\t\t<\/article>\n\n\t\t\t\t\t\n\t\t\t\t\t<article id=\"post-43755\" class=\"hentry alignfull wp-block-group-media-text\">\n\t\t\t\t\t\t<a class=\"wp-block-group__inner-container card relative block py-8 md:py-10\" href=\"https:\/\/cryomed.pro\/fr\/business\/services\/support\/\" title=\"Une disponibilit\u00e9 totale\" aria-label=\"Une disponibilit\u00e9 totale\">\n\n\n\t\t\t\t\t\t\t\t<div class=\"card__body flex flex-col md:flex-row\">\n\t\t\t\t\t\t\t\t\t<div class=\"flex-none\">\n\n\t\t\t\t\t\t\t\t\t\t<h2 class=\"card__title text-navy font-light mb-5 md:mb-0 md:mt-3 xl:mt-5\">Une disponibilit\u00e9 totale<\/h2>\n\t\t\t\t\t\t\t\t\t<\/div>\n\n\t\t\t\t\t\t\t\t\t<div class=\"flex-grow flex items-center md:ml-10 md:mr-auto\">\n\t\t\t\t\t\t\t\t\t\t<div class=\"card__text text-current mb-0\">\n\n\t\t\t\t\t\t\t\t\t\t\t<p>Nos experts sont \u00e0 votre disposition en permanence, en cas de pannes (garantie de 3 ans, dispo 24\/7), de questions relatives \u00e0 votre business, ou besoins de formation<\/p>\n\n\t\t\t\t\t\t\t\t\t\t<\/div>\n\t\t\t\t\t\t\t\t\t<\/div>\n\n\t\t\t\t\t\t\t\t\t<div class=\"absolute -top-2 right-0 md:static flex-none flex items-center md:ml-10\">\n\t\t\t\t\t\t\t\t\t\t<div class=\"card__icon\">\n\t\t\t\t\t\t\t\t\t\t\t<svg width=\"32\" height=\"32\" viewBox=\"0 0 32 32\" fill=\"none\" xmlns=\"http:\/\/www.w3.org\/2000\/svg\">\n\t\t\t\t\t\t\t\t\t\t\t\t<path d=\"M5 16H27\" stroke=\"currentColor\" stroke-width=\"2\" stroke-linecap=\"round\" stroke-linejoin=\"round\"\/>\n\t\t\t\t\t\t\t\t\t\t\t\t<path d=\"M18 7L27 16L18 25\" stroke=\"currentColor\" stroke-width=\"2\" stroke-linecap=\"round\" stroke-linejoin=\"round\"\/>\n\t\t\t\t\t\t\t\t\t\t\t<\/svg>\n\t\t\t\t\t\t\t\t\t\t<\/div>\n\t\t\t\t\t\t\t\t\t<\/div>\n\t\t\t\t\t\t\t\t<\/div>\n\n\n\t\t\t\t\t\t<\/a>\n\t\t\t\t\t<\/article>\n\n\t\t\t\t\t\n\t\t\t\t\t<article id=\"post-43751\" class=\"hentry alignfull wp-block-group-media-text\">\n\t\t\t\t\t\t<a class=\"wp-block-group__inner-container card relative block py-8 md:py-10\" href=\"https:\/\/cryomed.pro\/fr\/business\/services\/installation\/\" title=\"Votre installation\" aria-label=\"Votre installation\">\n\n\n\t\t\t\t\t\t\t\t<div class=\"card__body flex flex-col md:flex-row\">\n\t\t\t\t\t\t\t\t\t<div class=\"flex-none\">\n\n\t\t\t\t\t\t\t\t\t\t<h2 class=\"card__title text-navy font-light mb-5 md:mb-0 md:mt-3 xl:mt-5\">Votre installation<\/h2>\n\t\t\t\t\t\t\t\t\t<\/div>\n\n\t\t\t\t\t\t\t\t\t<div class=\"flex-grow flex items-center md:ml-10 md:mr-auto\">\n\t\t\t\t\t\t\t\t\t\t<div class=\"card__text text-current mb-0\">\n\n\t\t\t\t\t\t\t\t\t\t\t<p>Notre \u00e9quipe est \u00e0 votre service, pour vous conseiller dans le choix des dispositifs adapt\u00e9s \u00e0 vos locaux, et prend en charge l\u2019installation et la mise en service de votre cabine<\/p>\n\n\t\t\t\t\t\t\t\t\t\t<\/div>\n\t\t\t\t\t\t\t\t\t<\/div>\n\n\t\t\t\t\t\t\t\t\t<div class=\"absolute -top-2 right-0 md:static flex-none flex items-center md:ml-10\">\n\t\t\t\t\t\t\t\t\t\t<div class=\"card__icon\">\n\t\t\t\t\t\t\t\t\t\t\t<svg width=\"32\" height=\"32\" viewBox=\"0 0 32 32\" fill=\"none\" xmlns=\"http:\/\/www.w3.org\/2000\/svg\">\n\t\t\t\t\t\t\t\t\t\t\t\t<path d=\"M5 16H27\" stroke=\"currentColor\" stroke-width=\"2\" stroke-linecap=\"round\" stroke-linejoin=\"round\"\/>\n\t\t\t\t\t\t\t\t\t\t\t\t<path d=\"M18 7L27 16L18 25\" stroke=\"currentColor\" stroke-width=\"2\" stroke-linecap=\"round\" stroke-linejoin=\"round\"\/>\n\t\t\t\t\t\t\t\t\t\t\t<\/svg>\n\t\t\t\t\t\t\t\t\t\t<\/div>\n\t\t\t\t\t\t\t\t\t<\/div>\n\t\t\t\t\t\t\t\t<\/div>\n\n\n\t\t\t\t\t\t<\/a>\n\t\t\t\t\t<\/article>\n\n\t\t\t\t\t\n\t\t\t\t\t<article id=\"post-43753\" class=\"hentry alignfull wp-block-group-media-text\">\n\t\t\t\t\t\t<a class=\"wp-block-group__inner-container card relative block py-8 md:py-10\" href=\"https:\/\/cryomed.pro\/fr\/business\/services\/vorte-livraison\/\" title=\"Votre livraison\" aria-label=\"Votre livraison\">\n\n\n\t\t\t\t\t\t\t\t<div class=\"card__body flex flex-col md:flex-row\">\n\t\t\t\t\t\t\t\t\t<div class=\"flex-none\">\n\n\t\t\t\t\t\t\t\t\t\t<h2 class=\"card__title text-navy font-light mb-5 md:mb-0 md:mt-3 xl:mt-5\">Votre livraison<\/h2>\n\t\t\t\t\t\t\t\t\t<\/div>\n\n\t\t\t\t\t\t\t\t\t<div class=\"flex-grow flex items-center md:ml-10 md:mr-auto\">\n\t\t\t\t\t\t\t\t\t\t<div class=\"card__text text-current mb-0\">\n\n\t\t\t\t\t\t\t\t\t\t\t<p>Nous sommes en mesure de vous livrer en tout endroit, quel que soit votre lieu d\u2019installation (ville ou campagne, r\u00e9gion ou pays)<\/p>\n\n\t\t\t\t\t\t\t\t\t\t<\/div>\n\t\t\t\t\t\t\t\t\t<\/div>\n\n\t\t\t\t\t\t\t\t\t<div class=\"absolute -top-2 right-0 md:static flex-none flex items-center md:ml-10\">\n\t\t\t\t\t\t\t\t\t\t<div class=\"card__icon\">\n\t\t\t\t\t\t\t\t\t\t\t<svg width=\"32\" height=\"32\" viewBox=\"0 0 32 32\" fill=\"none\" xmlns=\"http:\/\/www.w3.org\/2000\/svg\">\n\t\t\t\t\t\t\t\t\t\t\t\t<path d=\"M5 16H27\" stroke=\"currentColor\" stroke-width=\"2\" stroke-linecap=\"round\" stroke-linejoin=\"round\"\/>\n\t\t\t\t\t\t\t\t\t\t\t\t<path d=\"M18 7L27 16L18 25\" stroke=\"currentColor\" stroke-width=\"2\" stroke-linecap=\"round\" stroke-linejoin=\"round\"\/>\n\t\t\t\t\t\t\t\t\t\t\t<\/svg>\n\t\t\t\t\t\t\t\t\t\t<\/div>\n\t\t\t\t\t\t\t\t\t<\/div>\n\t\t\t\t\t\t\t\t<\/div>\n\n\n\t\t\t\t\t\t<\/a>\n\t\t\t\t\t<\/article>\n\n\t\t\t\t\t\n\t\t<\/div>\n\t<\/section>\n\n\t\n\n<section class=\"section entry-content\">\n  <div class=\"hentry alignfull wp-block-group-media-text\">\n\t<header class=\"wp-block-group__inner-container section__header text-center\">\n\t  <h2 class=\"section__title\">Business Locations<\/h2>\n\t<\/header>\n\t<div class=\"wp-block-group__inner-container section-row\">\n\t\t<p>Cryomed partners around the world do cryo businesses in various locations, but the most successful new ones are those with a fitness business nearby.<\/p>\n\t\t<p>Cryomed has distributors in 24 countries around the world and we expect the number of companies starting cryotherapy or wellness businesses to increase significantly in the coming years.<\/p>\n\t\t<p>To date, we have installed 1800 cryosaunas in 70 countries, and these numbers are increasing every year.<\/p>\n\t  <\/div>\n\t<\/div>\n<\/section>\n\n<section class=\"section\">\n  <div class=\"container\">\n\t<header class=\"wp-block-group__inner-container section__header text-center\">\n\t  <h3 class=\"section__title\">Where You Can Find <br> Cryo Businesses With Our Equipment?<\/h3>\n\t<\/header>\n\t<div class=\"section-row wp-block-columns ml-3\">\n\t\t  <div class=\"wp-block-column\">\n\t\t\t<ul>\n\t\t\t  <li>Australia, New Zealand<\/li>\n\t\t\t  <li>Brazil<\/li>\n\t\t\t  <li>Belgium<\/li>\n\t\t\t  <li>Canada<\/li>\n\t\t\t  <li>Chez Republic<\/li>\n\t\t\t  <li>Croatia<\/li>\n\t\t\t  <li>Egypt<\/li>\n\t\t\t  <li>Estonia<\/li>\n\t\t\t  <li>France<\/li>\n\t\t\t  <li>Germany<\/li>\n\t\t\t<\/ul>\n\t\t  <\/div>\n\t\t  <div class=\"wp-block-column\">\n\t\t\t<ul>\n\t\t\t  <li>Greece<\/li>\n\t\t\t  <li>Hungary<\/li>\n\t\t\t  <li>Israel<\/li>\n\t\t\t  <li>Italy<\/li>\n\t\t\t  <li>Japan<\/li>\n\t\t\t  <li>Mexico<\/li>\n\t\t\t  <li>Netherlands<\/li>\n\t\t\t  <li>Poland<\/li>\n\t\t\t  <li>Portugal<\/li>\n\t\t\t  <li>Romania<\/li>\n\t\t\t<\/ul>\n\t\t  <\/div>\n\t\t  <div class=\"wp-block-column\">\n\t\t\t<ul>\n\t\t\t  <li>Russia<\/li>\n\t\t\t  <li>Slovenia<\/li>\n\t\t\t  <li>South Africa<\/li>\n\t\t\t  <li>Sweden<\/li>\n\t\t\t  <li>Switzerland<\/li>\n\t\t\t  <li>Taiwan<\/li>\n\t\t\t  <li>UK (London, Liverpool, Manchester, etc.)<\/li>\n\t\t\t  <li>USA (New York, Los Angeles, Scottsdale, Nevada, etc.)<\/li>\n\t\t\t<\/ul>\n\t\t  <\/div>\n\t  <\/div>\n  <\/div>\n<\/section>\n\n<div class=\"wp-block-group alignfull wp-block-group-map\">\n\t<div class=\"container\">\n\t\t<div id=\"my-map\"><\/div>\n\t<\/div>\n<\/div>\n\n<section class=\"section entry-content\">\n  <div class=\"hentry alignfull wp-block-group-media-text\">\n\t<header class=\"wp-block-group__inner-container section__header text-center\">\n\t  <h2 class=\"section__title\">What Location To Choose For Your Cryo Business?<\/h2>\n\t<\/header>\n\t<div class=\"wp-block-group__inner-container section-row\">\n\t\t<p>If you are the owner of an established business, adding a cryosauna may be a good idea. All you need is free space for a cryo cabinet. By doing so, you'll broaden the list of services you can offer your clients and save money on renting premises for your cryo center.<\/p>\n\t\t<p>You won't avoid this cost if you want to open a cryo business from scratch. You'll need to find the best location for your business, taking into consideration both your competitors and complementary businesses. Fitness centers or beauty salons are good options to have nearby your cryo business.<\/p>\n\t  <\/div>\n\t<\/div>\n<\/section>\n\n\n<aside class=\"section section-cta\">\n\t<div class=\"xl:container\">\n\t\t<div class=\"card\">\n\n\t\t\t\n<div class=\"cp-glass cp-glass--primary\">\n\n\t<img loading=\"lazy\" decoding=\"async\" width=\"1920\" height=\"1280\" class=\"js-parallax\" src=\"https:\/\/cryomed.pro\/wp-content\/themes\/cryomed\/resources\/img\/1920x1280\/1.jpg\" alt=\"Votre livraison - photo\" title=\"Votre livraison\" \/>\n\t\t\t<div class=\"cp-glass-backdrop\"><\/div>\n\t<\/div>\n\n\t\t\t<div class=\"card__body\">\n\t\t\t\t<p class=\"card__title\">Start your cryotherapy business jointly the industry leader with the largest number of cryotherapy devices sold across the globe<\/p>\n\t\t\t\t<div class=\"flex flex-col flex-wrap items-center justify-center space-y-6 md:flex-row md:space-y-0 md:space-x-6 mt-10\">\n\n\t\t\t\t\t\n\t<button class=\"btn btn--large btn--white w-full md:w-auto\"\n\t\tdata-toggle=\"modal\"\n\t\tdata-type=\"contact-us\"\n\t\tdata-find=\"#modal-pills-price-tab\"\n\t\t>\n\n\t\tDemander un devis\t<\/button>\n\n\t\n\t<button class=\"btn btn--large btn--white w-full md:w-auto\"\n\t\tdata-toggle=\"modal\"\n\t\tdata-type=\"contact-us\"\n\t\tdata-find=\"#modal-pills-distributor-tab\"\n\t\t>\n\n\t\tDevenez distributeur\t<\/button>\n\n\t\n\t\t\t\t<\/div>\n\t\t\t<\/div>\n\t\t<\/div>\n\t<\/div>\n<\/aside>\n\n\n\n\n\n<p><\/p>\n","protected":false},"excerpt":{"rendered":"<p>Let\u2019s calculate the profitability of your cryotherapy business Average session time is 3 minutes. If you have at least 10 cryotherapy sessions per&hellip;<\/p>\n","protected":false},"author":1,"featured_media":0,"parent":43744,"menu_order":0,"comment_status":"closed","ping_status":"closed","template":"","meta":{"inline_featured_image":false,"footnotes":""},"class_list":["hentry"],"meta_box":[],"_links":{"self":[{"href":"https:\/\/cryomed.pro\/fr\/wp-json\/wp\/v2\/pages\/43773","targetHints":{"allow":["GET"]}}],"collection":[{"href":"https:\/\/cryomed.pro\/fr\/wp-json\/wp\/v2\/pages"}],"about":[{"href":"https:\/\/cryomed.pro\/fr\/wp-json\/wp\/v2\/types\/page"}],"author":[{"embeddable":true,"href":"https:\/\/cryomed.pro\/fr\/wp-json\/wp\/v2\/users\/1"}],"replies":[{"embeddable":true,"href":"https:\/\/cryomed.pro\/fr\/wp-json\/wp\/v2\/comments?post=43773"}],"version-history":[{"count":0,"href":"https:\/\/cryomed.pro\/fr\/wp-json\/wp\/v2\/pages\/43773\/revisions"}],"up":[{"embeddable":true,"href":"https:\/\/cryomed.pro\/fr\/wp-json\/wp\/v2\/pages\/43744"}],"wp:attachment":[{"href":"https:\/\/cryomed.pro\/fr\/wp-json\/wp\/v2\/media?parent=43773"}],"curies":[{"name":"wp","href":"https:\/\/api.w.org\/{rel}","templated":true}]}}