{"id":43734,"date":"2020-07-08T09:35:32","date_gmt":"2020-07-08T09:35:32","guid":{"rendered":"https:\/\/cryomed.pro\/cryotherapie\/in-sport\/"},"modified":"2025-07-03T04:13:33","modified_gmt":"2025-07-03T04:13:33","slug":"le-sport","status":"publish","type":"page","link":"https:\/\/cryomed.pro\/fr\/cryotherapie\/le-sport\/","title":{"rendered":"La cryoth\u00e9rapie dans le sport"},"content":{"rendered":"\n<div class=\"wp-block-group alignfull wp-block-group-media-text\"><div class=\"wp-block-group__inner-container is-layout-flow wp-block-group-is-layout-flow\">\n<div class=\"wp-block-columns alignwide is-layout-flex wp-container-core-columns-is-layout-9d6595d7 wp-block-columns-is-layout-flex\">\n<div class=\"wp-block-column is-layout-flow wp-block-column-is-layout-flow\">\n<h2 class=\"wp-block-heading\">How cryotherapy <br>in sport works?<\/h2>\n<\/div>\n\n\n\n<div class=\"wp-block-column is-layout-flow wp-block-column-is-layout-flow\">\n<h3 class=\"wp-block-heading\">Step 1: Sportsman enters the cryosauna<\/h3>\n\n\n\n<p>After entering the cryosauna, a cold flow of nitrogen and air mixture activates thermoreceptors in the skin. These start to send electrical impulses to the brain. The CNS identifies a state of threat. This activates a complex adaptive reaction focused on defending the body to survive in an extremely cold environment.<\/p>\n\n\n\n<h3 class=\"wp-block-heading\">Step 2: Vasoconstriction<\/h3>\n\n\n\n<p>The central nervous system sends signals to the muscles and vascular system, invoking contraction of muscles and narrowing of the blood vessels. This accelerates the flow of blood, nutrition and other resources from peripheral body parts to the body core.<\/p>\n\n\n\n<h3 class=\"wp-block-heading\">Step 3: Detoxification and blood enrichment<\/h3>\n\n\n\n<p>In order to swiftly supply enough nutritional substances to core organs, the body starts hyperproduction to enrich blood with erythrocytes, oxygen, collagen and other essential substances. Metabolites and toxins are quickly degraded and eliminated.<\/p>\n\n\n\n<h3 class=\"wp-block-heading\">Step 4: Vasodilatation<\/h3>\n\n\n\n<p>After leaving the cryosauna, thermoreceptors recognize the return to normal environment, which triggers vasodilatation and the return of enriched blood to peripheral body parts. Nutritional substances transferred by blood are absorbed by peripheral systems \u2013 muscles, tissues, joints and skin.<\/p>\n<\/div>\n<\/div>\n<\/div><\/div>\n\n\n\n<div class=\"wp-block-group alignfull wp-block-group-media-text\"><div class=\"wp-block-group__inner-container is-layout-flow wp-block-group-is-layout-flow\">\n<div class=\"wp-block-columns alignwide is-layout-flex wp-container-core-columns-is-layout-9d6595d7 wp-block-columns-is-layout-flex\">\n<div class=\"wp-block-column is-layout-flow wp-block-column-is-layout-flow\">\n<figure class=\"wp-block-image size-large\"><img loading=\"lazy\" decoding=\"async\" width=\"540\" height=\"540\" src=\"\/wp-content\/uploads\/2021\/06\/Frame-11-5.png\" alt=\"Local cryotherapy in sport\" class=\"wp-image-5928\" srcset=\"https:\/\/cryomed.pro\/wp-content\/uploads\/2021\/06\/Frame-11-5.png 540w, https:\/\/cryomed.pro\/wp-content\/uploads\/2021\/06\/Frame-11-5-300x300.png 300w, https:\/\/cryomed.pro\/wp-content\/uploads\/2021\/06\/Frame-11-5-150x150.png 150w, https:\/\/cryomed.pro\/wp-content\/uploads\/2021\/06\/Frame-11-5-100x100.png 100w, https:\/\/cryomed.pro\/wp-content\/uploads\/2021\/06\/Frame-11-5-160x160.png 160w, https:\/\/cryomed.pro\/wp-content\/uploads\/2021\/06\/Frame-11-5-340x340.png 340w\" sizes=\"auto, (max-width: 540px) 100vw, 540px\" \/><figcaption class=\"wp-element-caption\">Local cryotherapy in sports<\/figcaption><\/figure>\n<\/div>\n\n\n\n<div class=\"wp-block-column is-layout-flow wp-block-column-is-layout-flow\">\n<h2 class=\"wp-block-heading\">Local cryotherapy <br>for sportsmen<\/h2>\n\n\n\n<p>Quick and lasting help for sports injuries.<\/p>\n\n\n\n<p>Health and full efficiency is the key to every athlete\u2019s success. Today\u2019s professional and also recreational sport can represent uncommon to extreme load to the human body. Small or more serious injuries can rarely be avoided. In case of more serious injuries of the musculoskeletal system, as well as microtrauma at higher load, local application of nitrogen stream as cold as -130 \u00b0C will eliminate pain and help with faster healing of tissues. In addition, nitrogen will help extending the range of motion and allow further recovery of the athlete. Reducing the pain also helps the patient to stay motivated in the recovery process and continue to exercise, which otherwise wouldn\u2019t be possible due to pain.<\/p>\n<\/div>\n<\/div>\n<\/div><\/div>\n\n\n\n<div class=\"wp-block-group alignfull wp-block-group-media-text wp-block-group-media-text--reverse\"><div class=\"wp-block-group__inner-container is-layout-flow wp-block-group-is-layout-flow\">\n<div class=\"wp-block-columns alignwide is-layout-flex wp-container-core-columns-is-layout-9d6595d7 wp-block-columns-is-layout-flex\">\n<div class=\"wp-block-column is-layout-flow wp-block-column-is-layout-flow\">\n<h2 class=\"wp-block-heading\">Whole-body cryotherapy <br>for sportsmen<\/h2>\n\n\n\n<p>Whole body cryotherapy is currently the most efficient and most comprehensive method of recovery and stimulation of the locomotive apparatus. Thanks to its distinctive recovery effect it is used by athletes, gyms and sports clubs around the globe. Juventus Turin, Udinese Calcio, Inter Milan, San Francisco 49ers and other top notch sport establishments have included cryosauna and cryotherapy in their training processes. Cryosauna represent an ideal ergonomic and effective solution for sport clubs, gyms, physiotherapy and recovery clinics, as well as individual athletes.<\/p>\n<\/div>\n\n\n\n<div class=\"wp-block-column is-layout-flow wp-block-column-is-layout-flow\">\n<figure class=\"wp-block-image size-large\"><img loading=\"lazy\" decoding=\"async\" width=\"540\" height=\"540\" src=\"\/wp-content\/uploads\/2021\/06\/Frame-11-6.png\" alt=\"Whole body cryotherapy in sport\" class=\"wp-image-5947\" srcset=\"https:\/\/cryomed.pro\/wp-content\/uploads\/2021\/06\/Frame-11-6.png 540w, https:\/\/cryomed.pro\/wp-content\/uploads\/2021\/06\/Frame-11-6-300x300.png 300w, https:\/\/cryomed.pro\/wp-content\/uploads\/2021\/06\/Frame-11-6-150x150.png 150w, https:\/\/cryomed.pro\/wp-content\/uploads\/2021\/06\/Frame-11-6-100x100.png 100w, https:\/\/cryomed.pro\/wp-content\/uploads\/2021\/06\/Frame-11-6-160x160.png 160w, https:\/\/cryomed.pro\/wp-content\/uploads\/2021\/06\/Frame-11-6-340x340.png 340w\" sizes=\"auto, (max-width: 540px) 100vw, 540px\" \/><figcaption class=\"wp-element-caption\">Whole body cryotherapy in sport<\/figcaption><\/figure>\n<\/div>\n<\/div>\n<\/div><\/div>\n\n\n\n<div class=\"wp-block-group alignfull wp-block-group-media-text\"><div class=\"wp-block-group__inner-container is-layout-flow wp-block-group-is-layout-flow\">\n<div class=\"wp-block-columns alignwide is-layout-flex wp-container-core-columns-is-layout-9d6595d7 wp-block-columns-is-layout-flex\">\n<div class=\"wp-block-column is-layout-flow wp-block-column-is-layout-flow\">\n<figure class=\"wp-block-image size-large\"><img loading=\"lazy\" decoding=\"async\" width=\"540\" height=\"540\" src=\"\/wp-content\/uploads\/2021\/06\/professor-1.png\" alt=\"Cryotherapy procedure for sportsmen\" class=\"wp-image-5966\" srcset=\"https:\/\/cryomed.pro\/wp-content\/uploads\/2021\/06\/professor-1.png 540w, https:\/\/cryomed.pro\/wp-content\/uploads\/2021\/06\/professor-1-300x300.png 300w, https:\/\/cryomed.pro\/wp-content\/uploads\/2021\/06\/professor-1-150x150.png 150w, https:\/\/cryomed.pro\/wp-content\/uploads\/2021\/06\/professor-1-100x100.png 100w, https:\/\/cryomed.pro\/wp-content\/uploads\/2021\/06\/professor-1-160x160.png 160w, https:\/\/cryomed.pro\/wp-content\/uploads\/2021\/06\/professor-1-340x340.png 340w\" sizes=\"auto, (max-width: 540px) 100vw, 540px\" \/><figcaption class=\"wp-element-caption\">Cryotherapy procedure for sportsmen<\/figcaption><\/figure>\n<\/div>\n\n\n\n<div class=\"wp-block-column is-layout-flow wp-block-column-is-layout-flow\">\n<h2 class=\"wp-block-heading\">Cryotherapy procedure <br>for sportsmen<\/h2>\n\n\n\n<p>Within a 2-3 minutes long procedure in a cryosauna, the human body is rapidly exposed to extremely low temperature of about -130\u00b0C. To support the effect of cryotherapy, we recommend additional 15-20 minutes of kinesiotherapy on a stationary bicycle, or similar aerobic exercise after the procedure.<\/p>\n\n\n\n<p>In addition to the already described stimulation and recovery effect on muscles and the whole locomotive apparatus, increased production of beta-endorphins inducing a feeling of happiness and boost of activity. This feeling of motivation and positive encouragement, and also higher resistance to load thanks to the analgesic effect, will persist 3 \u2013 5 hours after the procedure.<\/p>\n<\/div>\n<\/div>\n<\/div><\/div>\n\n\n\n<aside class=\"section section-cta\">\n\t<div class=\"xl:container\">\n\t\t<div class=\"card\">\n\n\t\t\t\n<div class=\"cp-glass cp-glass--primary\">\n\n\t<img loading=\"lazy\" decoding=\"async\" width=\"1920\" height=\"1280\" class=\"js-parallax\" src=\"https:\/\/cryomed.pro\/wp-content\/themes\/cryomed\/resources\/img\/1920x1280\/1.jpg\" alt=\"La cryoth\u00e9rapie dans le sport - photo\" title=\"La cryoth\u00e9rapie dans le sport\" \/>\n\t\t\t<div class=\"cp-glass-backdrop\"><\/div>\n\t<\/div>\n\n\t\t\t<div class=\"card__body\">\n\t\t\t\t<p class=\"card__title\">Equipez-vous chez le leader mondial de la cryoth\u00e9rapie avec plus de 2 000 dispositifs de cryoth\u00e9rapie install\u00e9s dans le monde<\/p>\n\t\t\t\t<div class=\"flex flex-col flex-wrap items-center justify-center space-y-6 md:flex-row md:space-y-0 md:space-x-6 mt-10\">\n\n\t\t\t\t\t\n\t<button class=\"btn btn--large btn--white w-full md:w-auto\"\n\t\tdata-toggle=\"modal\"\n\t\tdata-type=\"contact-us\"\n\t\tdata-find=\"#modal-pills-price-tab\"\n\t\t>\n\n\t\tDemander un devis\t<\/button>\n\n\t\n\t<button class=\"btn btn--large btn--white w-full md:w-auto\"\n\t\tdata-toggle=\"modal\"\n\t\tdata-type=\"contact-us\"\n\t\tdata-find=\"#modal-pills-distributor-tab\"\n\t\t>\n\n\t\tDevenez distributeur\t<\/button>\n\n\t\n\t\t\t\t<\/div>\n\t\t\t<\/div>\n\t\t<\/div>\n\t<\/div>\n<\/aside>\n\n\n\n\t<section class=\"section section-list-testimonials bg-light\">\n\t\t<div class=\"container\">\n\t\t\t<header class=\"section__header text-center\">\n\t\t\t\t<h2 class=\"section__title text-navy\">Sportsmen\u2019s reviews<\/h2>\n<!--\t\t\t\t\t-->                    \t\t\t<\/header>\n\n\t\t\t\n\t\t\t\t<div class=\"swiper-container swiper-container__thumbs\">\n\t\t\t\t\t<div class=\"swiper-wrapper flex justify-between\">\n\t\t\t\t\t\t\n\t\t\t\t\t\t\t<div class=\"swiper-slide mx-4 lg:mx-8\">\n\t\t\t\t\t\t\t\t<img loading=\"lazy\" decoding=\"async\" width=\"100\" height=\"100\" src=\"https:\/\/cryomed.pro\/wp-content\/uploads\/2021\/08\/cryo-sport-06-100x100.png\" class=\"attachment-100x100 size-100x100 wp-post-image\" alt=\"Basketball club Pie\u0161\u0165ansk\u00e9 \u010cajky, Slovak Vice Champion 2017\" srcset=\"https:\/\/cryomed.pro\/wp-content\/uploads\/2021\/08\/cryo-sport-06-100x100.png 100w, https:\/\/cryomed.pro\/wp-content\/uploads\/2021\/08\/cryo-sport-06-150x150.png 150w, https:\/\/cryomed.pro\/wp-content\/uploads\/2021\/08\/cryo-sport-06-160x160.png 160w, https:\/\/cryomed.pro\/wp-content\/uploads\/2021\/08\/cryo-sport-06-340x340.png 340w\" sizes=\"auto, (max-width: 100px) 100vw, 100px\" \/>\t\t\t\t\t\t\t<\/div>\n\n\t\t\t\t\t\t\n\t\t\t\t\t\t\t<div class=\"swiper-slide mx-4 lg:mx-8\">\n\t\t\t\t\t\t\t\t<img loading=\"lazy\" decoding=\"async\" width=\"100\" height=\"100\" src=\"https:\/\/cryomed.pro\/wp-content\/uploads\/2021\/08\/cryo-sport-04-100x100.png\" class=\"attachment-100x100 size-100x100 wp-post-image\" alt=\"Matej T\u00f3th, Slovak race walker, Olympic champion\" srcset=\"https:\/\/cryomed.pro\/wp-content\/uploads\/2021\/08\/cryo-sport-04-100x100.png 100w, https:\/\/cryomed.pro\/wp-content\/uploads\/2021\/08\/cryo-sport-04-150x150.png 150w, https:\/\/cryomed.pro\/wp-content\/uploads\/2021\/08\/cryo-sport-04-160x160.png 160w, https:\/\/cryomed.pro\/wp-content\/uploads\/2021\/08\/cryo-sport-04-340x340.png 340w\" sizes=\"auto, (max-width: 100px) 100vw, 100px\" \/>\t\t\t\t\t\t\t<\/div>\n\n\t\t\t\t\t\t\n\t\t\t\t\t\t\t<div class=\"swiper-slide mx-4 lg:mx-8\">\n\t\t\t\t\t\t\t\t<img loading=\"lazy\" decoding=\"async\" width=\"100\" height=\"100\" src=\"https:\/\/cryomed.pro\/wp-content\/uploads\/2021\/08\/cryo-sport-07-100x100.png\" class=\"attachment-100x100 size-100x100 wp-post-image\" alt=\"Martin Ot\u010den\u00e1\u0161, Biathlonist\" srcset=\"https:\/\/cryomed.pro\/wp-content\/uploads\/2021\/08\/cryo-sport-07-100x100.png 100w, https:\/\/cryomed.pro\/wp-content\/uploads\/2021\/08\/cryo-sport-07-150x150.png 150w, https:\/\/cryomed.pro\/wp-content\/uploads\/2021\/08\/cryo-sport-07-160x160.png 160w\" sizes=\"auto, (max-width: 100px) 100vw, 100px\" \/>\t\t\t\t\t\t\t<\/div>\n\n\t\t\t\t\t\t\n\t\t\t\t\t\t\t<div class=\"swiper-slide mx-4 lg:mx-8\">\n\t\t\t\t\t\t\t\t<img loading=\"lazy\" decoding=\"async\" width=\"100\" height=\"100\" src=\"https:\/\/cryomed.pro\/wp-content\/uploads\/2021\/08\/cryo-sport-05-e1586274764581-100x100.png\" class=\"attachment-100x100 size-100x100 wp-post-image\" alt=\"Tom\u00e1\u0161 Surov\u00fd, Ice Hockey\" srcset=\"https:\/\/cryomed.pro\/wp-content\/uploads\/2021\/08\/cryo-sport-05-e1586274764581-100x100.png 100w, https:\/\/cryomed.pro\/wp-content\/uploads\/2021\/08\/cryo-sport-05-e1586274764581-150x150.png 150w, https:\/\/cryomed.pro\/wp-content\/uploads\/2021\/08\/cryo-sport-05-e1586274764581-160x160.png 160w\" sizes=\"auto, (max-width: 100px) 100vw, 100px\" \/>\t\t\t\t\t\t\t<\/div>\n\n\t\t\t\t\t\t\t\t\t\t\t<\/div>\n\t\t\t\t<\/div>\n\n\t\t\t\t<div class=\"swiper-container swiper-container__slides\">\n\t\t\t\t\t<div class=\"swiper-wrapper\">\n\t\t\t\t\t\t\n\t\t\t\t\t\t\t<div class=\"swiper-slide\">\n\t\t\t\t\t\t\t\t<figure class=\"card\">\n\t\t\t\t\t\t\t\t\t<blockquote class=\"card__body\"><p>\u201cIn the club we\u2019re trying to create the most professional environment and the recovery of our players is our priority. We only have positive experience with Cryotherapy, since we have been using services of another cryotherapy provider in the past years in Piestany. When it came to have a cryosauna right in the Diplomat arena, we didn\u2019t hesitate and we are sure that this will have great benefits\u201d said Bronislava Borovi\u010dkov\u00e1, the club\u2019s CEO.<\/p>\n<p>\u201cFrom the physiotherapist\u2018s perspective, it\u2018s a great experience to work with a cryosauna directly in our premises where it is always available. The advantage is that we can better respond to situations when for example, increased fatigue occurs after a match or after a training cycle. I also feel great benefit in the cooperation between me and the main coach. We have clear rules on when whole body cryotherapy is applied, which further increases the overall effect of this therapy\u201d, Michal Nagaj, Physiotherapist for Pie\u0161\u0165ansk\u00e9 \u010cajky.<\/p>\n<p>\u201cMany reactions in the body are triggered, which start recovery processes in the body immediately after the therapy. In the next few hours these processes will reduce total fatigue or help to heal, for example, muscle structures, thereby increasing prevention of injury. The players are therefore ready again for the full performance that is required in professional sports\u201d, Michal Nagaj describes the effect of whole-body cryotherapy.<\/p>\n<\/blockquote>\n\n\t\t\t\t\t\t\t\t\t<footer class=\"card__footer mb-6 lg:mb-10\">\n\n\t\t\t\t\t\t\t\t\t\t<cite class=\"author\">Cryotherapy in Basketball: Basketball club Pie\u0161\u0165ansk\u00e9 \u010cajky<\/cite>\n\t\t\t\t\t\t\t\t\t\t<cite class=\"company\">Basketball club Pie\u0161\u0165ansk\u00e9 \u010cajky, Slovak Vice Champion 2017<\/cite>\n\t\t\t\t\t\t\t\t\t<\/footer>\n\t\t\t\t\t\t\t\t<\/figure>\n\t\t\t\t\t\t\t<\/div>\n\t\t\t\t\t\t\n\t\t\t\t\t\t\t<div class=\"swiper-slide\">\n\t\t\t\t\t\t\t\t<figure class=\"card\">\n\t\t\t\t\t\t\t\t\t<blockquote class=\"card__body\"><p>\u201cMy experience with cryotherapy is extensive. It has become a regular part of my year-round preparation. I take at least three 10-course treatments during the year, most often in October-March and in June. It serves as a method of recovery after a demanding training block. It doesn\u2019t take much time and does not exhaust as much as cold water therapy or ice bath. In addition, the pleasant feeling thanks to endorphins motivates me to train more and of course it accelerates recovery and eliminates fatigue. In case of muscle injuries I use local cryotherapy. Thanks to this I was able to take part in the London Olympics after tibial tendon inflammation!\u201d<\/p>\n<\/blockquote>\n\n\t\t\t\t\t\t\t\t\t<footer class=\"card__footer mb-6 lg:mb-10\">\n\n\t\t\t\t\t\t\t\t\t\t<cite class=\"author\">Cryotherapy in Athletics: Matej T\u00f3th<\/cite>\n\t\t\t\t\t\t\t\t\t\t<cite class=\"company\">Matej T\u00f3th, Slovak race walker, Olympic champion<\/cite>\n\t\t\t\t\t\t\t\t\t<\/footer>\n\t\t\t\t\t\t\t\t<\/figure>\n\t\t\t\t\t\t\t<\/div>\n\t\t\t\t\t\t\n\t\t\t\t\t\t\t<div class=\"swiper-slide\">\n\t\t\t\t\t\t\t\t<figure class=\"card\">\n\t\t\t\t\t\t\t\t\t<blockquote class=\"card__body\"><p>\u201cI have long term positive experience with cryotherapy as an athlete. I first tried it in 2005 after several muscle injuries, when it helped me in my convalescence. Since 2012 I\u2019ve been taking 10 course treatments during my summer preparation, which helps me to cope with demanding trainings by accelerating recovery and relaxation of the muscles. I take another 10 course treatment before the start of the main season, before winter, to boost my immune system and to help overall recovery of muscles and tendons after the training period\u201d.<\/p>\n<\/blockquote>\n\n\t\t\t\t\t\t\t\t\t<footer class=\"card__footer mb-6 lg:mb-10\">\n\n\t\t\t\t\t\t\t\t\t\t<cite class=\"author\">Cryotherapy in Biathlon: Martin Ot\u010den\u00e1\u0161<\/cite>\n\t\t\t\t\t\t\t\t\t\t<cite class=\"company\">Martin Ot\u010den\u00e1\u0161, Biathlonist<\/cite>\n\t\t\t\t\t\t\t\t\t<\/footer>\n\t\t\t\t\t\t\t\t<\/figure>\n\t\t\t\t\t\t\t<\/div>\n\t\t\t\t\t\t\n\t\t\t\t\t\t\t<div class=\"swiper-slide\">\n\t\t\t\t\t\t\t\t<figure class=\"card\">\n\t\t\t\t\t\t\t\t\t<blockquote class=\"card__body\"><p>\u201cI\u2019ve been using cryotherapy for the last 5 years as an integral part of recovery between matches 3-4 times a week. Thanks to it I feel less tired and more motivated for training, I feel so healthy. It also helps me to avoid fatigue injuries and if a small injury happens, I use local cryotherapy treatment immediately with cryophen\u201d.<\/p>\n<\/blockquote>\n\n\t\t\t\t\t\t\t\t\t<footer class=\"card__footer mb-6 lg:mb-10\">\n\n\t\t\t\t\t\t\t\t\t\t<cite class=\"author\">Cryotherapy in Hockey: Tom\u00e1\u0161 Surov\u00fd<\/cite>\n\t\t\t\t\t\t\t\t\t\t<cite class=\"company\">Tom\u00e1\u0161 Surov\u00fd, Ice Hockey<\/cite>\n\t\t\t\t\t\t\t\t\t<\/footer>\n\t\t\t\t\t\t\t\t<\/figure>\n\t\t\t\t\t\t\t<\/div>\n\t\t\t\t\t\t\t\t\t\t\t<\/div>\n\t\t\t\t<\/div>\n\t\t\t\t\t<\/div>\n\t<\/section>\n\n\t\n","protected":false},"excerpt":{"rendered":"<p>La cryoth\u00e9rapie est un outil remarquable de r\u00e9cup\u00e9ration, utilis\u00e9 \u00e0 la fois par les sportifs professionnels et amateurs. Elle acc\u00e9l\u00e8re le m\u00e9tabolisme et augmente les performances, jusqu&#8217;\u00e0 40 % selon certaines \u00e9tudes.<\/p>\n","protected":false},"author":1,"featured_media":6770,"parent":43732,"menu_order":2,"comment_status":"closed","ping_status":"closed","template":"","meta":{"inline_featured_image":false,"footnotes":""},"class_list":["hentry","has-post-thumbnail"],"meta_box":[],"_links":{"self":[{"href":"https:\/\/cryomed.pro\/fr\/wp-json\/wp\/v2\/pages\/43734","targetHints":{"allow":["GET"]}}],"collection":[{"href":"https:\/\/cryomed.pro\/fr\/wp-json\/wp\/v2\/pages"}],"about":[{"href":"https:\/\/cryomed.pro\/fr\/wp-json\/wp\/v2\/types\/page"}],"author":[{"embeddable":true,"href":"https:\/\/cryomed.pro\/fr\/wp-json\/wp\/v2\/users\/1"}],"replies":[{"embeddable":true,"href":"https:\/\/cryomed.pro\/fr\/wp-json\/wp\/v2\/comments?post=43734"}],"version-history":[{"count":2,"href":"https:\/\/cryomed.pro\/fr\/wp-json\/wp\/v2\/pages\/43734\/revisions"}],"predecessor-version":[{"id":107550,"href":"https:\/\/cryomed.pro\/fr\/wp-json\/wp\/v2\/pages\/43734\/revisions\/107550"}],"up":[{"embeddable":true,"href":"https:\/\/cryomed.pro\/fr\/wp-json\/wp\/v2\/pages\/43732"}],"wp:featuredmedia":[{"embeddable":true,"href":"https:\/\/cryomed.pro\/fr\/wp-json\/wp\/v2\/media\/6770"}],"wp:attachment":[{"href":"https:\/\/cryomed.pro\/fr\/wp-json\/wp\/v2\/media?parent=43734"}],"curies":[{"name":"wp","href":"https:\/\/api.w.org\/{rel}","templated":true}]}}