{"id":43732,"date":"2020-08-07T14:28:24","date_gmt":"2020-08-07T14:28:24","guid":{"rendered":"https:\/\/cryomed.pro\/cryotherapy\/"},"modified":"2024-10-04T02:07:33","modified_gmt":"2024-10-04T02:07:33","slug":"cryotherapie","status":"publish","type":"page","link":"https:\/\/cryomed.pro\/fr\/cryotherapie\/","title":{"rendered":"\u0421ryoth\u00e9rapie"},"content":{"rendered":"\n<div class=\"wp-block-group alignfull wp-block-group-benefits-of-cryotherapy\"><div class=\"wp-block-group__inner-container is-layout-flow wp-block-group-is-layout-flow\">\n<h2 class=\"wp-block-heading\">Benefits of cryotherapy<\/h2>\n\n\n\n<p>The positive effects of cryotherapy could not be ignored. Today millions of people around the world could experience the amazing revitalizing capabilities of cryotherapy in cryo-centers, clinics, wellness and spa salons, and other treatment and rehabilitation institutions.<\/p>\n\n\n\n<figure class=\"wp-block-table is-style-regular\"><table class=\"has-fixed-layout\"><tbody><tr><td>Pain relief and muscle healing<\/td><td>Reduced inflammation<\/td><\/tr><tr><td>Improving symptoms of <br>eczema and other skin <br>conditions (acne, psoriasis, etc.)<\/td><td>Immune system stimulation<\/td><\/tr><tr><td>Reducing anxiety and depression<\/td><td>Improving sleeping disorders<\/td><\/tr><tr><td>Weight-loss and anti-aging effect<\/td><td>And many others<\/td><\/tr><\/tbody><\/table><figcaption class=\"wp-element-caption\">Top 8 undeniable benefits of cryotherapy for everyone<\/figcaption><\/figure>\n\n\n\n<p><\/p>\n<\/div><\/div>\n\n\n\n<div class=\"wp-block-group alignfull wp-block-group-media-text\"><div class=\"wp-block-group__inner-container is-layout-flow wp-block-group-is-layout-flow\">\n<div class=\"wp-block-columns alignwide is-layout-flex wp-container-core-columns-is-layout-9d6595d7 wp-block-columns-is-layout-flex\">\n<div class=\"wp-block-column is-layout-flow wp-block-column-is-layout-flow\">\n<figure class=\"wp-block-image size-large\"><img loading=\"lazy\" decoding=\"async\" width=\"540\" height=\"540\" src=\"\/wp-content\/uploads\/2021\/06\/Frame-11.png\" alt=\"Cryotherapy\" class=\"wp-image-5833\" title=\"Cryotherapy\" srcset=\"https:\/\/cryomed.pro\/wp-content\/uploads\/2021\/06\/Frame-11.png 540w, https:\/\/cryomed.pro\/wp-content\/uploads\/2021\/06\/Frame-11-300x300.png 300w, https:\/\/cryomed.pro\/wp-content\/uploads\/2021\/06\/Frame-11-150x150.png 150w, https:\/\/cryomed.pro\/wp-content\/uploads\/2021\/06\/Frame-11-100x100.png 100w, https:\/\/cryomed.pro\/wp-content\/uploads\/2021\/06\/Frame-11-160x160.png 160w, https:\/\/cryomed.pro\/wp-content\/uploads\/2021\/06\/Frame-11-340x340.png 340w\" sizes=\"auto, (max-width: 540px) 100vw, 540px\" \/><figcaption class=\"wp-element-caption\">What are the advantages of <br>whole-body and local cryotherapy?<\/figcaption><\/figure>\n<\/div>\n\n\n\n<div class=\"wp-block-column is-layout-flow wp-block-column-is-layout-flow\">\n<h2 class=\"wp-block-heading\"><a title=\"Whole body cryotherapy\" href=\"https:\/\/cryomed.pro\/cryotherapy\/full-body-cryotherapy\/\">Whole-body<\/a> and local <br>cryotherapy<\/h2>\n\n\n\n<p>Depending on your needs, you can use <a href=\"https:\/\/cryomed.pro\/cryotherapy\/full-body-cryotherapy\/\" data-type=\"URL\" data-id=\"\/cryotherapy\/full-body-cryotherapy\/\">whole-body<\/a> or <a href=\"https:\/\/cryomed.pro\/cryotherapy\/local\/\" data-type=\"URL\" data-id=\"\/cryotherapy\/local\/\">local cryotherapy<\/a>.<\/p>\n\n\n\n<p>The main difference between them is that during <a href=\"https:\/\/cryomed.pro\/cryotherapy\/full-body-cryotherapy\/\" data-type=\"URL\" data-id=\"\/cryotherapy\/full-body-cryotherapy\/\">whole-body cryotherapy<\/a> sessions the full patients\u2019 body (except the head, talking about cryosauna) is affected by extremely cold temperatures. The concept of local cryotherapy is based on the short-term application of extremely low temperatures to a particular area of a patient\u2019s body (for example, face, knee, or elbow).<\/p>\n\n\n\n<p>Both in full body and local cryotherapy works as a reducer of the sensitivity of skin receptors and conductivity of nerve fibers, and results in a noticeable anesthetic effect; at the same time improves blood circulation and oxygenating.<\/p>\n<\/div>\n<\/div>\n<\/div><\/div>\n\n\n\n<div class=\"wp-block-group alignfull wp-block-group-media-text wp-block-group-media-text--reverse\"><div class=\"wp-block-group__inner-container is-layout-flow wp-block-group-is-layout-flow\">\n<div class=\"wp-block-columns alignwide is-layout-flex wp-container-core-columns-is-layout-9d6595d7 wp-block-columns-is-layout-flex\">\n<div class=\"wp-block-column is-layout-flow wp-block-column-is-layout-flow\">\n<h2 class=\"wp-block-heading\">Cryo industries<\/h2>\n\n\n\n<p>There are 3 major targets of people that are benefit from cryotherapy:<\/p>\n\n\n\n<p>First of all, it is athletes, as well as fitness professionals. <a href=\"https:\/\/cryomed.pro\/cryotherapy\/in-sport\/\" data-type=\"URL\" data-id=\"\/cryotherapy\/in-sport\/\">Sports cryotherapy<\/a> has firmly established its position among the must-have elements of sports medicine. This equipment is used both for treating traumas immediately after matches and for longer periods of recovery and rehabilitation between matches and even seasons<\/p>\n\n\n\n<p>Second group of interest is <a href=\"https:\/\/cryomed.pro\/cryotherapy\/in-medicine\/\" data-type=\"URL\" data-id=\"\/cryotherapy\/in-medicine\/\">medical centers<\/a>. Cryosauna represents an ideal ergonomic and effective solution for hospitals, orthopedic, rheumatologic or rehabilitation centers.<\/p>\n\n\n\n<p>And the last \u2013 cryotherapy and <a href=\"https:\/\/cryomed.pro\/cryotherapy\/in-beauty\/\" data-type=\"URL\" data-id=\"\/cryotherapy\/in-beauty\/\">beauty centers<\/a>. People who are interested in anti-ageing, weight loss, acne treatments, fatigue reducement and other pleasant \u201cside effects\u201d of cryotherapy.<\/p>\n<\/div>\n\n\n\n<div class=\"wp-block-column is-layout-flow wp-block-column-is-layout-flow\">\n<figure class=\"wp-block-image size-large\"><img loading=\"lazy\" decoding=\"async\" width=\"540\" height=\"540\" src=\"\/wp-content\/uploads\/2021\/06\/Frame-11-2.png\" alt=\"Cryotherapy benefits\" class=\"wp-image-5852\" title=\"Cryotherapy benefits\" srcset=\"https:\/\/cryomed.pro\/wp-content\/uploads\/2021\/06\/Frame-11-2.png 540w, https:\/\/cryomed.pro\/wp-content\/uploads\/2021\/06\/Frame-11-2-300x300.png 300w, https:\/\/cryomed.pro\/wp-content\/uploads\/2021\/06\/Frame-11-2-150x150.png 150w, https:\/\/cryomed.pro\/wp-content\/uploads\/2021\/06\/Frame-11-2-100x100.png 100w, https:\/\/cryomed.pro\/wp-content\/uploads\/2021\/06\/Frame-11-2-160x160.png 160w, https:\/\/cryomed.pro\/wp-content\/uploads\/2021\/06\/Frame-11-2-340x340.png 340w\" sizes=\"auto, (max-width: 540px) 100vw, 540px\" \/><figcaption class=\"wp-element-caption\">Which industries prefer cryotherapy as a service because of its undeniable benefits?<\/figcaption><\/figure>\n<\/div>\n<\/div>\n<\/div><\/div>\n\n\n\n<aside class=\"section section-cta\">\n\t<div class=\"xl:container\">\n\t\t<div class=\"card\">\n\n\t\t\t\n<div class=\"cp-glass cp-glass--primary\">\n\n\t<img loading=\"lazy\" decoding=\"async\" width=\"1920\" height=\"1280\" class=\"js-parallax\" src=\"https:\/\/cryomed.pro\/wp-content\/themes\/cryomed\/resources\/img\/1920x1280\/1.jpg\" alt=\"\u0421ryoth\u00e9rapie - photo\" title=\"\u0421ryoth\u00e9rapie\" \/>\n\t\t\t<div class=\"cp-glass-backdrop\"><\/div>\n\t<\/div>\n\n\t\t\t<div class=\"card__body\">\n\t\t\t\t<p class=\"card__title\">Equipez-vous chez le leader mondial de la cryoth\u00e9rapie avec plus de 2 000 dispositifs de cryoth\u00e9rapie install\u00e9s dans le monde<\/p>\n\t\t\t\t<div class=\"flex flex-col flex-wrap items-center justify-center space-y-6 md:flex-row md:space-y-0 md:space-x-6 mt-10\">\n\n\t\t\t\t\t\n\t<button class=\"btn btn--large btn--white w-full md:w-auto\"\n\t\tdata-toggle=\"modal\"\n\t\tdata-type=\"contact-us\"\n\t\tdata-find=\"#modal-pills-price-tab\"\n\t\t>\n\n\t\tDemander un devis\t<\/button>\n\n\t\n\t<button class=\"btn btn--large btn--white w-full md:w-auto\"\n\t\tdata-toggle=\"modal\"\n\t\tdata-type=\"contact-us\"\n\t\tdata-find=\"#modal-pills-distributor-tab\"\n\t\t>\n\n\t\tDevenez distributeur\t<\/button>\n\n\t\n\t\t\t\t<\/div>\n\t\t\t<\/div>\n\t\t<\/div>\n\t<\/div>\n<\/aside>\n\n\n","protected":false},"excerpt":{"rendered":"<p>La cryoth\u00e9rapie corps entier est une technique qui consiste \u00e0 exposer le corps \u00e0 des temp\u00e9ratures extr\u00eamement basses, allant de -110\u00b0C \u00e0 -195\u00b0C pendant 1 \u00e0 3 minutes, pour g\u00e9n\u00e9rer un choc thermique, et le faire r\u00e9agir.<\/p>\n","protected":false},"author":1,"featured_media":12173,"parent":0,"menu_order":0,"comment_status":"closed","ping_status":"closed","template":"","meta":{"inline_featured_image":false,"footnotes":""},"class_list":["hentry","has-post-thumbnail"],"meta_box":[],"_links":{"self":[{"href":"https:\/\/cryomed.pro\/fr\/wp-json\/wp\/v2\/pages\/43732","targetHints":{"allow":["GET"]}}],"collection":[{"href":"https:\/\/cryomed.pro\/fr\/wp-json\/wp\/v2\/pages"}],"about":[{"href":"https:\/\/cryomed.pro\/fr\/wp-json\/wp\/v2\/types\/page"}],"author":[{"embeddable":true,"href":"https:\/\/cryomed.pro\/fr\/wp-json\/wp\/v2\/users\/1"}],"replies":[{"embeddable":true,"href":"https:\/\/cryomed.pro\/fr\/wp-json\/wp\/v2\/comments?post=43732"}],"version-history":[{"count":0,"href":"https:\/\/cryomed.pro\/fr\/wp-json\/wp\/v2\/pages\/43732\/revisions"}],"wp:featuredmedia":[{"embeddable":true,"href":"https:\/\/cryomed.pro\/fr\/wp-json\/wp\/v2\/media\/12173"}],"wp:attachment":[{"href":"https:\/\/cryomed.pro\/fr\/wp-json\/wp\/v2\/media?parent=43732"}],"curies":[{"name":"wp","href":"https:\/\/api.w.org\/{rel}","templated":true}]}}