{"id":40136,"date":"2024-01-06T10:20:16","date_gmt":"2024-01-06T10:20:16","guid":{"rendered":"https:\/\/cryomed.pro\/cryotherapy-business-course\/"},"modified":"2024-10-29T20:49:10","modified_gmt":"2024-10-29T20:49:10","slug":"une-formation-hors-pair","status":"publish","type":"page","link":"https:\/\/cryomed.pro\/fr\/business\/services\/une-formation-hors-pair\/","title":{"rendered":"Une formation hors pair"},"content":{"rendered":"\n<p class=\"text-justify\">Pourquoi se lancer dans le business de la cryoth\u00e9rapie? La cryoth\u00e9rapie est la seule activit\u00e9 qui permette de gagner de 25 \u00e0 70\u20ac en 3 minutes de soin. Qu\u2019il s&#8217;agisse de sport, de sant\u00e9, de bien-\u00eatre ou de beaut\u00e9, la cryoth\u00e9rapie corps entier est une proposition de valeur unique, qui marquera votre diff\u00e9rence par rapport \u00e0 vos concurrents, et fid\u00e9lisera vos clients.<\/p>\n\n\n\n<p class=\"text-justify\">L\u2019\u00e9quipe Cryomed \u00e0 cr\u00e9\u00e9 un module de formation pour vous aider \u00e0 d\u00e9finir votre projet si vous lancez votre entreprise, vous proposer des solutions de diversification si vous souhaitez faire \u00e9voluer votre offre, et avoir tous les outils pour \u00e9laborer un parcours de soins efficaces et rentables imm\u00e9diatement.<\/p>\n\n\n\n<div style=\"height:50px\" aria-hidden=\"true\" class=\"wp-block-spacer\"><\/div>\n\n\n\n<div class=\"wp-block-group alignwide subscribe-color-block is-vertical is-content-justification-center is-layout-flex wp-container-core-group-is-layout-4b2eccd6 wp-block-group-is-layout-flex\">\n<h3 class=\"wp-block-heading has-text-align-center\"><strong>Pour cela, rien de plus simple, il vous suffit de vous abonner \u00e0 notre newsletter 101 Business de Cryoth\u00e9rapie, et recevez:<\/strong><\/h3>\n\n\n\n<div class=\"wp-block-columns is-layout-flex wp-container-core-columns-is-layout-9d6595d7 wp-block-columns-is-layout-flex\">\n<div class=\"wp-block-column is-layout-flow wp-block-column-is-layout-flow\" style=\"flex-basis:30%\">\n<h4 class=\"wp-block-heading has-text-align-center\">VOTRE PLAN D\u2019ACTION D\u00c9TAILL\u00c9<br>&nbsp;<\/h4>\n\n\n\n<hr class=\"wp-block-separator has-alpha-channel-opacity\" \/>\n\n\n\n<p>Vous serez guid\u00e9 \u00e0 chaque \u00e9tape, de votre lancement \u00e0 l\u2019exploitation de votre business<\/p>\n<\/div>\n\n\n\n<div class=\"wp-block-column is-layout-flow wp-block-column-is-layout-flow\" style=\"flex-basis:30%\">\n<h4 class=\"wp-block-heading has-text-align-center\">AVEC DES \u00c9TAPES SIMPLES ET FACILE \u00c0 SUIVRE<\/h4>\n\n\n\n<hr class=\"wp-block-separator has-alpha-channel-opacity\" \/>\n\n\n\n<ul class=\"wp-block-list\">\n<li>Pour d\u00e9finir votre strat\u00e9gie<\/li>\n\n\n\n<li>Identifier et cibler vos clients potentiels<\/li>\n\n\n\n<li>N\u00e9gocier vos tarifs d\u2019azote et choisir le bon fournisseur<\/li>\n\n\n\n<li>Faire conna\u00eetre votre centre et attirer de nouveaux clients<\/li>\n\n\n\n<li>Former vos \u00e9quipes&nbsp;&nbsp;<\/li>\n\n\n\n<li>Piloter votre business au quotidien<\/li>\n<\/ul>\n<\/div>\n\n\n\n<div class=\"wp-block-column is-layout-flow wp-block-column-is-layout-flow\" style=\"flex-basis:30%\">\n<h4 class=\"wp-block-heading has-text-align-center\">ET ESTIMER VOTRE RENTABILIT\u00c9<br>&nbsp;<\/h4>\n\n\n\n<hr class=\"wp-block-separator has-alpha-channel-opacity\" \/>\n\n\n\n<p>Votre chiffre d\u2019affaires et vos co\u00fbts (fixes et variables), en vous basant sur les exemples de nos clients<\/p>\n<\/div>\n<\/div>\n<\/div>\n\n\n\n<div style=\"height:50px\" aria-hidden=\"true\" class=\"wp-block-spacer\"><\/div>\n\n\n\n<h3 class=\"wp-block-heading has-text-align-center\"><strong>Pourquoi s\u2019abonner?<\/strong><\/h3>\n\n\n\n<ul class=\"wp-block-list\">\n<li>Pour gagner du temps et obtenir rapidement&nbsp; la r\u00e9ponse \u00e0 vos interrogations<\/li>\n\n\n\n<li>C\u2019est 100% gratuit<\/li>\n\n\n\n<li>L\u2019inscription est rapide: 1 formulaire \u00e0 remplir, et 1 inscription en 1 click<\/li>\n\n\n\n<li>Si vous avez d\u2019autres questions ou souhaitez \u00eatre form\u00e9 sur d\u2019autres th\u00e9matiques, envoyez-nous vos demandes, nous sommes l\u00e0 pour vous accompagner.<\/li>\n<\/ul>\n\n\n\n<p><strong>Vous pourrez \u00e9galement \u00e0 tout moment contacter directement nos \u00e9quipes, nous sommes \u00e0 l\u2019\u00e9coute de vos projets.<\/strong><\/p>\n\n\n\n<div style=\"height:50px\" aria-hidden=\"true\" class=\"wp-block-spacer\"><\/div>\n\n\n\n<div class=\"wp-block-group alignwide subscribe-form-block\" id=\"subscribe-form\"><div class=\"wp-block-group__inner-container is-layout-constrained wp-block-group-is-layout-constrained\">\n<h3 class=\"wp-block-heading has-text-align-center has-white-color has-text-color has-link-color wp-elements-ad2176f3b8ff517e1c691f11350337d6\"><strong>Alors \u00e0 vous de jouer<\/strong><\/h3>\n\n\n\n<div class=\"wp-block-contact-form-7-contact-form-selector\">\n<div class=\"wpcf7 no-js\" id=\"wpcf7-f40139-o1\" lang=\"fr-FR\" dir=\"ltr\" data-wpcf7-id=\"40139\">\n<div class=\"screen-reader-response\"><p role=\"status\" aria-live=\"polite\" aria-atomic=\"true\"><\/p> <ul><\/ul><\/div>\n<form action=\"\/fr\/wp-json\/wp\/v2\/pages\/40136#wpcf7-f40139-o1\" method=\"post\" class=\"wpcf7-form init form\" aria-label=\"Formulaire de contact\" novalidate=\"novalidate\" data-status=\"init\">\n<fieldset class=\"hidden-fields-container\"><input type=\"hidden\" name=\"_wpcf7\" value=\"40139\" \/><input type=\"hidden\" name=\"_wpcf7_version\" value=\"6.1.5\" \/><input type=\"hidden\" name=\"_wpcf7_locale\" value=\"fr_FR\" \/><input type=\"hidden\" name=\"_wpcf7_unit_tag\" value=\"wpcf7-f40139-o1\" \/><input type=\"hidden\" name=\"_wpcf7_container_post\" value=\"0\" \/><input type=\"hidden\" name=\"_wpcf7_posted_data_hash\" value=\"\" \/><input type=\"hidden\" name=\"_wpcf7_recaptcha_response\" value=\"\" \/>\n<\/fieldset>\n<div class=\"grid grid-cols-6 gap-10\">\n    <div class=\"col-span-6\">\n        <div class=\"form__group\">\n            <input size=\"40\" maxlength=\"400\" class=\"wpcf7-form-control wpcf7-text wpcf7-validates-as-required form__control\" id=\"rp-your-name\" aria-required=\"true\" aria-invalid=\"false\" placeholder=\"Name\" value=\"\" type=\"text\" name=\"your-name\" \/>\n            <label for=\"rp-your-name\">Your name<span class=\"is-reqiured\">*<\/span><\/label>\n        <\/div>\n    <\/div>\n    <div class=\"col-span-6\">\n        <div class=\"form__group\">\n            <input size=\"40\" maxlength=\"400\" class=\"wpcf7-form-control wpcf7-email wpcf7-validates-as-required wpcf7-text wpcf7-validates-as-email form__control\" id=\"rp-your-email\" aria-required=\"true\" aria-invalid=\"false\" placeholder=\"Your Email\" value=\"\" type=\"email\" name=\"your-email\" \/>\n            <label for=\"rp-your-email\">Your e-mail<span class=\"is-reqiured\">*<\/span><\/label>\n        <\/div>\n    <\/div>\n    <div class=\"col-span-6 lg:col-span-2\">\n        Do you run an existing business?\n    <\/div>\n    <div class=\"col-span-6 lg:col-span-4\">\n        <div class=\"form__group\">\n            <span class=\"wpcf7-form-control wpcf7-radio\"><span class=\"wpcf7-list-item first\"><label><input type=\"radio\" name=\"radio-334\" value=\"Yes\" checked=\"checked\" \/><span class=\"wpcf7-list-item-label\">Yes<\/span><\/label><\/span><span class=\"wpcf7-list-item last\"><label><input type=\"radio\" name=\"radio-334\" value=\"No\" \/><span class=\"wpcf7-list-item-label\">No<\/span><\/label><\/span><\/span>\n        <\/div>\n    <\/div>\n    <div class=\"col-span-6 lg:col-span-2\">\n        Industry you work in:\n    <\/div>\n    <div class=\"col-span-2 lg:col-span-4\">\n        <div class=\"form__group\">\n            <span class=\"wpcf7-form-control wpcf7-checkbox\"><span class=\"wpcf7-list-item first\"><label><input type=\"checkbox\" name=\"checkbox-155[]\" value=\"Wellness\" \/><span class=\"wpcf7-list-item-label\">Wellness<\/span><\/label><\/span><span class=\"wpcf7-list-item\"><label><input type=\"checkbox\" name=\"checkbox-155[]\" value=\"Beauty\" \/><span class=\"wpcf7-list-item-label\">Beauty<\/span><\/label><\/span><span class=\"wpcf7-list-item\"><label><input type=\"checkbox\" name=\"checkbox-155[]\" value=\"Sports\" \/><span class=\"wpcf7-list-item-label\">Sports<\/span><\/label><\/span><span class=\"wpcf7-list-item last\"><label><input type=\"checkbox\" name=\"checkbox-155[]\" value=\"Healthcare\" \/><span class=\"wpcf7-list-item-label\">Healthcare<\/span><\/label><\/span><\/span>\n        <\/div>\n        <div class=\"form__group\">\n            <input size=\"40\" maxlength=\"400\" class=\"wpcf7-form-control wpcf7-text form__control\" id=\"rp-other\" aria-invalid=\"false\" placeholder=\"Other\" value=\"\" type=\"text\" name=\"other\" \/>\n            <label for=\"rp-other\">Other<\/label>\n        <\/div>\n    <\/div>\n    <div class=\"col-span-6\">\n        <div class=\"form__group\">\n            <span class=\"wpcf7-form-control wpcf7-acceptance\"><span class=\"wpcf7-list-item\"><label><input type=\"checkbox\" name=\"your-consent\" value=\"1\" class=\"m-0\" aria-invalid=\"false\" \/><span class=\"wpcf7-list-item-label\">J'ai pris connaissance de la <a href=\"https:\/\/cryomed.pro\/privacy-policy\/\">Politique de Confidentialit\u00e9<\/a> et j'accepte de recevoir les derni\u00e8res informations et nouveaut\u00e9s de Cryomed. <\/span><\/label><\/span><\/span>\n        <\/div>\n    <\/div>\n    <div class=\"col-span-6\">\n        <input class=\"wpcf7-form-control wpcf7-hidden\" value=\"\" type=\"hidden\" name=\"hidId\" \/>\n        <input class=\"wpcf7-form-control wpcf7-hidden hidden\" value=\"\" type=\"hidden\" name=\"country-dial\" \/>\n        <input class=\"wpcf7-form-control wpcf7-hidden hidden\" value=\"\" type=\"hidden\" name=\"country-code\" \/>\n        <label for=\"wpcf7-69d6590ed0992-field\" class=\"hp-message\">Veuillez laisser ce champ vide.<\/label><input id=\"wpcf7-69d6590ed0992-field\"  class=\"wpcf7-form-control wpcf7-text hidden\" type=\"text\" name=\"honeypot-789\" value=\"\" size=\"40\" tabindex=\"-1\" autocomplete=\"new-password\" \/>\n        <input class=\"wpcf7-form-control wpcf7-submit has-spinner btn btn--blue btn--large w-full\" type=\"submit\" value=\"LET\u2019S GO\" \/>\n    <\/div>\n<\/div><input type=\"hidden\" id=\"ct_checkjs_cf7_14bfa6bb14875e45bba028a21ed38046\" name=\"ct_checkjs_cf7\" value=\"0\" \/><script >setTimeout(function(){var ct_input_name = \"ct_checkjs_cf7_14bfa6bb14875e45bba028a21ed38046\";if (document.getElementById(ct_input_name) !== null) {var ct_input_value = document.getElementById(ct_input_name).value;document.getElementById(ct_input_name).value = document.getElementById(ct_input_name).value.replace(ct_input_value, '1561205420');}}, 1000);<\/script><input\n                    class=\"apbct_special_field apbct_email_id__wp_contact_form_7\"\n                    name=\"apbct__email_id__wp_contact_form_7\"\n                    aria-label=\"apbct__label_id__wp_contact_form_7\"\n                    type=\"text\" size=\"30\" maxlength=\"200\" autocomplete=\"off\"\n                    value=\"\"\n                \/><div class=\"wpcf7-response-output\" aria-hidden=\"true\"><\/div>\n<\/form>\n<\/div>\n<\/div>\n<\/div><\/div>\n","protected":false},"excerpt":{"rendered":"<p>Un expert de la cryoth\u00e9rapie vous formera \u00e0 la prise en main de votre machine, et vous accompagnera dans votre pratique commerciale et votre d\u00e9marrage d\u2019activit\u00e9<\/p>\n","protected":false},"author":10,"featured_media":0,"parent":43746,"menu_order":1,"comment_status":"closed","ping_status":"closed","template":"","meta":{"inline_featured_image":false,"footnotes":""},"class_list":["hentry"],"meta_box":[],"_links":{"self":[{"href":"https:\/\/cryomed.pro\/fr\/wp-json\/wp\/v2\/pages\/40136","targetHints":{"allow":["GET"]}}],"collection":[{"href":"https:\/\/cryomed.pro\/fr\/wp-json\/wp\/v2\/pages"}],"about":[{"href":"https:\/\/cryomed.pro\/fr\/wp-json\/wp\/v2\/types\/page"}],"author":[{"embeddable":true,"href":"https:\/\/cryomed.pro\/fr\/wp-json\/wp\/v2\/users\/10"}],"replies":[{"embeddable":true,"href":"https:\/\/cryomed.pro\/fr\/wp-json\/wp\/v2\/comments?post=40136"}],"version-history":[{"count":0,"href":"https:\/\/cryomed.pro\/fr\/wp-json\/wp\/v2\/pages\/40136\/revisions"}],"up":[{"embeddable":true,"href":"https:\/\/cryomed.pro\/fr\/wp-json\/wp\/v2\/pages\/43746"}],"wp:attachment":[{"href":"https:\/\/cryomed.pro\/fr\/wp-json\/wp\/v2\/media?parent=40136"}],"curies":[{"name":"wp","href":"https:\/\/api.w.org\/{rel}","templated":true}]}}