{"id":39711,"date":"2020-08-07T14:38:55","date_gmt":"2020-08-07T14:38:55","guid":{"rendered":"https:\/\/cryomed.pro\/trade-in\/"},"modified":"2024-11-22T23:22:37","modified_gmt":"2024-11-22T23:22:37","slug":"trade-in","status":"publish","type":"page","link":"https:\/\/cryomed.pro\/fr\/business\/financement\/trade-in\/","title":{"rendered":"Faire \u00e9voluer"},"content":{"rendered":"<h2>Why to trade-in a cryotherapy chamber?<\/h2>\n<p>The cryosauna trade-in service from Cryomed is an excellent opportunity for owners of older cryotherapy equipment to upgrade their cryo chambers at a considerable discount.<\/p>\n<p>The cryotherapy machine trade-in service spares owners the trouble of having to locate potential buyers for their used equipment and ship it to them.<\/p>\n<h3>Cryotherapy machine trade-in conditions<\/h3>\n<p>As part of its unique cryo cabin trade-in program:<\/p>\n<ul>\n    <li>Cryomed will exchange used cryotherapy equipment from ANY manufacturer for a hefty 10-50% discount on any new Cryomed Pro or Cryomed Mini unit.<\/li>\n<\/ul>\n<ul>\n    <li>The size of the discount is based on the condition of the equipment being exchanged and will be determined by a professional assessment.<\/li>\n    <li>\u0421ryomed will take care of the logistics by picking up your used cryo chamber or any cryotherapy units upon delivering the new ones.<\/li>\n<\/ul>\n<p>\n    The cryo chamber trade-in service is a unique offer that applies to both <a href=\"https:\/\/cryomed.pro\/equipment\/cryosaunas\/cryomed-pro\/\" title=\"Cryomed Pro\">Cryomed Pro<\/a> (dewar or pressurized) and\n    <a href=\"https:\/\/cryomed.pro\/equipment\/cryosaunas\/cryomed-mini\/\" title=\"Cryomed Mini\">Cryomed Mini<\/a> (pressurized) cryosaunas and is only available for EU customers.\n<\/p>\n\n\n<div class=\"my-10\">\n\t<h2>Cryotherapy Machine Trade-In FAQ<\/h2>\n\t<div x-data=\"dataAccordion()\" x-init=\"init\" class=\"cp-accordion\">\n\t    <div class=\"cp-accordion__item\" data-node=\"item\">\n\t        <h5 class=\"cp-accordion__title\">\n\t            <button class=\"cp-accordion__button\" data-node=\"button\">Is it really about ANY old cryosauna of ANY manufacturer?<span class=\"cp-accordion__button-toggle\" data-node=\"toggle\"><\/span><\/button>\n\t        <\/h5>\n\t        <div class=\"cp-accordion__collapse\" data-node=\"collapse\" style=\"\">\n\t            <div class=\"cp-accordion__body\">\n\t                <div class=\"cp-accordion__text\">\n\t                    <p>Yes. You can use our trade-in option to exchange old\/used\/refurbished cryotherapy equipment from ANY manufacturer.<\/p>\n\t                <\/div>\n\t            <\/div>\n\t        <\/div>\n\t    <\/div>\n\t    <div class=\"cp-accordion__item\" data-node=\"item\">\n\t        <h5 class=\"cp-accordion__title\">\n\t            <button class=\"cp-accordion__button\" data-node=\"button\">Do you provide used cryosauna for sale?<span class=\"cp-accordion__button-toggle\" data-node=\"toggle\"><\/span><\/button>\n\t        <\/h5>\n\t        <div class=\"cp-accordion__collapse\" data-node=\"collapse\">\n\t            <div class=\"cp-accordion__body\">\n\t                <div class=\"cp-accordion__text\">\n\t                    <p>No. The cryosauna trade-in service from Cryomed is an excellent opportunity to upgrade YOUR used cryo chambers at a considerable discount.<\/p>\n\t                <\/div>\n\t            <\/div>\n\t        <\/div>\n\t    <\/div>\n\t    <div class=\"cp-accordion__item\" data-node=\"item\">\n\t        <h5 class=\"cp-accordion__title\">\n\t            <button class=\"cp-accordion__button\" data-node=\"button\">Are your cryosaunas refurbished?<span class=\"cp-accordion__button-toggle\" data-node=\"toggle\"><\/span><\/button>\n\t        <\/h5>\n\t        <div class=\"cp-accordion__collapse\" data-node=\"collapse\">\n\t            <div class=\"cp-accordion__body\">\n\t                <div class=\"cp-accordion__text\">\n\t                    <p>No. Cryomed provides new cryosaunas for every customer. You can take advantage of our offer about trade-in for your older cryotherapy equipment right now!<\/p>\n\t                <\/div>\n\t            <\/div>\n\t        <\/div>\n\t    <\/div>\n\t<\/div>\n<\/div>\n\n\n<div class=\"mt-20 mb-10\">\n\t<h2>About Cryomed<\/h2>\n\t<figure class=\"wp-block-image size-large\">\n\t    <img loading=\"lazy\" decoding=\"async\" width=\"1920\" height=\"1280\" src=\"https:\/\/cryomed.pro\/wp-content\/uploads\/2021\/12\/1.jpg\" class=\"attachment-full size-full\" alt=\"\" srcset=\"https:\/\/cryomed.pro\/wp-content\/uploads\/2021\/12\/1.jpg 1920w, https:\/\/cryomed.pro\/wp-content\/uploads\/2021\/12\/1-300x200.jpg 300w, https:\/\/cryomed.pro\/wp-content\/uploads\/2021\/12\/1-1024x683.jpg 1024w, https:\/\/cryomed.pro\/wp-content\/uploads\/2021\/12\/1-768x512.jpg 768w, https:\/\/cryomed.pro\/wp-content\/uploads\/2021\/12\/1-1536x1024.jpg 1536w\" sizes=\"auto, (max-width: 1920px) 100vw, 1920px\" \/>\n\t    <figcaption>Cryotherapy Machine Trade-In. Used Cryotherapy Machine For Sale<\/figcaption>\n\t<\/figure>\n\t<p>\n\t    Cryomed has a proven track record of producing top-grade cryosaunas on the European market. We are happy to offer the cryotherapy trade-in option to its own customers as well as prospective clients seeking a good deal for renewing their\n\t    cryogenic equipment within the shortest time possible.\n\t<\/p>\n\t<p>\n\t    Cryomed has a proven track record of producing top-grade cryosaunas on the European market. We are happy to offer the cryotherapy trade-in option to its own customers as well as prospective clients seeking a good deal for renewing their\n\t    cryogenic equipment within the shortest time possible.\n\t<\/p>\n\n\t<div class=\"table-about-us\" role=\"table\">\n\t\t<div role=\"rowgroup\">\n\t\t\t<div role=\"row\">\n\t\t\t\t<div role=\"rowheader\">\n\t\t\t\t\t<strong>Certificates.<\/strong>\n\t\t\t\t<\/div>\n\t\t\t\t<div role=\"cell\">\n\t\t\t\t\tAll Cryomed <a href=\"https:\/\/cryomed.pro\/about-us\/quality-and-certificates\/\" title=\"Quality And Certificates\">cryosaunas are fully certified<\/a> and meet the most stringent EU standards in relation to operational efficiency, quality of components, personal\n\t\t\t\t    and environmental safety, and more.\n\t\t\t\t<\/div>\n\t\t\t<\/div>\n\t\t\t<div role=\"row\">\n\t\t\t\t<div role=\"rowheader\">\n\t\t\t\t\t<strong>Who is this offer for?<\/strong>\n\t\t\t\t<\/div>\n\t\t\t\t<div role=\"cell\">\n\t\t\t\t\t<p>If you own or manage:<\/p>\n\t\t\t\t\t<ul>\n\t\t\t\t\t    <li>a sport club<\/li>\n\t\t\t\t\t    <li>rehab center<\/li>\n\t\t\t\t\t    <li>a small hotel with a spa<\/li>\n\t\t\t\t\t    <li>a medical office<\/li>\n\t\t\t\t\t<\/ul>\n\t\t\t\t\t<p>\n\t\t\t\t\t    or any other establishment that deals with restorative therapy, including cryotherapy.\n\t\t\t\t\t<\/p>\n\t\t\t\t\t<p>\n                        This cryo cabin financing option is your perfect opportunity to start enjoying the benefits of modern technologies without having to spend time\n                        selling your old equipment and applying for a bank loan.\t\t\t\t\t<\/p>\n\t\t\t\t<\/div>\n\t\t\t<\/div>\n\t\t\t<div role=\"row\">\n\t\t\t\t<div role=\"rowheader\">\n\t\t\t\t\t<strong>Contacts us!<\/strong>\n\t\t\t\t<\/div>\n\t\t\t\t<div role=\"cell\">\n\t\t\t\t\t<p>\n\t\t\t\t\t    Just contact us at <a href=\"mailto:info@cryomed.pro\">info@cryomed.pro<\/a> or call us at <a href=\"tel:+421948224850\" data-type=\"tel\" data-id=\"tel:+421948224850\">+421 948 224 850<\/a> to discuss the details\n\t\t\t\t\t    and we will provide you with a personalized quote for your equipment upgrade.\n\t\t\t\t\t<\/p>\n\t\t\t\t\t<p>To view more financial options for your cryotherapy business, please visit the <a href=\"https:\/\/cryomed.pro\/business\/financing\/leasing\/\" title=\"Leasing\">cryosauna lease<\/a> and <a href=\"https:\/\/cryomed.pro\/business\/financing\/rent\/\" title=\"Rent\">cryotherapy machine rental<\/a> sections of our site.<\/p>\n\n\t\t\t\t\t<button class=\"btn btn--blue mt-2 xl:mt-6\"\n\t\t\t\t\t\tdata-toggle=\"modal\"\n\t\t\t\t\t\tdata-type=\"contact-us\"\n\t\t\t\t\t\tdata-find=\"#modal-pills-price-tab\"\n\t\t\t\t\t\t>\n\n\t\t\t\t\t\tRequest your price\t\t\t\t\t<\/button>\n\t\t\t\t<\/div>\n\t\t\t<\/div>\n\t\t<\/div>\n\t<\/div>\n<\/div>\n\n","protected":false},"excerpt":{"rendered":"<p>Id\u00e9ale \u00e9galement pour renouveler et mettre \u00e0 jour son \u00e9quipement. <\/p>\n<p>Contactez-nous en quelques clics.<\/p>\n","protected":false},"author":1,"featured_media":0,"parent":43777,"menu_order":0,"comment_status":"closed","ping_status":"closed","template":"templates\/sidebar-right.php","meta":{"inline_featured_image":false,"footnotes":""},"class_list":["hentry"],"meta_box":[],"_links":{"self":[{"href":"https:\/\/cryomed.pro\/fr\/wp-json\/wp\/v2\/pages\/39711","targetHints":{"allow":["GET"]}}],"collection":[{"href":"https:\/\/cryomed.pro\/fr\/wp-json\/wp\/v2\/pages"}],"about":[{"href":"https:\/\/cryomed.pro\/fr\/wp-json\/wp\/v2\/types\/page"}],"author":[{"embeddable":true,"href":"https:\/\/cryomed.pro\/fr\/wp-json\/wp\/v2\/users\/1"}],"replies":[{"embeddable":true,"href":"https:\/\/cryomed.pro\/fr\/wp-json\/wp\/v2\/comments?post=39711"}],"version-history":[{"count":0,"href":"https:\/\/cryomed.pro\/fr\/wp-json\/wp\/v2\/pages\/39711\/revisions"}],"up":[{"embeddable":true,"href":"https:\/\/cryomed.pro\/fr\/wp-json\/wp\/v2\/pages\/43777"}],"wp:attachment":[{"href":"https:\/\/cryomed.pro\/fr\/wp-json\/wp\/v2\/media?parent=39711"}],"curies":[{"name":"wp","href":"https:\/\/api.w.org\/{rel}","templated":true}]}}