{"id":32634,"date":"2022-01-06T23:30:20","date_gmt":"2022-01-06T23:30:20","guid":{"rendered":"https:\/\/cryomed.pro\/equipment\/uncategorized\/pressurized-tanks\/"},"modified":"2024-07-28T00:36:52","modified_gmt":"2024-07-28T00:36:52","slug":"tanques-presurizados","status":"publish","type":"product","link":"https:\/\/cryomed.pro\/es\/equipment\/cryogenic-tanks\/tanques-presurizados\/","title":{"rendered":"Tanques presurizados"},"content":{"rendered":"\n<div class=\"hero hero-product-promo\">\n\t<div class=\"container\">\n\t\t<div class=\"hero-head\">\n\t\t\t\t\t\t\t<h1 class=\"hero-title\">Tanques presurizados<\/h1>\t\t\t\n\t\t\t\n\t\t\t\t\t<\/div>\n\t<\/div>\n\n\t<figure class=\"hero-media\" >\n\t\t<div class=\"px-4 flex justify-center\">\n<!--\t\t\t<img decoding=\"async\" src=\"--><!--\" title=\"--><!--\" alt=\"--><!--\">-->\n\t\t\t<img decoding=\"async\" src=\"https:\/\/cryomed.pro\/wp-content\/themes\/cryomed\/inc\/shortcodes\/products\/pressurized-tanks\/assets\/img-hero.png\" title=\"\" alt=\" - photo\">\n\t\t<\/div>\n\t<\/figure>\n\n\t\t\t<div class=\"container\">\n\t\t\t<div class=\"hero-body\">\n\t\t\t\t\n\t\t<h2>\u00bfQu\u00e9 es un dep\u00f3sito criog\u00e9nico presurizado?<\/h2>\n\t\t<p>Un tanque criog\u00e9nico presurizado es un recipiente cerrado dise\u00f1ado para almacenar y transportar l\u00edquidos o gases a temperaturas muy bajas, inferiores a -150C. El tanque consta de recipiente a presi\u00f3n interior, recipiente exterior, aislamiento y uno o dos cuellos con v\u00e1lvulas, bridas o uniones. <\/p>\n\t\t<p>Para las criosaunas, nuestros clientes suelen elegir dep\u00f3sitos presurizados con una capacidad que oscila entre 60 y 300 litros. Las capacidades m\u00e1s populares son 120 litros y 230 litros.<\/p>\n\n\t\t\t\t\t<\/div>\n\t\t<\/div>\n\t<\/div>\n\n\n<div class=\"section section-gallery\">\n\n    \n<div class=\"cp-slider\" x-data=\"{ ...dataSlider() }\" x-init=\"init\">\n\t<div class=\"swiper-container\" data-slides>\n\t\t<div class=\"swiper-wrapper\">\n\t\t\t\n\t\t<div class=\"swiper-slide\">\n\t\t\t<div class=\"swiper-slide-inner\" data-slide-inner>\n\t\t\t\t<picture class=\"swiper-slide-picture\">\n\t\t\t\t\t<img class=\"swiper-slide-image swiper-lazy\" loading=\"lazy\"\n\t\t\t\t\t\tdata-src=\"https:\/\/cryomed.pro\/wp-content\/themes\/cryomed\/inc\/shortcodes\/products\/pressurized-tanks\/assets\/slide-1.jpg\"\n\t\t\t\t\t\talt=\"image alt\" title=\"image title\"\n\t\t\t\t\t>\n\t\t\t\t<\/picture>\n\t\t\t<\/div>\n\n\t\t\t<div class=\"swiper-lazy-preloader swiper-lazy-preloader-white\"><\/div>\n\t\t<\/div>\n\n\t\t\n\t\t<div class=\"swiper-slide\">\n\t\t\t<div class=\"swiper-slide-inner\" data-slide-inner>\n\t\t\t\t<picture class=\"swiper-slide-picture\">\n\t\t\t\t\t<img class=\"swiper-slide-image swiper-lazy\" loading=\"lazy\"\n\t\t\t\t\t\tdata-src=\"https:\/\/cryomed.pro\/wp-content\/themes\/cryomed\/inc\/shortcodes\/products\/pressurized-tanks\/assets\/slide-2.jpg\"\n\t\t\t\t\t\talt=\"image alt\" title=\"image title\"\n\t\t\t\t\t>\n\t\t\t\t<\/picture>\n\t\t\t<\/div>\n\n\t\t\t<div class=\"swiper-lazy-preloader swiper-lazy-preloader-white\"><\/div>\n\t\t<\/div>\n\n\t\t\t\t<\/div>\n\n\t\t<div class=\"swiper-pagination\"><\/div>\n\t\t<div class=\"swiper-scrollbar\"><\/div>\n\t\t<div class=\"swiper-navigation\">\n\t\t\t<div data-cursor=\"prev\"><\/div>\n\t\t\t<div data-cursor=\"next\"><\/div>\n\t\t<\/div>\n\t<\/div>\n\n\t\n\t<div class=\"cp-slider-panel cp-backdrop cp-backdrop--white\" :class=\"open ? 'is-active' : ''\" data-panel>\n\t\t<div class=\"cp-slider-toggle cp-backdrop cp-backdrop--white\" @click=\"open = !open\">\n\t\t\t<div x-text=\"open ? 'Cerrar vista previa': 'Abrir vista previa'\"><\/div>\n\t\t<\/div>\n\t\t<div class=\"swiper-container\" data-thumbs>\n\t\t\t<div class=\"swiper-wrapper\">\n\t\t\t\t\n\t\t<div class=\"swiper-slide\">\n\t\t\t<div class=\"swiper-slide-inner\" data-slide-inner>\n\t\t\t\t<picture class=\"swiper-slide-picture\">\n\t\t\t\t\t<img class=\"swiper-slide-image swiper-lazy\" loading=\"lazy\"\n\t\t\t\t\t\tdata-src=\"https:\/\/cryomed.pro\/wp-content\/themes\/cryomed\/inc\/shortcodes\/products\/pressurized-tanks\/assets\/slide-1.jpg\"\n\t\t\t\t\t\talt=\"image alt\" title=\"image title\"\n\t\t\t\t\t>\n\t\t\t\t<\/picture>\n\t\t\t<\/div>\n\n\t\t\t<div class=\"swiper-lazy-preloader swiper-lazy-preloader-white\"><\/div>\n\t\t<\/div>\n\n\t\t\n\t\t<div class=\"swiper-slide\">\n\t\t\t<div class=\"swiper-slide-inner\" data-slide-inner>\n\t\t\t\t<picture class=\"swiper-slide-picture\">\n\t\t\t\t\t<img class=\"swiper-slide-image swiper-lazy\" loading=\"lazy\"\n\t\t\t\t\t\tdata-src=\"https:\/\/cryomed.pro\/wp-content\/themes\/cryomed\/inc\/shortcodes\/products\/pressurized-tanks\/assets\/slide-2.jpg\"\n\t\t\t\t\t\talt=\"image alt\" title=\"image title\"\n\t\t\t\t\t>\n\t\t\t\t<\/picture>\n\t\t\t<\/div>\n\n\t\t\t<div class=\"swiper-lazy-preloader swiper-lazy-preloader-white\"><\/div>\n\t\t<\/div>\n\n\t\t\t\t\t<\/div>\n\t\t<\/div>\n\t<\/div>\n\n\t<\/div>\n\n<\/div>\n\n\n<section class=\"section section-benefits-2\">\n    <div class=\"container\">\n        <header class=\"section__header text-center\">\n            <div class=\"section__title h1\">Especificaciones t\u00e9cnicas de los dep\u00f3sitos criog\u00e9nicos presurizados<\/div>\n        <\/header>\n\n        <div class=\"section-row\">\n            <div class=\"section-col col-span-1 flex flex-col\">\n                <div class=\"card flex-1\">\n                    <div class=\"card-media\">\n                        <img decoding=\"async\" src=\"https:\/\/cryomed.pro\/wp-content\/themes\/cryomed\/inc\/shortcodes\/products\/pressurized-tanks\/assets\/check.svg\" alt=\"Tanques presurizados\">\n                    <\/div>\n                    <div class=\"card-body\">\n                        <h3 class=\"card-title\">Acero inoxidable<\/h3>\n                        <p>Los dep\u00f3sitos criog\u00e9nicos est\u00e1n fabricados en acero inoxidable para una mayor durabilidad, de conformidad con las directivas ADR y T-PED, e incluyen la correspondiente declaraci\u00f3n de conformidad.<\/p>\n                    <\/div>\n                <\/div>\n            <\/div>\n            <div class=\"section-col col-span-1 flex flex-col\">\n                <div class=\"card flex-1\">\n                    <div class=\"card-media\">\n                        <img decoding=\"async\" src=\"https:\/\/cryomed.pro\/wp-content\/themes\/cryomed\/inc\/shortcodes\/products\/pressurized-tanks\/assets\/transform.svg\" alt=\"Tanques presurizados\">\n                    <\/div>\n                    <div class=\"card-body\">\n                        <h3 class=\"card-title\">Facilidad de movimiento<\/h3>\n                        <p>Para facilitar su desplazamiento, los dep\u00f3sitos disponen de 5\u00a0ruedas giratorias. Dos de las ruedas est\u00e1n equipadas con frenos.<\/p>\n                    <\/div>\n                <\/div>\n            <\/div>\n            <div class=\"section-col col-span-1 flex flex-col\">\n                <div class=\"card flex-1\">\n                    <div class=\"card-media\">\n                        <img decoding=\"async\" src=\"https:\/\/cryomed.pro\/wp-content\/themes\/cryomed\/inc\/shortcodes\/products\/pressurized-tanks\/assets\/wind.svg\" alt=\"Tanques presurizados\">\n                    <\/div>\n                    <div class=\"card-body\">\n                        <h3 class=\"card-title\">Baja tasa de evaporaci\u00f3n<\/h3>\n                        <p>Gracias al vac\u00edo y al aislamiento t\u00e9rmico, los tanques tienen un bajo \u00edndice de evaporaci\u00f3n.<\/p>\n                    <\/div>\n                <\/div>\n            <\/div>\n            <div class=\"section-col col-span-1 flex flex-col\">\n                <div class=\"card flex-1\">\n                    <div class=\"card-media\">\n                        <img decoding=\"async\" src=\"https:\/\/cryomed.pro\/wp-content\/themes\/cryomed\/inc\/shortcodes\/products\/pressurized-tanks\/assets\/timer.svg\" alt=\"Tanques presurizados\">\n                    <\/div>\n                    <div class=\"card-body\">\n                        <h3 class=\"card-title\">Sistema de aumento de presi\u00f3n<\/h3>\n                        <p>Todos los dep\u00f3sitos est\u00e1n equipados con un sistema de aumento de presi\u00f3n que garantiza una presi\u00f3n m\u00e1xima de funcionamiento de 4 bares.<\/p>\n                    <\/div>\n                <\/div>\n            <\/div>\n        <\/div>\n    <\/div>\n<\/section>\n\n\n<section class=\"section section-tech-specs\">\n\t<div class=\"container\">\n\t\t<div class=\"section__header text-center\">\n\t\t\t<h2 class=\"section__title\">Modelos y Tama\u00f1os<\/h2>\n\t\t<\/div>\n\n        <div class=\"section__body\">\n\t\t\t<div x-data=\"dataTablist(1)\" x-init=\"init\" class=\"tabs tablist\" role=\"tablist\">\n\t\t\t\t<div class=\"scrolling\">\n\t\t\t\t\t<div class=\"scrolling-item mx-auto\">\n\t\t\t\t\t\t<div x-cloak class=\"tablist__navs\" x-ref=\"navs\">\n\t\t\t\t\t\t\t<button role=\"tab\" class=\"tablist__navs-item\" :class=\"isActiveClass(1)\" @click=\"setActive(1)\">\n\t\t\t\t\t\t\t\t<span class=\"block px-4 lg:px-6\">Cryolab Serie 4<\/span>\n\t\t\t\t\t\t\t<\/button>\n\t\t\t\t\t\t\t<button role=\"tab\" class=\"tablist__navs-item\" :class=\"isActiveClass(2)\" @click=\"setActive(2)\">\n\t\t\t\t\t\t\t\t<span class=\"block px-4 lg:px-6\">Criolog\u00eda Serie 4<\/span>\n\t\t\t\t\t\t\t<\/button>\n\t\t\t\t\t\t<\/div>\n\t\t\t\t\t<\/div>\n\t\t\t\t<\/div>\n\n\n\t\t\t\t<div class=\"tablist__tabs mt-10 lg:mt-12\" x-ref=\"tabs\">\n\t\t\t\t\t<div role=\"tabpanel\" class=\"tablist__tabs-item\"\n\t\t\t\t\t\tx-show=\"isActive(1)\"\n\t\t\t\t\t\tx-transition:enter=\"transition duration-500 ease-in-out\"\n\t\t\t\t\t\tx-transition:enter-start=\"opacity-50\"\n\t\t\t\t\t\tx-transition:enter-end=\"opacity-100\"\n\t\t\t\t\t\t>\n\n\t\t\t\t\t\t<div class=\"scrolling\">\n\t\t\t\t\t\t\t<div class=\"scrolling-item flex-1\">\n\t\t\t\t\t\t\t\t<table class=\"section-table\">\n\t\t\t\t\t\t\t\t\t<tbody>\n\t\t\t\t\t\t\t\t\t\t<tr>\n\t\t\t\t\t\t\t\t\t\t\t<th>Capacidad <br>(L)<\/th>\n\t\t\t\t\t\t\t\t\t\t\t<td>60<\/td>\n\t\t\t\t\t\t\t\t\t\t\t<td>65<\/td>\n\t\t\t\t\t\t\t\t\t\t\t<td>100<\/td>\n\t\t\t\t\t\t\t\t\t\t\t<td>120<\/td>\n\t\t\t\t\t\t\t\t\t\t\t<td>160 <\/td>\n\t\t\t\t\t\t\t\t\t\t\t<td>180 <\/td>\n\t\t\t\t\t\t\t\t\t\t\t<td>200 <\/td>\n\t\t\t\t\t\t\t\t\t\t<\/tr>\n\t\t\t\t\t\t\t\t\t\t<tr>\n\t\t\t\t\t\t\t\t\t\t\t<th>Altura total <br>(mm)<\/th>\n\t\t\t\t\t\t\t\t\t\t\t<td>926<\/td>\n\t\t\t\t\t\t\t\t\t\t\t<td>956<\/td>\n\t\t\t\t\t\t\t\t\t\t\t<td>1162<\/td>\n\t\t\t\t\t\t\t\t\t\t\t<td>1231<\/td>\n\t\t\t\t\t\t\t\t\t\t\t<td>1436<\/td>\n\t\t\t\t\t\t\t\t\t\t\t<td>1541<\/td>\n\t\t\t\t\t\t\t\t\t\t\t<td>1641<\/td>\n\t\t\t\t\t\t\t\t\t\t<\/tr>\n\t\t\t\t\t\t\t\t\t\t<tr>\n\t\t\t\t\t\t\t\t\t\t\t<th>Peso en vac\u00edo <br>(kg)<\/th>\n\t\t\t\t\t\t\t\t\t\t\t<td>65<\/td>\n\t\t\t\t\t\t\t\t\t\t\t<td>66<\/td>\n\t\t\t\t\t\t\t\t\t\t\t<td>76<\/td>\n\t\t\t\t\t\t\t\t\t\t\t<td>82<\/td>\n\t\t\t\t\t\t\t\t\t\t\t<td>92<\/td>\n\t\t\t\t\t\t\t\t\t\t\t<td>99<\/td>\n\t\t\t\t\t\t\t\t\t\t\t<td>103<\/td>\n\t\t\t\t\t\t\t\t\t\t<\/tr>\n\t\t\t\t\t\t\t\t\t\t<tr>\n\t\t\t\t\t\t\t\t\t\t\t<th>Peso lleno <br>(kg nitr\u00f3geno)<\/th>\n\t\t\t\t\t\t\t\t\t\t\t<td>113<\/td>\n\t\t\t\t\t\t\t\t\t\t\t<td>119<\/td>\n\t\t\t\t\t\t\t\t\t\t\t<td>160<\/td>\n\t\t\t\t\t\t\t\t\t\t\t<td>176<\/td>\n\t\t\t\t\t\t\t\t\t\t\t<td>216<\/td>\n\t\t\t\t\t\t\t\t\t\t\t<td>239<\/td>\n\t\t\t\t\t\t\t\t\t\t\t<td>258<\/td>\n\t\t\t\t\t\t\t\t\t\t<\/tr>\n\t\t\t\t\t\t\t\t\t\t<tr>\n\t\t\t\t\t\t\t\t\t\t\t<th>Capacidad neta  <br>(L)<\/th>\n\t\t\t\t\t\t\t\t\t\t\t<td>59.9<\/td>\n\t\t\t\t\t\t\t\t\t\t\t<td>65.4<\/td>\n\t\t\t\t\t\t\t\t\t\t\t<td>103.4<\/td>\n\t\t\t\t\t\t\t\t\t\t\t<td>116.1<\/td>\n\t\t\t\t\t\t\t\t\t\t\t<td>153.8<\/td>\n\t\t\t\t\t\t\t\t\t\t\t<td>173.2<\/td>\n\t\t\t\t\t\t\t\t\t\t\t<td>191.6<\/td>\n\t\t\t\t\t\t\t\t\t\t<\/tr>\n\t\t\t\t\t\t\t\t\t\t<tr>\n\t\t\t\t\t\t\t\t\t\t\t<th>P\u00e9rdida diaria&nbsp;en&nbsp;%, nitr\u00f3geno<\/th>\n\t\t\t\t\t\t\t\t\t\t\t<td>3.6<\/td>\n\t\t\t\t\t\t\t\t\t\t\t<td>3.4<\/td>\n\t\t\t\t\t\t\t\t\t\t\t<td>2.1<\/td>\n\t\t\t\t\t\t\t\t\t\t\t<td>2.0<\/td>\n\t\t\t\t\t\t\t\t\t\t\t<td>1.6<\/td>\n\t\t\t\t\t\t\t\t\t\t\t<td>1.5<\/td>\n\t\t\t\t\t\t\t\t\t\t\t<td>1.5<\/td>\n\t\t\t\t\t\t\t\t\t\t<\/tr>\n\t\t\t\t\t\t\t\t\t<\/tbody>\n\t\t\t\t\t\t\t\t<\/table>\n\t\t\t\t\t\t\t<\/div>\n\t\t\t\t\t\t<\/div>\n\t\t\t\t\t<\/div>\n\t\t\t\t\t<div role=\"tabpanel\" class=\"tablist__tabs-item\"\n\t\t\t\t\t\tx-show=\"isActive(2)\"\n\t\t\t\t\t\tx-transition:enter=\"transition duration-500 ease-in-out\"\n\t\t\t\t\t\tx-transition:enter-start=\"opacity-50\"\n\t\t\t\t\t\tx-transition:enter-end=\"opacity-100\"\n\t\t\t\t\t\t>\n\n\t\t\t\t\t\t<div class=\"scrolling\">\n\t\t\t\t\t\t\t<div class=\"scrolling-item flex-1\">\n\t\t\t\t\t\t\t\t<table class=\"section-table\">\n\t\t\t\t\t\t\t\t\t<tbody>\n\t\t\t\t\t\t\t\t\t\t<tr>\n\t\t\t\t\t\t\t\t\t\t\t<th>Capacidad <br>(L)<\/th>\n\t\t\t\t\t\t\t\t\t\t\t<td>220<\/td>\n\t\t\t\t\t\t\t\t\t\t\t<td>240<\/td>\n\t\t\t\t\t\t\t\t\t\t\t<td>260<\/td>\n\t\t\t\t\t\t\t\t\t\t\t<td>280<\/td>\n\t\t\t\t\t\t\t\t\t\t\t<td>300<\/td>\n\t\t\t\t\t\t\t\t\t\t<\/tr>\n\t\t\t\t\t\t\t\t\t\t<tr>\n\t\t\t\t\t\t\t\t\t\t\t<th>Altura total <br>(mm)<\/th>\n\t\t\t\t\t\t\t\t\t\t\t<td>1366<\/td>\n\t\t\t\t\t\t\t\t\t\t\t<td>1430<\/td>\n\t\t\t\t\t\t\t\t\t\t\t<td>1489<\/td>\n\t\t\t\t\t\t\t\t\t\t\t<td>1548<\/td>\n\t\t\t\t\t\t\t\t\t\t\t<td>1616<\/td>\n\t\t\t\t\t\t\t\t\t\t<\/tr>\n\t\t\t\t\t\t\t\t\t\t<tr>\n\t\t\t\t\t\t\t\t\t\t\t<th>Peso en vac\u00edo <br>(kg)<\/th>\n\t\t\t\t\t\t\t\t\t\t\t<td>139<\/td>\n\t\t\t\t\t\t\t\t\t\t\t<td>143<\/td>\n\t\t\t\t\t\t\t\t\t\t\t<td>148<\/td>\n\t\t\t\t\t\t\t\t\t\t\t<td>154<\/td>\n\t\t\t\t\t\t\t\t\t\t\t<td>160<\/td>\n\t\t\t\t\t\t\t\t\t\t<\/tr>\n\t\t\t\t\t\t\t\t\t\t<tr>\n\t\t\t\t\t\t\t\t\t\t\t<th>Peso lleno <br>(kg nitr\u00f3geno)<\/th>\n\t\t\t\t\t\t\t\t\t\t\t<td>312<\/td>\n\t\t\t\t\t\t\t\t\t\t\t<td>331<\/td>\n\t\t\t\t\t\t\t\t\t\t\t<td>352<\/td>\n\t\t\t\t\t\t\t\t\t\t\t<td>373<\/td>\n\t\t\t\t\t\t\t\t\t\t\t<td>396<\/td>\n\t\t\t\t\t\t\t\t\t\t<\/tr>\n\t\t\t\t\t\t\t\t\t\t<tr>\n\t\t\t\t\t\t\t\t\t\t\t<th>Capacidad neta  <br>(L)<\/th>\n\t\t\t\t\t\t\t\t\t\t\t<td>214.0<\/td>\n\t\t\t\t\t\t\t\t\t\t\t<td>233.1<\/td>\n\t\t\t\t\t\t\t\t\t\t\t<td>252.1<\/td>\n\t\t\t\t\t\t\t\t\t\t\t<td>270.5<\/td>\n\t\t\t\t\t\t\t\t\t\t\t<td>291.9<\/td>\n\t\t\t\t\t\t\t\t\t\t<\/tr>\n\t\t\t\t\t\t\t\t\t\t<tr>\n                                            <th>P\u00e9rdida diaria&nbsp;en&nbsp;%, nitr\u00f3geno<\/th>\n                                            <td>1.8<\/td>\n\t\t\t\t\t\t\t\t\t\t\t<td>1.7<\/td>\n\t\t\t\t\t\t\t\t\t\t\t<td>1.6<\/td>\n\t\t\t\t\t\t\t\t\t\t\t<td>1.5<\/td>\n\t\t\t\t\t\t\t\t\t\t\t<td>1.5 <\/td>\n\t\t\t\t\t\t\t\t\t\t<\/tr>\n\t\t\t\t\t\t\t\t\t<\/tbody>\n\t\t\t\t\t\t\t\t<\/table>\n\t\t\t\t\t\t\t<\/div>\n\t\t\t\t\t\t<\/div>\n\t\t\t\t\t<\/div>\n\t\t\t\t<\/div>\n\t\t\t<\/div>\n        <\/div>\n\t<\/div>\n<\/section>\n\n\n\n<aside class=\"section section-cta\">\n\t<div class=\"xl:container\">\n\t\t<div class=\"card\">\n\n\t\t\t\n<div class=\"cp-glass cp-glass--primary\">\n\n\t<img loading=\"lazy\" decoding=\"async\" width=\"1920\" height=\"1280\" class=\"js-parallax\" src=\"https:\/\/cryomed.pro\/wp-content\/themes\/cryomed\/resources\/img\/1920x1280\/1.jpg\" alt=\"Tanques presurizados - photo\" title=\"Tanques presurizados\" \/>\n\t\t\t<div class=\"cp-glass-backdrop\"><\/div>\n\t<\/div>\n\n\t\t\t<div class=\"card__body\">\n\t\t\t\t<p class=\"card__title\">Compre al l\u00edder del sector con el mayor n\u00famero de aparatos de crioterapia vendidos en todo el mundo<\/p>\n\t\t\t\t<div class=\"flex flex-col flex-wrap items-center justify-center space-y-6 md:flex-row md:space-y-0 md:space-x-6 mt-10\">\n\n\t\t\t\t\t\n\t<button class=\"btn btn--large btn--white w-full md:w-auto\"\n\t\tdata-toggle=\"modal\"\n\t\tdata-type=\"contact-us\"\n\t\tdata-find=\"#modal-pills-price-tab\"\n\t\t>\n\n\t\tSolicitar un presupuesto\t<\/button>\n\n\t\n\t<button class=\"btn btn--large btn--white w-full md:w-auto\"\n\t\tdata-toggle=\"modal\"\n\t\tdata-type=\"contact-us\"\n\t\tdata-find=\"#modal-pills-distributor-tab\"\n\t\t>\n\n\t\tConvi\u00e9rtase en distribuidor\t<\/button>\n\n\t\n\t\t\t\t<\/div>\n\t\t\t<\/div>\n\t\t<\/div>\n\t<\/div>\n<\/aside>\n\n","protected":false},"excerpt":{"rendered":"<p>Un tanque criog\u00e9nico presurizado es un recipiente cerrado dise\u00f1ado para almacenar y transportar l\u00edquidos o gases a temperaturas muy bajas, inferiores a -150C.<\/p>\n","protected":false},"featured_media":105303,"parent":0,"menu_order":0,"template":"templates\/full-width.php","product_cat":[396,1398],"class_list":["hentry","has-post-thumbnail"],"meta_box":[],"_links":{"self":[{"href":"https:\/\/cryomed.pro\/es\/wp-json\/wp\/v2\/product\/32634","targetHints":{"allow":["GET"]}}],"collection":[{"href":"https:\/\/cryomed.pro\/es\/wp-json\/wp\/v2\/product"}],"about":[{"href":"https:\/\/cryomed.pro\/es\/wp-json\/wp\/v2\/types\/product"}],"wp:featuredmedia":[{"embeddable":true,"href":"https:\/\/cryomed.pro\/es\/wp-json\/wp\/v2\/media\/105303"}],"wp:attachment":[{"href":"https:\/\/cryomed.pro\/es\/wp-json\/wp\/v2\/media?parent=32634"}],"wp:term":[{"taxonomy":"product_cat","embeddable":true,"href":"https:\/\/cryomed.pro\/es\/wp-json\/wp\/v2\/product_cat?post=32634"}],"curies":[{"name":"wp","href":"https:\/\/api.w.org\/{rel}","templated":true}]}}