{"id":33071,"date":"2020-08-07T14:28:24","date_gmt":"2020-08-07T14:28:24","guid":{"rendered":"https:\/\/cryomed.pro\/cryotherapy\/"},"modified":"2024-04-15T15:58:15","modified_gmt":"2024-04-15T15:58:15","slug":"crioterapia","status":"publish","type":"page","link":"https:\/\/cryomed.pro\/es\/crioterapia\/","title":{"rendered":"Crioterapia"},"content":{"rendered":"\n<div class=\"wp-block-group alignfull wp-block-group-benefits-of-cryotherapy\"><div class=\"wp-block-group__inner-container is-layout-flow wp-block-group-is-layout-flow\">\n<h2 class=\"wp-block-heading\"><strong>Ventajas de la crioterapia<\/strong><\/h2>\n\n\n\n<p>Los efectos positivos de la crioterapia no pod\u00edan ignorarse. Hoy en d\u00eda, millones de personas de todo el mundo pueden experimentar las asombrosas capacidades revitalizantes de la crioterapia en criocentros, cl\u00ednicas, salones de bienestar y spa, y otras instituciones de tratamiento y rehabilitaci\u00f3n.<\/p>\n\n\n\n<figure class=\"wp-block-table is-style-regular\"><table class=\"has-fixed-layout\"><tbody><tr><td>Alivio del dolor y curaci\u00f3n muscular<\/td><td>Reducci\u00f3n de la inflamaci\u00f3n<\/td><\/tr><tr><td>Mejora de los s\u00edntomas del <br>eccema y otras afecciones <br>cut\u00e1neas (acn\u00e9, psoriasis, etc.)<\/td><td>Estimulaci\u00f3n del sistema inmunitario<\/td><\/tr><tr><td>Reducci\u00f3n de la ansiedad y la depresi\u00f3n<\/td><td>Mejora de los trastornos del sue\u00f1o<\/td><\/tr><tr><td>Efecto adelgazante y antienvejecimiento<\/td><td>Y muchos otros<\/td><\/tr><\/tbody><\/table><figcaption class=\"wp-element-caption\">Los 8 beneficios innegables de la crioterapia para todos<\/figcaption><\/figure>\n\n\n\n<p><\/p>\n<\/div><\/div>\n\n\n\n<div class=\"wp-block-group alignfull wp-block-group-media-text\"><div class=\"wp-block-group__inner-container is-layout-flow wp-block-group-is-layout-flow\">\n<div class=\"wp-block-columns alignwide is-layout-flex wp-container-core-columns-is-layout-9d6595d7 wp-block-columns-is-layout-flex\">\n<div class=\"wp-block-column is-layout-flow wp-block-column-is-layout-flow\">\n<figure class=\"wp-block-image size-large is-resized\"><img loading=\"lazy\" decoding=\"async\" width=\"540\" height=\"540\" src=\"\/wp-content\/uploads\/2021\/06\/Frame-11.png\" alt=\"Cryotherapy\" class=\"wp-image-5833\" style=\"aspect-ratio:1;width:586px;height:auto\" title=\"Cryotherapy\" srcset=\"https:\/\/cryomed.pro\/wp-content\/uploads\/2021\/06\/Frame-11.png 540w, https:\/\/cryomed.pro\/wp-content\/uploads\/2021\/06\/Frame-11-300x300.png 300w, https:\/\/cryomed.pro\/wp-content\/uploads\/2021\/06\/Frame-11-150x150.png 150w, https:\/\/cryomed.pro\/wp-content\/uploads\/2021\/06\/Frame-11-100x100.png 100w, https:\/\/cryomed.pro\/wp-content\/uploads\/2021\/06\/Frame-11-160x160.png 160w, https:\/\/cryomed.pro\/wp-content\/uploads\/2021\/06\/Frame-11-340x340.png 340w\" sizes=\"auto, (max-width: 540px) 100vw, 540px\" \/><figcaption class=\"wp-element-caption\">\u00bfCu\u00e1les son las ventajas de la crioterapia de cuerpo entero y local?<\/figcaption><\/figure>\n<\/div>\n\n\n\n<div class=\"wp-block-column is-layout-flow wp-block-column-is-layout-flow\">\n<h2 class=\"wp-block-heading\"><strong>Crioterapia local y de cuerpo entero<\/strong><\/h2>\n\n\n\n<p>Dependiendo de sus necesidades, puede utilizar <a href=\"https:\/\/cryomed.pro\/cryotherapy\/full-body-cryotherapy\/\">crioterapia de cuerpo entero <\/a>o <a href=\"https:\/\/cryomed.pro\/cryotherapy\/local\/\">crioterapia local.<\/a><\/p>\n\n\n\n<p>La principal diferencia entre ellas es que durante las sesiones <a href=\"https:\/\/cryomed.pro\/cryotherapy\/full-body-cryotherapy\/\">de crioterapia de cuerpo entero<\/a> todo el cuerpo del paciente (excepto la cabeza, hablando de criosauna) se ve afectado por temperaturas extremadamente fr\u00edas. El concepto de crioterapia local se basa en la aplicaci\u00f3n a corto plazo de temperaturas extremadamente bajas en una zona concreta del cuerpo del paciente (por ejemplo, la cara, la rodilla o el codo).<\/p>\n\n\n\n<p>Tanto en la crioterapia de cuerpo entero como en la local, act\u00faa como reductor de la sensibilidad de los receptores cut\u00e1neos y de la conductividad de las fibras nerviosas, y produce un notable efecto anest\u00e9sico; al mismo tiempo mejora la circulaci\u00f3n sangu\u00ednea y la oxigenaci\u00f3n.<\/p>\n<\/div>\n<\/div>\n<\/div><\/div>\n\n\n\n<div class=\"wp-block-group alignfull wp-block-group-media-text wp-block-group-media-text--reverse\"><div class=\"wp-block-group__inner-container is-layout-flow wp-block-group-is-layout-flow\">\n<div class=\"wp-block-columns alignwide is-layout-flex wp-container-core-columns-is-layout-9d6595d7 wp-block-columns-is-layout-flex\">\n<div class=\"wp-block-column is-layout-flow wp-block-column-is-layout-flow\">\n<h2 class=\"wp-block-heading\"><strong>Crioindustrias<\/strong><\/h2>\n\n\n\n<p>Hay tres grupos principales de personas que se benefician de la crioterapia:<\/p>\n\n\n\n<p>En primer lugar, los atletas, as\u00ed como los profesionales del fitness. <a href=\"https:\/\/cryomed.pro\/cryotherapy\/in-sport\/\">La crioterapia deportiva<\/a> ha establecido firmemente su posici\u00f3n entre los elementos imprescindibles de la medicina deportiva. Este equipo se utiliza tanto para el tratamiento de traumatismos inmediatamente despu\u00e9s de los partidos como para periodos m\u00e1s largos de recuperaci\u00f3n y rehabilitaci\u00f3n entre partidos e incluso temporadas.<\/p>\n\n\n\n<p>El segundo grupo de inter\u00e9s son <a href=\"https:\/\/cryomed.pro\/cryotherapy\/in-medicine\/\">los centros m\u00e9dicos<\/a>. Cryosauna representa una soluci\u00f3n ergon\u00f3mica y eficaz ideal para hospitales, centros ortop\u00e9dicos, reumatol\u00f3gicos o de rehabilitaci\u00f3n.<\/p>\n\n\n\n<p>Y por \u00faltimo, <a href=\"https:\/\/cryomed.pro\/cryotherapy\/in-beauty\/\">los centros de crioterapia y belleza<\/a>. Personas interesadas en el antienvejecimiento, la p\u00e9rdida de peso, el tratamiento del acn\u00e9, la reducci\u00f3n de la fatiga y otros agradables \u201cefectos secundarios\u201d de la crioterapia.<\/p>\n<\/div>\n\n\n\n<div class=\"wp-block-column is-layout-flow wp-block-column-is-layout-flow\">\n<figure class=\"wp-block-image size-large\"><img loading=\"lazy\" decoding=\"async\" width=\"540\" height=\"540\" src=\"\/wp-content\/uploads\/2021\/06\/Frame-11-2.png\" alt=\"Cryotherapy benefits\" class=\"wp-image-5852\" title=\"Cryotherapy benefits\" srcset=\"https:\/\/cryomed.pro\/wp-content\/uploads\/2021\/06\/Frame-11-2.png 540w, https:\/\/cryomed.pro\/wp-content\/uploads\/2021\/06\/Frame-11-2-300x300.png 300w, https:\/\/cryomed.pro\/wp-content\/uploads\/2021\/06\/Frame-11-2-150x150.png 150w, https:\/\/cryomed.pro\/wp-content\/uploads\/2021\/06\/Frame-11-2-100x100.png 100w, https:\/\/cryomed.pro\/wp-content\/uploads\/2021\/06\/Frame-11-2-160x160.png 160w, https:\/\/cryomed.pro\/wp-content\/uploads\/2021\/06\/Frame-11-2-340x340.png 340w\" sizes=\"auto, (max-width: 540px) 100vw, 540px\" \/><figcaption class=\"wp-element-caption\">\u00bfQu\u00e9 industrias prefieren la crioterapia como servicio por sus innegables beneficios?<\/figcaption><\/figure>\n<\/div>\n<\/div>\n<\/div><\/div>\n\n\n\n<aside class=\"section section-cta\">\n\t<div class=\"xl:container\">\n\t\t<div class=\"card\">\n\n\t\t\t\n<div class=\"cp-glass cp-glass--primary\">\n\n\t<img loading=\"lazy\" decoding=\"async\" width=\"1920\" height=\"1280\" class=\"js-parallax\" src=\"https:\/\/cryomed.pro\/wp-content\/themes\/cryomed\/resources\/img\/1920x1280\/1.jpg\" alt=\"Crioterapia - photo\" title=\"Crioterapia\" \/>\n\t\t\t<div class=\"cp-glass-backdrop\"><\/div>\n\t<\/div>\n\n\t\t\t<div class=\"card__body\">\n\t\t\t\t<p class=\"card__title\">Compre al l\u00edder del sector con el mayor n\u00famero de aparatos de crioterapia vendidos en todo el mundo<\/p>\n\t\t\t\t<div class=\"flex flex-col flex-wrap items-center justify-center space-y-6 md:flex-row md:space-y-0 md:space-x-6 mt-10\">\n\n\t\t\t\t\t\n\t<button class=\"btn btn--large btn--white w-full md:w-auto\"\n\t\tdata-toggle=\"modal\"\n\t\tdata-type=\"contact-us\"\n\t\tdata-find=\"#modal-pills-price-tab\"\n\t\t>\n\n\t\tSolicitar un presupuesto\t<\/button>\n\n\t\n\t<button class=\"btn btn--large btn--white w-full md:w-auto\"\n\t\tdata-toggle=\"modal\"\n\t\tdata-type=\"contact-us\"\n\t\tdata-find=\"#modal-pills-distributor-tab\"\n\t\t>\n\n\t\tConvi\u00e9rtase en distribuidor\t<\/button>\n\n\t\n\t\t\t\t<\/div>\n\t\t\t<\/div>\n\t\t<\/div>\n\t<\/div>\n<\/aside>\n\n\n","protected":false},"excerpt":{"rendered":"<p>Ventajas de la crioterapia Los efectos positivos de la crioterapia no pod\u00edan ignorarse. Hoy en d\u00eda, millones de personas de todo el mundo&hellip;<\/p>\n","protected":false},"author":1,"featured_media":12184,"parent":0,"menu_order":0,"comment_status":"closed","ping_status":"closed","template":"","meta":{"inline_featured_image":false,"footnotes":""},"class_list":["hentry","has-post-thumbnail"],"meta_box":[],"_links":{"self":[{"href":"https:\/\/cryomed.pro\/es\/wp-json\/wp\/v2\/pages\/33071","targetHints":{"allow":["GET"]}}],"collection":[{"href":"https:\/\/cryomed.pro\/es\/wp-json\/wp\/v2\/pages"}],"about":[{"href":"https:\/\/cryomed.pro\/es\/wp-json\/wp\/v2\/types\/page"}],"author":[{"embeddable":true,"href":"https:\/\/cryomed.pro\/es\/wp-json\/wp\/v2\/users\/1"}],"replies":[{"embeddable":true,"href":"https:\/\/cryomed.pro\/es\/wp-json\/wp\/v2\/comments?post=33071"}],"version-history":[{"count":0,"href":"https:\/\/cryomed.pro\/es\/wp-json\/wp\/v2\/pages\/33071\/revisions"}],"wp:featuredmedia":[{"embeddable":true,"href":"https:\/\/cryomed.pro\/es\/wp-json\/wp\/v2\/media\/12184"}],"wp:attachment":[{"href":"https:\/\/cryomed.pro\/es\/wp-json\/wp\/v2\/media?parent=33071"}],"curies":[{"name":"wp","href":"https:\/\/api.w.org\/{rel}","templated":true}]}}