{"id":32748,"date":"2020-07-08T09:35:32","date_gmt":"2020-07-08T09:35:32","guid":{"rendered":"https:\/\/cryomed.pro\/in-sport\/"},"modified":"2025-07-03T04:14:38","modified_gmt":"2025-07-03T04:14:38","slug":"crioterapia-en-el-deporte","status":"publish","type":"page","link":"https:\/\/cryomed.pro\/es\/crioterapia\/crioterapia-en-el-deporte\/","title":{"rendered":"Crioterapia en el Deporte"},"content":{"rendered":"\n<div class=\"wp-block-group alignfull wp-block-group-media-text\"><div class=\"wp-block-group__inner-container is-layout-flow wp-block-group-is-layout-flow\">\n<div class=\"wp-block-columns alignwide is-layout-flex wp-container-core-columns-is-layout-9d6595d7 wp-block-columns-is-layout-flex\">\n<div class=\"wp-block-column is-layout-flow wp-block-column-is-layout-flow\">\n<h2 class=\"wp-block-heading\">How cryotherapy <br>in sport works?<\/h2>\n<\/div>\n\n\n\n<div class=\"wp-block-column is-layout-flow wp-block-column-is-layout-flow\">\n<h3 class=\"wp-block-heading\">Step 1: Sportsman enters the cryosauna<\/h3>\n\n\n\n<p>After entering the cryosauna, a cold flow of nitrogen and air mixture activates thermoreceptors in the skin. These start to send electrical impulses to the brain. The CNS identifies a state of threat. This activates a complex adaptive reaction focused on defending the body to survive in an extremely cold environment.<\/p>\n\n\n\n<h3 class=\"wp-block-heading\">Step 2: Vasoconstriction<\/h3>\n\n\n\n<p>The central nervous system sends signals to the muscles and vascular system, invoking contraction of muscles and narrowing of the blood vessels. This accelerates the flow of blood, nutrition and other resources from peripheral body parts to the body core.<\/p>\n\n\n\n<h3 class=\"wp-block-heading\">Step 3: Detoxification and blood enrichment<\/h3>\n\n\n\n<p>In order to swiftly supply enough nutritional substances to core organs, the body starts hyperproduction to enrich blood with erythrocytes, oxygen, collagen and other essential substances. Metabolites and toxins are quickly degraded and eliminated.<\/p>\n\n\n\n<h3 class=\"wp-block-heading\">Step 4: Vasodilatation<\/h3>\n\n\n\n<p>After leaving the cryosauna, thermoreceptors recognize the return to normal environment, which triggers vasodilatation and the return of enriched blood to peripheral body parts. Nutritional substances transferred by blood are absorbed by peripheral systems \u2013 muscles, tissues, joints and skin.<\/p>\n<\/div>\n<\/div>\n<\/div><\/div>\n\n\n\n<div class=\"wp-block-group alignfull wp-block-group-media-text\"><div class=\"wp-block-group__inner-container is-layout-flow wp-block-group-is-layout-flow\">\n<div class=\"wp-block-columns alignwide is-layout-flex wp-container-core-columns-is-layout-9d6595d7 wp-block-columns-is-layout-flex\">\n<div class=\"wp-block-column is-layout-flow wp-block-column-is-layout-flow\">\n<figure class=\"wp-block-image size-large\"><img loading=\"lazy\" decoding=\"async\" width=\"540\" height=\"540\" src=\"\/wp-content\/uploads\/2021\/06\/Frame-11-5.png\" alt=\"Local cryotherapy in sport\" class=\"wp-image-5928\" srcset=\"https:\/\/cryomed.pro\/wp-content\/uploads\/2021\/06\/Frame-11-5.png 540w, https:\/\/cryomed.pro\/wp-content\/uploads\/2021\/06\/Frame-11-5-300x300.png 300w, https:\/\/cryomed.pro\/wp-content\/uploads\/2021\/06\/Frame-11-5-150x150.png 150w, https:\/\/cryomed.pro\/wp-content\/uploads\/2021\/06\/Frame-11-5-100x100.png 100w, https:\/\/cryomed.pro\/wp-content\/uploads\/2021\/06\/Frame-11-5-160x160.png 160w, https:\/\/cryomed.pro\/wp-content\/uploads\/2021\/06\/Frame-11-5-340x340.png 340w\" sizes=\"auto, (max-width: 540px) 100vw, 540px\" \/><figcaption class=\"wp-element-caption\">Local cryotherapy in sport<\/figcaption><\/figure>\n<\/div>\n\n\n\n<div class=\"wp-block-column is-layout-flow wp-block-column-is-layout-flow\">\n<h2 class=\"wp-block-heading\">Local cryotherapy <br>for sportsmen<\/h2>\n\n\n\n<p>Quick and lasting help for sports injuries.<\/p>\n\n\n\n<p>Health and full efficiency is the key to every athlete\u2019s success. Today\u2019s professional and also recreational sport can represent uncommon to extreme load to the human body. Small or more serious injuries can rarely be avoided. In case of more serious injuries of the musculoskeletal system, as well as microtrauma at higher load, local application of nitrogen stream as cold as -130 \u00b0C will eliminate pain and help with faster healing of tissues. In addition, nitrogen will help extending the range of motion and allow further recovery of the athlete. Reducing the pain also helps the patient to stay motivated in the recovery process and continue to exercise, which otherwise wouldn\u2019t be possible due to pain.<\/p>\n<\/div>\n<\/div>\n<\/div><\/div>\n\n\n\n<div class=\"wp-block-group alignfull wp-block-group-media-text wp-block-group-media-text--reverse\"><div class=\"wp-block-group__inner-container is-layout-flow wp-block-group-is-layout-flow\">\n<div class=\"wp-block-columns alignwide is-layout-flex wp-container-core-columns-is-layout-9d6595d7 wp-block-columns-is-layout-flex\">\n<div class=\"wp-block-column is-layout-flow wp-block-column-is-layout-flow\">\n<h2 class=\"wp-block-heading\">Whole-body cryotherapy <br>for sportsmen<\/h2>\n\n\n\n<p>Whole body cryotherapy is currently the most efficient and most comprehensive method of recovery and stimulation of the locomotive apparatus. Thanks to its distinctive recovery effect it is used by athletes, gyms and sports clubs around the globe. Juventus Turin, Udinese Calcio, Inter Milan, San Francisco 49ers and other top notch sport establishments have included cryosauna and cryotherapy in their training processes. Cryosauna represent an ideal ergonomic and effective solution for sport clubs, gyms, physiotherapy and recovery clinics, as well as individual athletes.<\/p>\n<\/div>\n\n\n\n<div class=\"wp-block-column is-layout-flow wp-block-column-is-layout-flow\">\n<figure class=\"wp-block-image size-large\"><img loading=\"lazy\" decoding=\"async\" width=\"540\" height=\"540\" src=\"\/wp-content\/uploads\/2021\/06\/Frame-11-6.png\" alt=\"Whole body cryotherapy in sport\" class=\"wp-image-5947\" srcset=\"https:\/\/cryomed.pro\/wp-content\/uploads\/2021\/06\/Frame-11-6.png 540w, https:\/\/cryomed.pro\/wp-content\/uploads\/2021\/06\/Frame-11-6-300x300.png 300w, https:\/\/cryomed.pro\/wp-content\/uploads\/2021\/06\/Frame-11-6-150x150.png 150w, https:\/\/cryomed.pro\/wp-content\/uploads\/2021\/06\/Frame-11-6-100x100.png 100w, https:\/\/cryomed.pro\/wp-content\/uploads\/2021\/06\/Frame-11-6-160x160.png 160w, https:\/\/cryomed.pro\/wp-content\/uploads\/2021\/06\/Frame-11-6-340x340.png 340w\" sizes=\"auto, (max-width: 540px) 100vw, 540px\" \/><figcaption class=\"wp-element-caption\">Whole body cryotherapy in sport<\/figcaption><\/figure>\n<\/div>\n<\/div>\n<\/div><\/div>\n\n\n\n<div class=\"wp-block-group alignfull wp-block-group-media-text\"><div class=\"wp-block-group__inner-container is-layout-flow wp-block-group-is-layout-flow\">\n<div class=\"wp-block-columns alignwide is-layout-flex wp-container-core-columns-is-layout-9d6595d7 wp-block-columns-is-layout-flex\">\n<div class=\"wp-block-column is-layout-flow wp-block-column-is-layout-flow\">\n<figure class=\"wp-block-image size-large\"><img loading=\"lazy\" decoding=\"async\" width=\"540\" height=\"540\" src=\"\/wp-content\/uploads\/2021\/06\/professor-1.png\" alt=\"Cryotherapy procedure for sportsmen\" class=\"wp-image-5966\" srcset=\"https:\/\/cryomed.pro\/wp-content\/uploads\/2021\/06\/professor-1.png 540w, https:\/\/cryomed.pro\/wp-content\/uploads\/2021\/06\/professor-1-300x300.png 300w, https:\/\/cryomed.pro\/wp-content\/uploads\/2021\/06\/professor-1-150x150.png 150w, https:\/\/cryomed.pro\/wp-content\/uploads\/2021\/06\/professor-1-100x100.png 100w, https:\/\/cryomed.pro\/wp-content\/uploads\/2021\/06\/professor-1-160x160.png 160w, https:\/\/cryomed.pro\/wp-content\/uploads\/2021\/06\/professor-1-340x340.png 340w\" sizes=\"auto, (max-width: 540px) 100vw, 540px\" \/><figcaption class=\"wp-element-caption\">Cryotherapy procedure for sportsmen<\/figcaption><\/figure>\n<\/div>\n\n\n\n<div class=\"wp-block-column is-layout-flow wp-block-column-is-layout-flow\">\n<h2 class=\"wp-block-heading\">Cryotherapy procedure <br>for sportsmen<\/h2>\n\n\n\n<p>Within a 2-3 minutes long procedure in a cryosauna, the human body is rapidly exposed to extremely low temperature of about -130\u00b0C. To support the effect of cryotherapy, we recommend additional 15-20 minutes of kinesiotherapy on a stationary bicycle, or similar aerobic exercise after the procedure.<\/p>\n\n\n\n<p>In addition to the already described stimulation and recovery effect on muscles and the whole locomotive apparatus, increased production of beta-endorphins inducing a feeling of happiness and boost of activity. This feeling of motivation and positive encouragement, and also higher resistance to load thanks to the analgesic effect, will persist 3 \u2013 5 hours after the procedure.<\/p>\n<\/div>\n<\/div>\n<\/div><\/div>\n\n\n\n<aside class=\"section section-cta\">\n\t<div class=\"xl:container\">\n\t\t<div class=\"card\">\n\n\t\t\t\n<div class=\"cp-glass cp-glass--primary\">\n\n\t<img loading=\"lazy\" decoding=\"async\" width=\"1920\" height=\"1280\" class=\"js-parallax\" src=\"https:\/\/cryomed.pro\/wp-content\/themes\/cryomed\/resources\/img\/1920x1280\/1.jpg\" alt=\"Crioterapia en el Deporte - photo\" title=\"Crioterapia en el Deporte\" \/>\n\t\t\t<div class=\"cp-glass-backdrop\"><\/div>\n\t<\/div>\n\n\t\t\t<div class=\"card__body\">\n\t\t\t\t<p class=\"card__title\">Compre al l\u00edder del sector con el mayor n\u00famero de aparatos de crioterapia vendidos en todo el mundo.<\/p>\n\t\t\t\t<div class=\"flex flex-col flex-wrap items-center justify-center space-y-6 md:flex-row md:space-y-0 md:space-x-6 mt-10\">\n\n\t\t\t\t\t\n\t<button class=\"btn btn--large btn--white w-full md:w-auto\"\n\t\tdata-toggle=\"modal\"\n\t\tdata-type=\"contact-us\"\n\t\tdata-find=\"#modal-pills-price-tab\"\n\t\t>\n\n\t\tSolicitar un presupuesto\t<\/button>\n\n\t\n\t<button class=\"btn btn--large btn--white w-full md:w-auto\"\n\t\tdata-toggle=\"modal\"\n\t\tdata-type=\"contact-us\"\n\t\tdata-find=\"#modal-pills-distributor-tab\"\n\t\t>\n\n\t\tConvi\u00e9rtase en distribuidor\t<\/button>\n\n\t\n\t\t\t\t<\/div>\n\t\t\t<\/div>\n\t\t<\/div>\n\t<\/div>\n<\/aside>\n\n\n\n\t<section class=\"section section-list-testimonials bg-light\">\n\t\t<div class=\"container\">\n\t\t\t<header class=\"section__header text-center\">\n\t\t\t\t<h2 class=\"section__title text-navy\">Sportsman reviews<\/h2>\n<!--\t\t\t\t\t-->                    \t\t\t<\/header>\n\n\t\t\t\n\t\t\t\t<div class=\"swiper-container swiper-container__thumbs\">\n\t\t\t\t\t<div class=\"swiper-wrapper flex justify-between\">\n\t\t\t\t\t\t\n\t\t\t\t\t\t\t<div class=\"swiper-slide mx-4 lg:mx-8\">\n\t\t\t\t\t\t\t\t<img loading=\"lazy\" decoding=\"async\" width=\"100\" height=\"100\" src=\"https:\/\/cryomed.pro\/wp-content\/uploads\/2021\/08\/cryo-sport-07-100x100.png\" class=\"attachment-100x100 size-100x100 wp-post-image\" alt=\"Martin Ot\u010den\u00e1\u0161, Biathlonist\" srcset=\"https:\/\/cryomed.pro\/wp-content\/uploads\/2021\/08\/cryo-sport-07-100x100.png 100w, https:\/\/cryomed.pro\/wp-content\/uploads\/2021\/08\/cryo-sport-07-150x150.png 150w, https:\/\/cryomed.pro\/wp-content\/uploads\/2021\/08\/cryo-sport-07-160x160.png 160w\" sizes=\"auto, (max-width: 100px) 100vw, 100px\" \/>\t\t\t\t\t\t\t<\/div>\n\n\t\t\t\t\t\t\n\t\t\t\t\t\t\t<div class=\"swiper-slide mx-4 lg:mx-8\">\n\t\t\t\t\t\t\t\t<img loading=\"lazy\" decoding=\"async\" width=\"100\" height=\"100\" src=\"https:\/\/cryomed.pro\/wp-content\/uploads\/2021\/08\/cryo-sport-06-100x100.png\" class=\"attachment-100x100 size-100x100 wp-post-image\" alt=\"Basketball club Pie\u0161\u0165ansk\u00e9 \u010cajky, Slovak Vice Champion 2017\" srcset=\"https:\/\/cryomed.pro\/wp-content\/uploads\/2021\/08\/cryo-sport-06-100x100.png 100w, https:\/\/cryomed.pro\/wp-content\/uploads\/2021\/08\/cryo-sport-06-150x150.png 150w, https:\/\/cryomed.pro\/wp-content\/uploads\/2021\/08\/cryo-sport-06-160x160.png 160w\" sizes=\"auto, (max-width: 100px) 100vw, 100px\" \/>\t\t\t\t\t\t\t<\/div>\n\n\t\t\t\t\t\t\n\t\t\t\t\t\t\t<div class=\"swiper-slide mx-4 lg:mx-8\">\n\t\t\t\t\t\t\t\t<img loading=\"lazy\" decoding=\"async\" width=\"100\" height=\"100\" src=\"https:\/\/cryomed.pro\/wp-content\/uploads\/2021\/08\/cryo-sport-05-e1586274764581-100x100.png\" class=\"attachment-100x100 size-100x100 wp-post-image\" alt=\"Tom\u00e1\u0161 Surov\u00fd, Ice Hockey\" srcset=\"https:\/\/cryomed.pro\/wp-content\/uploads\/2021\/08\/cryo-sport-05-e1586274764581-100x100.png 100w, https:\/\/cryomed.pro\/wp-content\/uploads\/2021\/08\/cryo-sport-05-e1586274764581-150x150.png 150w, https:\/\/cryomed.pro\/wp-content\/uploads\/2021\/08\/cryo-sport-05-e1586274764581-160x160.png 160w\" sizes=\"auto, (max-width: 100px) 100vw, 100px\" \/>\t\t\t\t\t\t\t<\/div>\n\n\t\t\t\t\t\t\n\t\t\t\t\t\t\t<div class=\"swiper-slide mx-4 lg:mx-8\">\n\t\t\t\t\t\t\t\t<img loading=\"lazy\" decoding=\"async\" width=\"100\" height=\"100\" src=\"https:\/\/cryomed.pro\/wp-content\/uploads\/2021\/08\/cryo-sport-04-100x100.png\" class=\"attachment-100x100 size-100x100 wp-post-image\" alt=\"Matej T\u00f3th, Slovak race walker, Olympic champion\" srcset=\"https:\/\/cryomed.pro\/wp-content\/uploads\/2021\/08\/cryo-sport-04-100x100.png 100w, https:\/\/cryomed.pro\/wp-content\/uploads\/2021\/08\/cryo-sport-04-150x150.png 150w, https:\/\/cryomed.pro\/wp-content\/uploads\/2021\/08\/cryo-sport-04-160x160.png 160w\" sizes=\"auto, (max-width: 100px) 100vw, 100px\" \/>\t\t\t\t\t\t\t<\/div>\n\n\t\t\t\t\t\t\t\t\t\t\t<\/div>\n\t\t\t\t<\/div>\n\n\t\t\t\t<div class=\"swiper-container swiper-container__slides\">\n\t\t\t\t\t<div class=\"swiper-wrapper\">\n\t\t\t\t\t\t\n\t\t\t\t\t\t\t<div class=\"swiper-slide\">\n\t\t\t\t\t\t\t\t<figure class=\"card\">\n\t\t\t\t\t\t\t\t\t<blockquote class=\"card__body\"><p>\u201cTengo una larga experiencia positiva con la crioterapia como deportista. La prob\u00e9 por primera vez en 2005 tras varias lesiones musculares, cuando me ayud\u00f3 en la convalecencia. Desde 2012 tomo tratamientos de 10 ciclos durante mi preparaci\u00f3n estival, lo que me ayuda a afrontar entrenamientos exigentes acelerando la recuperaci\u00f3n y la relajaci\u00f3n de los m\u00fasculos. Tom\u00f3 otro tratamiento de 10 cursos antes del inicio de la temporada principal, antes del invierno, para reforzar mi sistema inmunitario y ayudar a la recuperaci\u00f3n general de m\u00fasculos y tendones tras el periodo de entrenamiento\u201d.<\/p>\n<\/blockquote>\n\n\t\t\t\t\t\t\t\t\t<footer class=\"card__footer mb-6 lg:mb-10\">\n\n\t\t\t\t\t\t\t\t\t\t<cite class=\"author\">La crioterapia en el biatl\u00f3n: Martin Ot\u010den\u00e1\u0161<\/cite>\n\t\t\t\t\t\t\t\t\t\t<cite class=\"company\">Martin Ot\u010den\u00e1\u0161, biatlonista<\/cite>\n\t\t\t\t\t\t\t\t\t<\/footer>\n\t\t\t\t\t\t\t\t<\/figure>\n\t\t\t\t\t\t\t<\/div>\n\t\t\t\t\t\t\n\t\t\t\t\t\t\t<div class=\"swiper-slide\">\n\t\t\t\t\t\t\t\t<figure class=\"card\">\n\t\t\t\t\t\t\t\t\t<blockquote class=\"card__body\"><p>\u201cEn el club intentamos crear un entorno m\u00e1s profesional y la recuperaci\u00f3n de nuestros jugadores es nuestra prioridad. S\u00f3lo tenemos experiencias positivas con la crioterapia, ya que en los \u00faltimos a\u00f1os hemos utilizado los servicios de otro proveedor de crioterapia en Piestany. Cuando surgi\u00f3 la posibilidad de tener una criosauna justo en el estadio Diplomat, no lo dudamos y estamos seguros de que tendr\u00e1 grandes beneficios\u201d, declar\u00f3 Bronislava Borovi\u010dkov\u00e1, directora general del club.\u201d<\/p>\n<p>\u201cDesde la perspectiva del fisioterapeuta, es una gran experiencia trabajar con una criosauna directamente en nuestras instalaciones, donde siempre est\u00e1 disponible. La ventaja es que podemos responder mejor a situaciones en las que, por ejemplo, aumenta la fatiga despu\u00e9s de un partido o de un ciclo de entrenamiento. Tambi\u00e9n me beneficia mucho la cooperaci\u00f3n entre el entrenador principal y yo. Tenemos normas claras sobre cu\u00e1ndo se aplica la crioterapia de cuerpo entero, lo que aumenta a\u00fan m\u00e1s el efecto global de esta terapia\u201d, Michal Nagaj, fisioterapeuta del Pie\u0161\u0165ansk\u00e9 \u010cajky.\u201d<\/p>\n<p>\u201cSe desencadenan muchas reacciones en el organismo, que inician procesos de recuperaci\u00f3n en el cuerpo inmediatamente despu\u00e9s de la terapia. En las horas siguientes, estos procesos reducir\u00e1n la fatiga total o ayudar\u00e1n a sanar, por ejemplo, las estructuras musculares, aumentando as\u00ed la prevenci\u00f3n de lesiones. As\u00ed, los jugadores vuelven a estar preparados para el pleno rendimiento que se exige en el deporte profesional\u201d, describe Michal Nagaj el efecto de la crioterapia corporal.<\/p>\n<\/blockquote>\n\n\t\t\t\t\t\t\t\t\t<footer class=\"card__footer mb-6 lg:mb-10\">\n\n\t\t\t\t\t\t\t\t\t\t<cite class=\"author\">La crioterapia en el baloncesto: club de baloncesto Pie\u0161t\u2019ansk\u00e9 \u010cajke<\/cite>\n\t\t\t\t\t\t\t\t\t\t<cite class=\"company\">El club de baloncesto Pie\u0161t'ansk\u00e9 \u010cajky, subcampe\u00f3n de Eslovaquia 2017<\/cite>\n\t\t\t\t\t\t\t\t\t<\/footer>\n\t\t\t\t\t\t\t\t<\/figure>\n\t\t\t\t\t\t\t<\/div>\n\t\t\t\t\t\t\n\t\t\t\t\t\t\t<div class=\"swiper-slide\">\n\t\t\t\t\t\t\t\t<figure class=\"card\">\n\t\t\t\t\t\t\t\t\t<blockquote class=\"card__body\"><p>\u201cLlevo 5 a\u00f1os utilizando la crioterapia como parte integral de la recuperaci\u00f3n entre partidos 3-4 veces por semana. Gracias a ella me siento menos cansado y m\u00e1s motivado para entrenar, me siento muy sano. Tambi\u00e9n me ayuda a evitar las lesiones por fatiga y, si se produce una peque\u00f1a lesi\u00f3n, utiliz\u00f3 inmediatamente el tratamiento de crioterapia local con cryofan\u201d.<\/p>\n<\/blockquote>\n\n\t\t\t\t\t\t\t\t\t<footer class=\"card__footer mb-6 lg:mb-10\">\n\n\t\t\t\t\t\t\t\t\t\t<cite class=\"author\">La crioterapia en el hockey: Tom\u00e1\u0161 Surov\u00fd<\/cite>\n\t\t\t\t\t\t\t\t\t\t<cite class=\"company\">Tom\u00e1\u0161 Surov\u00fd, Hockey sobre hielo<\/cite>\n\t\t\t\t\t\t\t\t\t<\/footer>\n\t\t\t\t\t\t\t\t<\/figure>\n\t\t\t\t\t\t\t<\/div>\n\t\t\t\t\t\t\n\t\t\t\t\t\t\t<div class=\"swiper-slide\">\n\t\t\t\t\t\t\t\t<figure class=\"card\">\n\t\t\t\t\t\t\t\t\t<blockquote class=\"card__body\"><p>\u201cMi experiencia con la crioterapia es amplia. Se ha convertido en una parte habitual de mi preparaci\u00f3n durante todo el a\u00f1o. Hago al menos tres tratamientos de 10 ciclos durante el a\u00f1o, la mayor\u00eda en octubre-marzo y en junio. Me sirve como m\u00e9todo de recuperaci\u00f3n despu\u00e9s de un bloque de entrenamiento exigente. No lleva mucho tiempo y no agota tanto como la terapia de agua fr\u00eda o el ba\u00f1o de hielo. Adem\u00e1s, la agradable sensaci\u00f3n gracias a las endorfinas me motiva a entrenar m\u00e1s y, por supuesto, acelera la recuperaci\u00f3n y elimina la fatiga. En caso de lesiones musculares utilizo la crioterapia local. Gracias a ella pude participar en los Juegos Ol\u00edmpicos de Londres tras una inflamaci\u00f3n del tend\u00f3n tibial\u201d. <\/p>\n<\/blockquote>\n\n\t\t\t\t\t\t\t\t\t<footer class=\"card__footer mb-6 lg:mb-10\">\n\n\t\t\t\t\t\t\t\t\t\t<cite class=\"author\">La crioterapia en el atletismo: Matej T\u00f3th<\/cite>\n\t\t\t\t\t\t\t\t\t\t<cite class=\"company\">Matej T\u00f3th, marchador eslovaco, campe\u00f3n ol\u00edmpico<\/cite>\n\t\t\t\t\t\t\t\t\t<\/footer>\n\t\t\t\t\t\t\t\t<\/figure>\n\t\t\t\t\t\t\t<\/div>\n\t\t\t\t\t\t\t\t\t\t\t<\/div>\n\t\t\t\t<\/div>\n\t\t\t\t\t<\/div>\n\t<\/section>\n\n\t\n","protected":false},"excerpt":{"rendered":"<p>La crioterapia ha demostrado ser una potente herramienta de recuperaci\u00f3n utilizada tanto por profesionales de \u00e9lite como por guerreros de fin de semana.  Se sabe que aumenta el rendimiento hasta un 40%.<\/p>\n","protected":false},"author":1,"featured_media":6781,"parent":33071,"menu_order":2,"comment_status":"closed","ping_status":"closed","template":"","meta":{"inline_featured_image":false,"footnotes":""},"class_list":["hentry","has-post-thumbnail"],"meta_box":[],"_links":{"self":[{"href":"https:\/\/cryomed.pro\/es\/wp-json\/wp\/v2\/pages\/32748","targetHints":{"allow":["GET"]}}],"collection":[{"href":"https:\/\/cryomed.pro\/es\/wp-json\/wp\/v2\/pages"}],"about":[{"href":"https:\/\/cryomed.pro\/es\/wp-json\/wp\/v2\/types\/page"}],"author":[{"embeddable":true,"href":"https:\/\/cryomed.pro\/es\/wp-json\/wp\/v2\/users\/1"}],"replies":[{"embeddable":true,"href":"https:\/\/cryomed.pro\/es\/wp-json\/wp\/v2\/comments?post=32748"}],"version-history":[{"count":2,"href":"https:\/\/cryomed.pro\/es\/wp-json\/wp\/v2\/pages\/32748\/revisions"}],"predecessor-version":[{"id":107555,"href":"https:\/\/cryomed.pro\/es\/wp-json\/wp\/v2\/pages\/32748\/revisions\/107555"}],"up":[{"embeddable":true,"href":"https:\/\/cryomed.pro\/es\/wp-json\/wp\/v2\/pages\/33071"}],"wp:featuredmedia":[{"embeddable":true,"href":"https:\/\/cryomed.pro\/es\/wp-json\/wp\/v2\/media\/6781"}],"wp:attachment":[{"href":"https:\/\/cryomed.pro\/es\/wp-json\/wp\/v2\/media?parent=32748"}],"curies":[{"name":"wp","href":"https:\/\/api.w.org\/{rel}","templated":true}]}}