{"id":32675,"date":"2020-07-08T09:27:24","date_gmt":"2020-07-08T09:27:24","guid":{"rendered":"https:\/\/cryomed.pro\/about-us\/quality-and-certificates\/"},"modified":"2024-04-15T15:59:19","modified_gmt":"2024-04-15T15:59:19","slug":"certificados","status":"publish","type":"page","link":"https:\/\/cryomed.pro\/es\/sobre-nosotros\/certificados\/","title":{"rendered":"Certificados"},"content":{"rendered":"\n\t<div class=\"section section-certificates-loop\">\n\t\t<div class=\"container flex flex-wrap justify-between mb-10 \/flex-col items-center \/space-y-10 \/lg:space-y-20\">\n\n\t\t\t\n\t\t\t\t<article class=\"card card-certificate\">\n\t\t\t\t\t<div class=\"card-media\" data-cursor=\"resize\" data-fancybox data-src=\"https:\/\/cryomed.pro\/wp-content\/uploads\/2023\/12\/CE-Certificate-IceChill-HorseCryo-PetCryo-Oct2026-pdf.jpg\">\n\n\t\t\t\t\t\t<img loading=\"lazy\" decoding=\"async\" width=\"1058\" height=\"1496\" src=\"https:\/\/cryomed.pro\/wp-content\/uploads\/2023\/12\/CE-Certificate-IceChill-HorseCryo-PetCryo-Oct2026-pdf.jpg\" class=\"attachment-full size-full wp-post-image\" alt=\"\" \/>\n\t\t\t\t\t<\/div>\n\n\t\t\t\t\t<div class=\"card-body\" style=\"display: none\">\n\t\t\t\t\t\t<div class=\"card-collapse\">\n\t\t\t\t\t\t\t<input class=\"card-collapse-input\" type=\"checkbox\" id=\"description-34781\" value=\"\">\n\t\t\t\t\t\t\t<label class=\"card-collapse-label\" for=\"description-34781\">Description<\/label>\n\n\t\t\t\t\t\t\t<div class=\"card-collapse-wrapper\" style=\"display: none\">\n\t\t\t\t\t\t\t\t<h2 class=\"card-title\">CE Certificate IceChill HorseCryo PetCryo Oct2026<\/h2>\n\t\t\t\t\t\t\t\t<div class=\"card-text\">\n\t\t\t\t\t\t\t\t\t\t\t\t\t\t\t\t\t<\/div>\n\t\t\t\t\t\t\t<\/div>\n\t\t\t\t\t\t<\/div>\n\n\t\t\t\t\t\t\t\t\t\t\t<\/div>\n\t\t\t\t<\/article>\n\n\t\t\t\t\n\t\t\t\t<article class=\"card card-certificate\">\n\t\t\t\t\t<div class=\"card-media\" data-cursor=\"resize\" data-fancybox data-src=\"https:\/\/cryomed.pro\/wp-content\/uploads\/2023\/12\/CE-Certificate-Cryomed-Pro-One-Dec2026-pdf.jpg\">\n\n\t\t\t\t\t\t<img loading=\"lazy\" decoding=\"async\" width=\"1058\" height=\"1496\" src=\"https:\/\/cryomed.pro\/wp-content\/uploads\/2023\/12\/CE-Certificate-Cryomed-Pro-One-Dec2026-pdf.jpg\" class=\"attachment-full size-full wp-post-image\" alt=\"\" \/>\n\t\t\t\t\t<\/div>\n\n\t\t\t\t\t<div class=\"card-body\" style=\"display: none\">\n\t\t\t\t\t\t<div class=\"card-collapse\">\n\t\t\t\t\t\t\t<input class=\"card-collapse-input\" type=\"checkbox\" id=\"description-34785\" value=\"\">\n\t\t\t\t\t\t\t<label class=\"card-collapse-label\" for=\"description-34785\">Description<\/label>\n\n\t\t\t\t\t\t\t<div class=\"card-collapse-wrapper\" style=\"display: none\">\n\t\t\t\t\t\t\t\t<h2 class=\"card-title\">CE-Certificate-Cryomed-Pro-One-Dec2026<\/h2>\n\t\t\t\t\t\t\t\t<div class=\"card-text\">\n\t\t\t\t\t\t\t\t\t\t\t\t\t\t\t\t\t<\/div>\n\t\t\t\t\t\t\t<\/div>\n\t\t\t\t\t\t<\/div>\n\n\t\t\t\t\t\t\t\t\t\t\t<\/div>\n\t\t\t\t<\/article>\n\n\t\t\t\t\n\t\t\t\t<article class=\"card card-certificate\">\n\t\t\t\t\t<div class=\"card-media\" data-cursor=\"resize\" data-fancybox data-src=\"https:\/\/cryomed.pro\/wp-content\/uploads\/2023\/12\/CE-Certificate-CF-04-Nov2025-pdf.jpg\">\n\n\t\t\t\t\t\t<img loading=\"lazy\" decoding=\"async\" width=\"1058\" height=\"1496\" src=\"https:\/\/cryomed.pro\/wp-content\/uploads\/2023\/12\/CE-Certificate-CF-04-Nov2025-pdf.jpg\" class=\"attachment-full size-full wp-post-image\" alt=\"\" \/>\n\t\t\t\t\t<\/div>\n\n\t\t\t\t\t<div class=\"card-body\" style=\"display: none\">\n\t\t\t\t\t\t<div class=\"card-collapse\">\n\t\t\t\t\t\t\t<input class=\"card-collapse-input\" type=\"checkbox\" id=\"description-34783\" value=\"\">\n\t\t\t\t\t\t\t<label class=\"card-collapse-label\" for=\"description-34783\">Description<\/label>\n\n\t\t\t\t\t\t\t<div class=\"card-collapse-wrapper\" style=\"display: none\">\n\t\t\t\t\t\t\t\t<h2 class=\"card-title\">CE Certificate CF-04 Nov2025<\/h2>\n\t\t\t\t\t\t\t\t<div class=\"card-text\">\n\t\t\t\t\t\t\t\t\t\t\t\t\t\t\t\t\t<\/div>\n\t\t\t\t\t\t\t<\/div>\n\t\t\t\t\t\t<\/div>\n\n\t\t\t\t\t\t\t\t\t\t\t<\/div>\n\t\t\t\t<\/article>\n\n\t\t\t\t\n\t\t\t\t<article class=\"card card-certificate\">\n\t\t\t\t\t<div class=\"card-media\" data-cursor=\"resize\" data-fancybox data-src=\"https:\/\/cryomed.pro\/wp-content\/uploads\/2023\/12\/CE-Certificate-Basic-Mini-Jun2025-pdf.jpg\">\n\n\t\t\t\t\t\t<img loading=\"lazy\" decoding=\"async\" width=\"1058\" height=\"1496\" src=\"https:\/\/cryomed.pro\/wp-content\/uploads\/2023\/12\/CE-Certificate-Basic-Mini-Jun2025-pdf.jpg\" class=\"attachment-full size-full wp-post-image\" alt=\"\" \/>\n\t\t\t\t\t<\/div>\n\n\t\t\t\t\t<div class=\"card-body\" style=\"display: none\">\n\t\t\t\t\t\t<div class=\"card-collapse\">\n\t\t\t\t\t\t\t<input class=\"card-collapse-input\" type=\"checkbox\" id=\"description-34779\" value=\"\">\n\t\t\t\t\t\t\t<label class=\"card-collapse-label\" for=\"description-34779\">Description<\/label>\n\n\t\t\t\t\t\t\t<div class=\"card-collapse-wrapper\" style=\"display: none\">\n\t\t\t\t\t\t\t\t<h2 class=\"card-title\">CE Certificate Basic Mini Jun2025<\/h2>\n\t\t\t\t\t\t\t\t<div class=\"card-text\">\n\t\t\t\t\t\t\t\t\t\t\t\t\t\t\t\t\t<\/div>\n\t\t\t\t\t\t\t<\/div>\n\t\t\t\t\t\t<\/div>\n\n\t\t\t\t\t\t\t\t\t\t\t<\/div>\n\t\t\t\t<\/article>\n\n\t\t\t\t\n\t\t<\/div>\n\n        <div class=\"container\" style=\"text-align: justify\">\n            <p>Este certificado demuestra que los equipos de Cryomed cumplen las normas de salud, seguridad y protecci\u00f3n del medio ambiente aprobadas por la Uni\u00f3n Europea. En nuestro caso, no se trata de una autocertificaci\u00f3n, sino de un certificado emitido por un organismo notificado basado en los resultados de las pruebas. Nuestro certificado tambi\u00e9n enumera las directivas CE aplicables.<\/p>\n            <p>El Certificado de Conformidad va acompa\u00f1ado del marcado CE obligatorio.<\/p>\n        <\/div>\n\t<\/div>\n\n\t\n","protected":false},"excerpt":{"rendered":"<p>Our factory works according to quality system management ISO 13485. All our products are CE certified.<\/p>\n","protected":false},"author":1,"featured_media":12254,"parent":32656,"menu_order":2,"comment_status":"closed","ping_status":"closed","template":"","meta":{"inline_featured_image":false,"footnotes":""},"class_list":["hentry","has-post-thumbnail"],"meta_box":[],"_links":{"self":[{"href":"https:\/\/cryomed.pro\/es\/wp-json\/wp\/v2\/pages\/32675","targetHints":{"allow":["GET"]}}],"collection":[{"href":"https:\/\/cryomed.pro\/es\/wp-json\/wp\/v2\/pages"}],"about":[{"href":"https:\/\/cryomed.pro\/es\/wp-json\/wp\/v2\/types\/page"}],"author":[{"embeddable":true,"href":"https:\/\/cryomed.pro\/es\/wp-json\/wp\/v2\/users\/1"}],"replies":[{"embeddable":true,"href":"https:\/\/cryomed.pro\/es\/wp-json\/wp\/v2\/comments?post=32675"}],"version-history":[{"count":0,"href":"https:\/\/cryomed.pro\/es\/wp-json\/wp\/v2\/pages\/32675\/revisions"}],"up":[{"embeddable":true,"href":"https:\/\/cryomed.pro\/es\/wp-json\/wp\/v2\/pages\/32656"}],"wp:featuredmedia":[{"embeddable":true,"href":"https:\/\/cryomed.pro\/es\/wp-json\/wp\/v2\/media\/12254"}],"wp:attachment":[{"href":"https:\/\/cryomed.pro\/es\/wp-json\/wp\/v2\/media?parent=32675"}],"curies":[{"name":"wp","href":"https:\/\/api.w.org\/{rel}","templated":true}]}}