{"id":32671,"date":"2020-08-07T14:22:32","date_gmt":"2020-08-07T14:22:32","guid":{"rendered":"https:\/\/cryomed.pro\/about-us\/our-team\/"},"modified":"2024-04-15T15:57:59","modified_gmt":"2024-04-15T15:57:59","slug":"nuestro-equipo","status":"publish","type":"page","link":"https:\/\/cryomed.pro\/es\/sobre-nosotros\/nuestro-equipo\/","title":{"rendered":"Nuestro equipo"},"content":{"rendered":"\n\n\n\n<div class=\"section section-our-team-gallery\">\n\t<div class=\"container\">\n\t\t<!-- <div class=\"grid sm:grid-cols-2 lg:grid-cols-3 xl:grid-cols-4 gap-10\"> -->\n\t\t<div class=\"grid sm:grid-cols-2 lg:grid-cols-3 gap-10 xl:gap-20\">\n\t\t\t<div class=\"card\">\n\t\t\t\t<figure class=\"card-media\">\n\t\t\t\t\t<img decoding=\"async\" src=\"https:\/\/cryomed.pro\/wp-content\/themes\/cryomed\/inc\/shortcodes\/pages\/about-us\/our-team\/assets\/Olena Sydorenko, Marketing Director.jpg\" alt=\"Olena Sydorenko\">\n\t\t\t\t<\/figure>\n\n\t\t\t\t<div class=\"card-body flex flex-col justify-center text-center mt-4\">\n\t\t\t\t\t<span class=\"card-name text-navy\">Olena Sydorenko<\/span>\n\t\t\t\t\t<span class=\"card-position text-navy text-opacity-50 text-sm font-light mt-1\">Directora de Marketing<\/span>\n\t\t\t\t<\/div>\n\t\t\t<\/div>\n\t\t\t<div class=\"card\">\n\t\t\t\t<figure class=\"card-media\">\n\t\t\t\t\t<img decoding=\"async\" src=\"https:\/\/cryomed.pro\/wp-content\/themes\/cryomed\/inc\/shortcodes\/pages\/about-us\/our-team\/assets\/Mykhailo Liubchenko, Co-Owner of Cryomed Manufacture s.r.o.jpg\" alt=\"Mykhailo Liubchenko\">\n\t\t\t\t<\/figure>\n\n\t\t\t\t<div class=\"card-body flex flex-col justify-center text-center mt-4\">\n\t\t\t\t\t<span class=\"card-name text-navy\">Mykhailo Liubchenko<\/span>\n\t\t\t\t\t<span class=\"card-position text-navy text-opacity-50 text-sm font-light mt-1\">Director General de Cryomed Manufacture s.r.o.<\/span>\n\t\t\t\t<\/div>\n\t\t\t<\/div>\n\t\t\t<div class=\"card\">\n\t\t\t\t<figure class=\"card-media\">\n\t\t\t\t\t<img decoding=\"async\" src=\"https:\/\/cryomed.pro\/wp-content\/themes\/cryomed\/inc\/shortcodes\/pages\/about-us\/our-team\/assets\/Mariia Shepilova, Marketing Director Assistant.jpg\" alt=\"Mariia\u2028 Shepilova\">\n\t\t\t\t<\/figure>\n\n\t\t\t\t<div class=\"card-body flex flex-col justify-center text-center mt-4\">\n\t\t\t\t\t<span class=\"card-name text-navy\">Mariia\u2028 Shepilova<\/span>\n\t\t\t\t\t<span class=\"card-position text-navy text-opacity-50 text-sm font-light mt-1\">Asistente del Director de Marketing<\/span>\n\t\t\t\t<\/div>\n\t\t\t<\/div>\n\t\t\t<div class=\"card\">\n\t\t\t\t<figure class=\"card-media\">\n\t\t\t\t\t<img decoding=\"async\" src=\"https:\/\/cryomed.pro\/wp-content\/themes\/cryomed\/inc\/shortcodes\/pages\/about-us\/our-team\/assets\/Sergii Kryvonos, Sales Representative.jpg\" alt=\"Sergii Kryvonos\">\n\t\t\t\t<\/figure>\n\n\t\t\t\t<div class=\"card-body flex flex-col justify-center text-center mt-4\">\n\t\t\t\t\t<span class=\"card-name text-navy\">Sergii Kryvonos<\/span>\n\t\t\t\t\t<span class=\"card-position text-navy text-opacity-50 text-sm font-light mt-1\">Representante comercial<\/span>\n\t\t\t\t<\/div>\n\t\t\t<\/div>\n\t\t\t<div class=\"card\">\n\t\t\t\t<figure class=\"card-media\">\n\t\t\t\t\t<img decoding=\"async\" src=\"https:\/\/cryomed.pro\/wp-content\/themes\/cryomed\/inc\/shortcodes\/pages\/about-us\/our-team\/assets\/Viktoriia Boyarska, Back-Office Manager.jpg\" alt=\"Viktoriia\u2028 Boiarska\">\n\t\t\t\t<\/figure>\n\n\t\t\t\t<div class=\"card-body flex flex-col justify-center text-center mt-4\">\n\t\t\t\t\t<span class=\"card-name text-navy\">Viktoriia\u2028 Boiarska<\/span>\n\t\t\t\t\t<span class=\"card-position text-navy text-opacity-50 text-sm font-light mt-1\">Gestor de Back-Office<\/span>\n\t\t\t\t<\/div>\n\t\t\t<\/div>\n\t\t\t<div class=\"card\">\n\t\t\t\t<figure class=\"card-media\">\n\t\t\t\t\t<img decoding=\"async\" src=\"https:\/\/cryomed.pro\/wp-content\/themes\/cryomed\/inc\/shortcodes\/pages\/about-us\/our-team\/assets\/Larysa Zhbanova, Project Manager.jpg\" alt=\"Larysa\u2028 Zhbanova\">\n\t\t\t\t<\/figure>\n\n\t\t\t\t<div class=\"card-body flex flex-col justify-center text-center mt-4\">\n\t\t\t\t\t<span class=\"card-name text-navy\">Larysa\u2028 Zhbanova<\/span>\n\t\t\t\t\t<span class=\"card-position text-navy text-opacity-50 text-sm font-light mt-1\">Gestor de proyectos<\/span>\n\t\t\t\t<\/div>\n\t\t\t<\/div>\n\t\t\t<div class=\"card\">\n\t\t\t\t<figure class=\"card-media\">\n\t\t\t\t\t<img decoding=\"async\" src=\"https:\/\/cryomed.pro\/wp-content\/themes\/cryomed\/inc\/shortcodes\/pages\/about-us\/our-team\/assets\/Yulia Lievshyna, SMM manager.jpg\" alt=\"Yulia\u2028 Lievshyna\">\n\t\t\t\t<\/figure>\n\n\t\t\t\t<div class=\"card-body flex flex-col justify-center text-center mt-4\">\n\t\t\t\t\t<span class=\"card-name text-navy\">Yulia\u2028 Lievshyna<\/span>\n\t\t\t\t\t<span class=\"card-position text-navy text-opacity-50 text-sm font-light mt-1\">Gestor de SMM<\/span>\n\t\t\t\t<\/div>\n\t\t\t<\/div>\n\t\t<\/div>\n\t<\/div>\n<\/div>\n\n\n\n<div class=\"section section-why-us\">\n\t<div class=\"container\">\n\t\t<header class=\"section__header text-center\">\n            <h2 class=\"section__title\">\u00bfPor qu\u00e9 nosotros?<\/h2>\n        <\/header>\n\n\t\t<div class=\"section-row\" style=\"text-align: justify\">\n\t\t\t<div class=\"section-col col-span-1 flex flex-col\">\n\t\t\t\t<div class=\"card flex-1\">\n                    <div class=\"card-media\">\n                        <img decoding=\"async\" src=\"https:\/\/cryomed.pro\/wp-content\/themes\/cryomed\/inc\/shortcodes\/pages\/about-us\/our-team\/assets\/circles_three_plus.svg\" alt=\"Nuestro equipo\">\n                    <\/div>\n                    <div class=\"card-body\">\n                        <h3 class=\"card-title\">Marcamos la diferencia<\/h3>\n                        <p>Ofrecemos la m\u00e1s amplia gama de modelos de productos de crioterapia en el mercado, con cuerpo entero, En nuestras criosaunas, puede elegir el tama\u00f1o de su m\u00e1quina en funci\u00f3n de su ubicaci\u00f3n, cabina m\u00e1s grande o m\u00e1s peque\u00f1a en funci\u00f3n de los clientes que atiende, compatibilidad con Dewars o tanques presurizados en funci\u00f3n del n\u00famero de sesiones que planea proporcionar.<\/p>\n                    <\/div>\n                <\/div>\n\t\t\t<\/div>\n\t\t\t<div class=\"section-col col-span-1 flex flex-col\">\n\t\t\t\t<div class=\"card flex-1\">\n                    <div class=\"card-media\">\n                        <img decoding=\"async\" src=\"https:\/\/cryomed.pro\/wp-content\/themes\/cryomed\/inc\/shortcodes\/pages\/about-us\/our-team\/assets\/chart_up.svg\" alt=\"Nuestro equipo\">\n                    <\/div>\n                    <div class=\"card-body\">\n                        <h3 class=\"card-title\">Crecemos<\/h3>\n                        <p>Nuestro departamento de I+D lanza nuevos modelos cada a\u00f1o y presenta mejoras y actualizaciones de software cada pocos meses para crear el entorno de crioterapia m\u00e1s seguro y agradable.<\/p>\n                    <\/div>\n                <\/div>\n\t\t\t<\/div>\n\t\t\t<div class=\"section-col col-span-1 flex flex-col\">\n\t\t\t\t<div class=\"card flex-1\">\n                    <div class=\"card-media\">\n                        <img decoding=\"async\" src=\"https:\/\/cryomed.pro\/wp-content\/themes\/cryomed\/inc\/shortcodes\/pages\/about-us\/our-team\/assets\/timer.svg\" alt=\"Nuestro equipo\">\n                    <\/div>\n                    <div class=\"card-body\">\n                        <h3 class=\"card-title\">Tenemos experiencia<\/h3>\n                        <p>Con m\u00e1s de 20 a\u00f1os de fabricaci\u00f3n.<\/p>\n                    <\/div>\n                <\/div>\n\t\t\t<\/div>\n\t\t\t<div class=\"section-col col-span-1 flex flex-col\">\n\t\t\t\t<div class=\"card flex-1\">\n                    <div class=\"card-media\">\n                        <img decoding=\"async\" src=\"https:\/\/cryomed.pro\/wp-content\/themes\/cryomed\/inc\/shortcodes\/pages\/about-us\/our-team\/assets\/cryobus.svg\" alt=\"Nuestro equipo\">\n                    <\/div>\n                    <div class=\"card-body\">\n                        <h3 class=\"card-title\">Entregamos<\/h3>\n                        <p>Confiamos en la calidad de nuestros productos.<\/p>\n                    <\/div>\n                <\/div>\n\t\t\t<\/div>\n\t\t<\/div>\n\t<\/div>\n<\/div>\n\n\n\n<section class=\"section section-benefits-2\">\n    <div class=\"container\">\n        <header class=\"section__header text-center\">\n            <h2 class=\"section__title\">Servicios a empresas<\/h2>\n        <\/header>\n\n        <div class=\"section-row\">\n            <div class=\"section-col col-span-1 flex flex-col\">\n                <div class=\"card flex-1\">\n                    <div class=\"card-media\">\n                        <img decoding=\"async\" src=\"https:\/\/cryomed.pro\/wp-content\/themes\/cryomed\/inc\/shortcodes\/pages\/about-us\/our-team\/assets\/handshake.svg\" alt=\"Nuestro equipo\">\n                    <\/div>\n                    <div class=\"card-body\">\n                        <h3 class=\"card-title\">Ponemos en marcha<\/h3>\n                        <p>Opte por el leasing, el alquiler o la permuta para lanzar su negocio<\/p>\n                    <\/div>\n                <\/div>\n            <\/div>\n            <div class=\"section-col col-span-1 flex flex-col\">\n                <div class=\"card flex-1\">\n                    <div class=\"card-media\">\n                        <img decoding=\"async\" src=\"https:\/\/cryomed.pro\/wp-content\/themes\/cryomed\/inc\/shortcodes\/pages\/about-us\/our-team\/assets\/book_open.svg\" alt=\"Nuestro equipo\">\n                    <\/div>\n                    <div class=\"card-body\">\n                        <h3 class=\"card-title\">Apoyamos<\/h3>\n                        <p>Reciba un paquete completo de marketing y promoci\u00f3n para hacer despegar su negocio<\/p>\n                    <\/div>\n                <\/div>\n            <\/div>\n            <div class=\"section-col col-span-1 flex flex-col\">\n                <div class=\"card flex-1\">\n                    <div class=\"card-media\">\n                        <img decoding=\"async\" src=\"https:\/\/cryomed.pro\/wp-content\/themes\/cryomed\/inc\/shortcodes\/pages\/about-us\/our-team\/assets\/briefcase.svg\" alt=\"Nuestro equipo\">\n                    <\/div>\n                    <div class=\"card-body\">\n                        <h3 class=\"card-title\">Aconsejamos<\/h3>\n                        <p>Solicite nuestra ayuda para elaborar planes de marketing y estrategias publicitarias<\/p>\n                    <\/div>\n                <\/div>\n            <\/div>\n            <div class=\"section-col col-span-1 flex flex-col\">\n                <div class=\"card flex-1\">\n                    <div class=\"card-media\">\n                        <img decoding=\"async\" src=\"https:\/\/cryomed.pro\/wp-content\/themes\/cryomed\/inc\/shortcodes\/pages\/about-us\/our-team\/assets\/graduation_cap.svg\" alt=\"Nuestro equipo\">\n                    <\/div>\n                    <div class=\"card-body\">\n                        <h3 class=\"card-title\">Entrenamos<\/h3>\n                        <p>Env\u00ede una solicitud y forme a sus operarios in situ<\/p>\n                    <\/div>\n                <\/div>\n            <\/div>\n            <div class=\"section-col col-span-1 flex flex-col\">\n                <div class=\"card flex-1\">\n                    <div class=\"card-media\">\n                        <img decoding=\"async\" src=\"https:\/\/cryomed.pro\/wp-content\/themes\/cryomed\/inc\/shortcodes\/pages\/about-us\/our-team\/assets\/diamond.svg\" alt=\"Nuestro equipo\">\n                    <\/div>\n                    <div class=\"card-body\">\n                        <h3 class=\"card-title\">Analizamos a fondo<\/h3>\n                        <p>Inscr\u00edbase en nuestro curso gratuito de formaci\u00f3n en l\u00ednea para ofrecer el mejor servicio a sus clientes<\/p>\n                    <\/div>\n                <\/div>\n            <\/div>\n            <div class=\"section-col col-span-1 flex flex-col\">\n                <div class=\"card flex-1\">\n                    <div class=\"card-media\">\n                        <img decoding=\"async\" src=\"https:\/\/cryomed.pro\/wp-content\/themes\/cryomed\/inc\/shortcodes\/pages\/about-us\/our-team\/assets\/shield_check.svg\" alt=\"Nuestro equipo\">\n                    <\/div>\n                    <div class=\"card-body\">\n                        <h3 class=\"card-title\">Nos preocupamos<\/h3>\n                        <p>Conf\u00ede en nuestro apoyo para cualquier problema de instalaci\u00f3n, funcionamiento o mantenimiento<\/p>\n                    <\/div>\n                <\/div>\n            <\/div>\n            <div class=\"section-col col-span-1 flex flex-col\" style=\"grid-column: 2 \/ span 1;  justify-self: center;\">\n                <div class=\"card flex-1\">\n                    <div class=\"card-media\">\n                        <img decoding=\"async\" src=\"https:\/\/cryomed.pro\/wp-content\/themes\/cryomed\/inc\/shortcodes\/pages\/about-us\/our-team\/assets\/airplane.svg\" alt=\"Nuestro equipo\">\n                    <\/div>\n                    <div class=\"card-body\">\n                        <h3 class=\"card-title\">Entregamos en todo el mundo<\/h3>\n                        <p>Obtenga nuestra asistencia para la entrega en todo el mundo por v\u00eda a\u00e9rea o por cami\u00f3n<\/p>\n                    <\/div>\n                <\/div>\n            <\/div>\n        <\/div>\n    <\/div>\n<\/section>\n\n","protected":false},"excerpt":{"rendered":"","protected":false},"author":1,"featured_media":0,"parent":32656,"menu_order":1,"comment_status":"closed","ping_status":"closed","template":"","meta":{"inline_featured_image":false,"footnotes":""},"class_list":["hentry"],"meta_box":[],"_links":{"self":[{"href":"https:\/\/cryomed.pro\/es\/wp-json\/wp\/v2\/pages\/32671","targetHints":{"allow":["GET"]}}],"collection":[{"href":"https:\/\/cryomed.pro\/es\/wp-json\/wp\/v2\/pages"}],"about":[{"href":"https:\/\/cryomed.pro\/es\/wp-json\/wp\/v2\/types\/page"}],"author":[{"embeddable":true,"href":"https:\/\/cryomed.pro\/es\/wp-json\/wp\/v2\/users\/1"}],"replies":[{"embeddable":true,"href":"https:\/\/cryomed.pro\/es\/wp-json\/wp\/v2\/comments?post=32671"}],"version-history":[{"count":0,"href":"https:\/\/cryomed.pro\/es\/wp-json\/wp\/v2\/pages\/32671\/revisions"}],"up":[{"embeddable":true,"href":"https:\/\/cryomed.pro\/es\/wp-json\/wp\/v2\/pages\/32656"}],"wp:attachment":[{"href":"https:\/\/cryomed.pro\/es\/wp-json\/wp\/v2\/media?parent=32671"}],"curies":[{"name":"wp","href":"https:\/\/api.w.org\/{rel}","templated":true}]}}