{"id":32656,"date":"2020-07-30T09:30:25","date_gmt":"2020-07-30T09:30:25","guid":{"rendered":"https:\/\/cryomed.pro\/about-us\/"},"modified":"2024-04-15T15:49:15","modified_gmt":"2024-04-15T15:49:15","slug":"sobre-nosotros","status":"publish","type":"page","link":"https:\/\/cryomed.pro\/es\/sobre-nosotros\/","title":{"rendered":"Sobre nosotros"},"content":{"rendered":"\n<p><\/p>\n\n\n\n<p><\/p>\n\n\n\n<p><\/p>\n\n\n\n<div class=\"wp-block-group alignfull wp-block-group-media-text\"><div class=\"wp-block-group__inner-container is-layout-flow wp-block-group-is-layout-flow\">\n<div class=\"wp-block-columns alignwide is-layout-flex wp-container-core-columns-is-layout-9d6595d7 wp-block-columns-is-layout-flex\">\n<div class=\"wp-block-column is-layout-flow wp-block-column-is-layout-flow\">\n<img loading=\"lazy\" decoding=\"async\" width=\"1280\" height=\"622\" src=\"\/wp-content\/uploads\/2021\/08\/photo_2019-11-18_09-28-13.jpg\" alt=\"Best cryotherapy machines\" class=\"wp-image-7885\" style=\"aspect-ratio:2.0652173913043477;width:602px;height:auto\" title=\"Best cryotherapy machines\" srcset=\"https:\/\/cryomed.pro\/wp-content\/uploads\/2021\/08\/photo_2019-11-18_09-28-13.jpg 1280w, https:\/\/cryomed.pro\/wp-content\/uploads\/2021\/08\/photo_2019-11-18_09-28-13-300x146.jpg 300w, https:\/\/cryomed.pro\/wp-content\/uploads\/2021\/08\/photo_2019-11-18_09-28-13-1024x498.jpg 1024w, https:\/\/cryomed.pro\/wp-content\/uploads\/2021\/08\/photo_2019-11-18_09-28-13-768x373.jpg 768w\" sizes=\"auto, (max-width: 1280px) 100vw, 1280px\" \/><p class=\"wp-element-caption\"> Foto: Las mejores m\u00e1quinas de crioterapia del fabricante de crioterapia m\u00e1s famoso del mundo. <\/p>\n<\/div>\n\n\n\n<div class=\"wp-block-column is-layout-flow wp-block-column-is-layout-flow\">\n<p>Cryomed es un fabricante l\u00edder de equipos criog\u00e9nicos con la gama m\u00e1s amplia de m\u00e1quinas de crioterapia local y de cuerpo entero del mercado. Ofrecemos seis modelos de criosauna, dos modelos de crioc\u00e1maras h\u00edbridas, una criosauna m\u00f3vil, una criosauna para caballos y dos modelos de dispositivos de crioterapia local que difieren en tama\u00f1o, caracter\u00edsticas y precio.<\/p>\n\n\n\n<p>Cryomed fabrica m\u00e1quinas de crioterapia de cuerpo entero, tambi\u00e9n conocidas como \u0441ryosaunas, crioc\u00e1psulas o criopods, desde 2002. Hasta ahora, <a href=\"https:\/\/cryomed.pro\/business\/services\/installation\/\">hemos instalado m\u00e1s de 1.800 criosaunas<\/a> en m\u00e1s de 70 pa\u00edses. En 2015, Cryomed lanz\u00f3 la producci\u00f3n de dispositivos de crioterapia local.<\/p>\n\n\n\n<p>Durante todo este tiempo, nuestro departamento interno de I+D ha estado mejorando continuamente nuestros productos mediante la innovaci\u00f3n y la tecnolog\u00eda punta. Lanzamos nuevos modelos cada a\u00f1o y actualizamos los equipos existentes cada pocos meses bas\u00e1ndonos en las opiniones que recibimos de nuestros clientes.<\/p>\n\n\n\n<p>Todos los equipos de Cryomed est\u00e1n totalmente certificados y cumplen las normas m\u00e1s estrictas de la UE en relaci\u00f3n con la eficacia operativa, la calidad de los componentes y la seguridad personal y medioambiental.<\/p>\n\n\n\n<p>En 2020, en Cryomed desarrollamos un <a href=\"https:\/\/cryomed.pro\/business\/services\/training\/\">exclusivo curso de formaci\u00f3n en l\u00ednea sobre crioterapia de cuerpo entero <\/a>que abarca sus mecanismos, protocolos de seguridad y aplicaciones en belleza, bienestar, deporte y atenci\u00f3n sanitaria. El curso ayuda a los empresarios a establecer una comunicaci\u00f3n eficaz y relaciones duraderas con sus clientes. El curso de formaci\u00f3n est\u00e1 a disposici\u00f3n de nuestros clientes de forma gratuita.<\/p>\n\n\n\n<p>Nos comprometemos a suministrar alta calidad a precios competitivos y ofrecemos asesoramiento integral para ayudarle a elegir el producto adecuado a sus necesidades.<\/p>\n<\/div>\n<\/div>\n<\/div><\/div>\n","protected":false},"excerpt":{"rendered":"<p>Cryomed es un fabricante l\u00edder de equipos criog\u00e9nicos con la gama m\u00e1s amplia de m\u00e1quinas de crioterapia local y de cuerpo entero del&hellip;<\/p>\n","protected":false},"author":1,"featured_media":0,"parent":0,"menu_order":0,"comment_status":"closed","ping_status":"closed","template":"","meta":{"inline_featured_image":false,"footnotes":""},"class_list":["hentry"],"meta_box":[],"_links":{"self":[{"href":"https:\/\/cryomed.pro\/es\/wp-json\/wp\/v2\/pages\/32656","targetHints":{"allow":["GET"]}}],"collection":[{"href":"https:\/\/cryomed.pro\/es\/wp-json\/wp\/v2\/pages"}],"about":[{"href":"https:\/\/cryomed.pro\/es\/wp-json\/wp\/v2\/types\/page"}],"author":[{"embeddable":true,"href":"https:\/\/cryomed.pro\/es\/wp-json\/wp\/v2\/users\/1"}],"replies":[{"embeddable":true,"href":"https:\/\/cryomed.pro\/es\/wp-json\/wp\/v2\/comments?post=32656"}],"version-history":[{"count":0,"href":"https:\/\/cryomed.pro\/es\/wp-json\/wp\/v2\/pages\/32656\/revisions"}],"wp:attachment":[{"href":"https:\/\/cryomed.pro\/es\/wp-json\/wp\/v2\/media?parent=32656"}],"curies":[{"name":"wp","href":"https:\/\/api.w.org\/{rel}","templated":true}]}}