{"id":32586,"date":"2020-07-30T08:16:26","date_gmt":"2020-07-30T08:16:26","guid":{"rendered":"https:\/\/cryomed.pro\/training\/"},"modified":"2025-07-27T01:10:34","modified_gmt":"2025-07-27T01:10:34","slug":"formacion","status":"publish","type":"page","link":"https:\/\/cryomed.pro\/es\/negocios\/servicios\/formacion\/","title":{"rendered":"Formaci\u00f3n"},"content":{"rendered":"\n<h2 class=\"wp-block-heading\"><\/h2>\n\n\n\n<p>We are strongly convinced that well-trained and competent personnel is essential for your success. The operators are supposed to know the way whole-body cryotherapy works and its effects on the human body. That is why we provide personnel training covering cryotherapy basics and the use of our <a href=\"https:\/\/cryomed.pro\/es\/equipo\/\">cryotherapy equipment<\/a>.<\/p>\n\n\n\n<p>A well-trained operator will recoup salary costs fast if he will not only be competent in cryo themes but also attentive and responsive to customer needs. We will teach your staff not only how to deal with cryo equipment, but also how to communicate with clients and settle conflicts if they happen. Training of your personnel and these jobs are as important as other parts of your business.&nbsp;<\/p>\n\n\n\n<p>If you are interested, our specialist will come to your location for a one-day training after which your personnel will resume working on a new quality level. The training is available upon request.<\/p>\n\n\n\n<blockquote class=\"wp-block-quote has-text-align-left is-style-large is-layout-flow wp-block-quote-is-layout-flow\">\n<p>If you are interested, our specialist will come to your location for a one-day training after which your personnel will resume working on a new quality level. The training is available upon request.<\/p>\n<cite>CryomedPro<\/cite><\/blockquote>\n\n\n\n<p><a href=\"https:\/\/cryomed.pro\/es\/sobre-nosotros\/contactos\/\">Please contact our sales<\/a> team for detailed advice.<\/p>\n\n\n\n<figure class=\"wp-block-image alignwide\"><img decoding=\"async\" src=\"\/wp-content\/uploads\/2020\/05\/NIK_5138-1024x684-1-1024x400.jpg\" alt=\"Cryotherapy specialist training\" class=\"wp-image-498\" title=\"Cryotherapy specialist training\" \/><figcaption class=\"wp-element-caption\"><mark style=\"background-color:#fff\" class=\"has-inline-color has-secondary-color\">Cryotherapy specialist training<\/mark><\/figcaption><\/figure>\n\n\n\n<div class=\"wp-block-group\"><div class=\"wp-block-group__inner-container is-layout-flow wp-block-group-is-layout-flow\">\n<div class=\"wp-block-columns is-layout-flex wp-container-core-columns-is-layout-9d6595d7 wp-block-columns-is-layout-flex\">\n<div class=\"wp-block-column is-layout-flow wp-block-column-is-layout-flow\">\n<p class=\"mt-4\">Other\u00a0<a title=\"cryotherapy business services\" href=\"https:\/\/cryomed.pro\/es\/negocios\/servicios\/\">cryotherapy business services<\/a><\/p>\n<\/div>\n<\/div>\n<\/div><\/div>\n","protected":false},"excerpt":{"rendered":"<p>Nuestro especialista se desplazar\u00e1 a sus instalaciones para impartir una formaci\u00f3n de un d\u00eda de duraci\u00f3n.<\/p>\n","protected":false},"author":1,"featured_media":0,"parent":33367,"menu_order":1,"comment_status":"closed","ping_status":"closed","template":"","meta":{"inline_featured_image":false,"footnotes":""},"class_list":["hentry"],"meta_box":[],"_links":{"self":[{"href":"https:\/\/cryomed.pro\/es\/wp-json\/wp\/v2\/pages\/32586","targetHints":{"allow":["GET"]}}],"collection":[{"href":"https:\/\/cryomed.pro\/es\/wp-json\/wp\/v2\/pages"}],"about":[{"href":"https:\/\/cryomed.pro\/es\/wp-json\/wp\/v2\/types\/page"}],"author":[{"embeddable":true,"href":"https:\/\/cryomed.pro\/es\/wp-json\/wp\/v2\/users\/1"}],"replies":[{"embeddable":true,"href":"https:\/\/cryomed.pro\/es\/wp-json\/wp\/v2\/comments?post=32586"}],"version-history":[{"count":5,"href":"https:\/\/cryomed.pro\/es\/wp-json\/wp\/v2\/pages\/32586\/revisions"}],"predecessor-version":[{"id":108488,"href":"https:\/\/cryomed.pro\/es\/wp-json\/wp\/v2\/pages\/32586\/revisions\/108488"}],"up":[{"embeddable":true,"href":"https:\/\/cryomed.pro\/es\/wp-json\/wp\/v2\/pages\/33367"}],"wp:attachment":[{"href":"https:\/\/cryomed.pro\/es\/wp-json\/wp\/v2\/media?parent=32586"}],"curies":[{"name":"wp","href":"https:\/\/api.w.org\/{rel}","templated":true}]}}