{"id":43837,"date":"2023-12-17T13:24:13","date_gmt":"2023-12-17T13:24:13","guid":{"rendered":"https:\/\/cryomed.pro\/equipment\/uncategorized\/cryomed-cf-04-equine\/"},"modified":"2026-04-29T08:37:26","modified_gmt":"2026-04-29T08:37:26","slug":"cryomed-cf-04-equine-ein-geraet-fuer-die-kryotherapie-von-pferden","status":"publish","type":"product","link":"https:\/\/cryomed.pro\/de\/equipment\/cryosaunas\/cryomed-cf-04-equine-ein-geraet-fuer-die-kryotherapie-von-pferden\/","title":{"rendered":"Cryomed CF-04 Equine: ein Ger\u00e4t f\u00fcr die Kryotherapie von Pferden"},"content":{"rendered":"\n<div class=\"hero hero-product-promo\">\n\t<div class=\"container\">\n\t\t<div class=\"hero-head\">\n\t\t\t\t\t\t\t<h1 class=\"hero-title\">Cryomed CF-04 Equine: ein Ger\u00e4t f\u00fcr die Kryotherapie von Pferden<\/h1>\t\t\t\n\t\t\t\t\t\t\t<p class=\"hero-lead\">Lokales Kryotherapieger\u00e4t f\u00fcr Pferde <\/p>\n\t\t\t\n\t\t\t\t\t<\/div>\n\t<\/div>\n\n\t<figure class=\"hero-media\" >\n\t\t<div class=\"px-4 flex justify-center\">\n<!--\t\t\t<img decoding=\"async\" src=\"--><!--\" title=\"--><!--\" alt=\"--><!--\">-->\n\t\t\t<img decoding=\"async\" src=\"https:\/\/cryomed.pro\/wp-content\/themes\/cryomed\/inc\/shortcodes\/products\/cryomed-cf-04-equine\/assets\/img-hero_2.jpg\" title=\"\" alt=\" - photo\">\n\t\t<\/div>\n\t<\/figure>\n\n\t\t\t<div class=\"container\">\n\t\t\t<div class=\"hero-body\">\n\t\t\t\t\n \t\t<p>Das Training und die Turniere von Pferden sind h\u00e4ufig mit gro\u00dfen Anstrengungen, kleineren Verletzungen, Rissen, Prellungen oder L\u00e4sionen verbunden. Die lokale Kryotherapie zeigt sofortige Ergebnisse, indem sie die Schwellung begrenzt, die Entz\u00fcndung reduziert und die Schmerzen im verletzten Bereich lindert. Auch chronische Erkrankungen wie Hufrehe, B\u00e4nder- und Sehnenentz\u00fcndungen, Arthritis und andere k\u00f6nnen sich durch regelm\u00e4\u00dfige lokale Kryotherapiesitzungen deutlich verbessern.<\/p>\n\t\t<h2>Was ist der Pferdekryogebl\u00e4se Cryomed CF-04<br \/> und wie funktioniert er? <\/h2>\n\t\t<p>Ein Cryofan, auch Kryogengebl\u00e4se genannt, ist ein Ger\u00e4t, das aus einem isolierten Dewar f\u00fcr Fl\u00fcssigstickstoff und einem Schlauch mit D\u00fcsenspitze besteht, der einen gek\u00fchlten, mit Stickstoffdampf vermischten Luftstrom in den verletzten Bereich leitet, um ihn schnell und effizient abzuk\u00fchlen.  Die Betriebstemperatur des Ger\u00e4ts betr\u00e4gt -100\u2070C bis -120\u2070C.  \nDie Behandlungsdauer betr\u00e4gt nicht mehr als 5 Minuten. <\/p>\n\t\t<p>Das Cryomed CF-04 ist extrem einfach zu bedienen. Sie m\u00fcssen lediglich die Stickstoffzufuhr starten und den K\u00e4ltestrom auf die betroffene Stelle richten. <\/p>\n\n\t\t\t\t\t<\/div>\n\t\t<\/div>\n\t<\/div>\n\n<section class=\"section section-safe\">\n\t<div class=\"container\">\n\t\t<div class=\"grid lg:grid-cols-2 lg:gap-20\">\n            <div class=\"col-span-1\">\n                <header class=\"section__header mb-10\">\n    \t\t\t\t<h2>Vorteile eines lokalen Kryotherapie-Ger\u00e4ts f\u00fcr Pferde<\/h2>\n    \t\t\t<\/header>\n            <\/div>\n\n            <div class=\"col-span-1\">\n                <div class=\"section__body\">\n\t\t\t\t\t<ul class=\"px-6\">\n                        <li>Einfach und bequem zu bedienen<\/li>\n                        <li>Stabiles und mobiles Design\n<\/li>\n                        <li>Ger\u00e4uscharm f\u00fcr den maximalen Komfort des Tieres<\/li>\n                        <li>Kosteneffizient, mit einem Fl\u00fcssigstickstoff-Verbrauch von unter 0,75 l\/min\n<\/li>\n                        <li>In weniger als 4 Minuten einsatzbereit\n<\/li>\n                        <li>Kompatibel mit 10-, 35- und 50-Liter-Dewars\n<\/li>\n                        <li>EU-Herkunft<\/li>\n                    <\/ul>\n    \t\t\t<\/div>\n            <\/div>\n\t\t<\/div>\n\t<\/div>\n<\/section>\n\n<div class=\"section section-text-1\">\n    <div class=\"container\">\n        <div class=\"-mx-4\">\n            <div class=\"bg-light px-6 py-20 lg:py-40 sm:mx-4\">\n                <div class=\"section-text__body mx-auto\" style=\"max-width: 920px\">\n                    <p>Die lokale Kryotherapie mit einem Kryogebl\u00e4se und die Kryosauna-Sitzungen f\u00fcr Pferde erg\u00e4nzen und verst\u00e4rken sich gegenseitig. Die Ganzk\u00f6rperk\u00e4ltetherapie l\u00f6st eine systemische Reaktion des K\u00f6rpers aus, die das allgemeine Wohlbefinden, die Immunit\u00e4t und das Energieniveau verbessert, w\u00e4hrend die lokalen K\u00e4ltesitzungen eine genauere Konzentration auf bestimmte Bereiche erm\u00f6glichen.  <\/p>\n                <\/div>\n            <\/div>\n        <\/div>\n\n    <\/div>\n<\/div>\n\n<section class=\"section section-gallery\">\n    <div class=\"container\">\n        <div class=\"grid grid-cols-2 gap-4 lg:gap-x-20 lg:gap-y-14\" style=\"text-align: justify\">\n            <div class=\"col-span-2 lg:col-span-1\">\n                <p>Der Cryofan CF-04 ist eine zuverl\u00e4ssige Investition, die sich schnell auszahlt. Ob Sie nun ein Pferdeliebhaber, ein Pferdebetrieb, ein Stall, eine Tierklinik oder ein Kryotherapie-Unternehmen sind, Sie werden davon profitieren, dieses Ger\u00e4t zur Hand zu haben. Sein erschwinglicher Preis und seine hohe Kosteneffizienz sorgen f\u00fcr eine Amortisationszeit von wenigen Monaten.            <\/div>\n            <div class=\"col-span-2 lg:col-span-1\">\n                <p>Die Einf\u00fchrung von Behandlungen mit extremer K\u00e4lte in die Gesundheitsroutine von Pferden sorgt f\u00fcr eine schnellere Heilung und Genesung sowie f\u00fcr eine dauerhafte Leistungssteigerung. F\u00fcr Pferdebesitzer sind die cryofan-Gefrierbehandlungen ein hervorragendes Mittel zur Vorbeugung von Gesundheitsst\u00f6rungen und zur Vermeidung kostspieliger Tierarztbesuche.             <\/div>\n        <\/div>\n    <\/div>\n<\/section>\n\n<section class=\"section secton-faq\" style=\"text-align: justify\">\n\t<div class=\"container relative pb-24 xl:pb-0\">\n    <div class=\"grid grid-cols-1 xl:grid-cols-2 gap-10 xl:gap-20\">\n      <div class=\"col-span-1\">\n        <header class=\"section__header\">\n          <h2 class=\"section__title text-navy\">FAQ<\/h2><\/header>\n      <\/div>\n      <div class=\"col-span-1\">\n        <div x-data=\"dataAccordion()\" x-init=\"init\" class=\"cp-accordion\">\n          <div class=\"cp-accordion__item\" data-node=\"item\">\n            <h5 class=\"cp-accordion__title\"><button class=\"cp-accordion__button is-active\" data-node=\"button\">Brauche ich eine Lizenz f\u00fcr den Betrieb eines Kryogebl\u00e4ses?  <span class=\"cp-accordion__button-toggle\" data-node=\"toggle\"><\/span><\/button><\/h5>\n            <div class=\"cp-accordion__collapse is-active\" data-node=\"collapse\">\n              <div class=\"cp-accordion__body\">\n                <div class=\"cp-accordion__text\">\n                  <p>Ein Kryogebl\u00e4se f\u00fcr Pferde ist ein \u00e4u\u00dferst unkompliziertes Ger\u00e4t, f\u00fcr dessen Betrieb keine spezielle Genehmigung oder Lizenz erforderlich ist. Die Schulung dauert bis zu einer Stunde und umfasst Richtlinien zu grundlegenden Sicherheitsma\u00dfnahmen f\u00fcr die Arbeit mit fl\u00fcssigem Stickstoff.<\/p>\n                <\/div>\n\t\t\t   <\/div>\n            <\/div>\n          <\/div>\n          <div class=\"cp-accordion__item\" data-node=\"item\">\n            <h5 class=\"cp-accordion__title\"><button class=\"cp-accordion__button\" data-node=\"button\">Wann sollte ich eine lokale Kryotherapie anwenden?  <span class=\"cp-accordion__button-toggle\" data-node=\"toggle\"><\/span><\/button><\/h5>\n            <div class=\"cp-accordion__collapse\" data-node=\"collapse\">\n              <div class=\"cp-accordion__body\">\n                <div class=\"cp-accordion__text\">\n                  <p>Wenn Ihr Pferd eine Verletzung hat, ist es im Allgemeinen effektiver, wenn Sie die Kryotherapie innerhalb von 48 Stunden nach der Verletzung anwenden. Es wurde jedoch auch \u00fcber positive Ergebnisse berichtet, wenn die punktuelle Kryotherapie erst nach einem l\u00e4ngeren Zeitraum angewendet wurde. Lesen Sie unbedingt das Handbuch, das jedem Ger\u00e4t f\u00fcr die lokale Kryotherapie beiliegt, um sich \u00fcber die besten Protokolle zu informieren. <\/p>\n                <\/div>\n\t\t\t  <\/div>\n            <\/div>\n          <\/div>\n          <div class=\"cp-accordion__item\" data-node=\"item\">\n            <h5 class=\"cp-accordion__title\"><button class=\"cp-accordion__button\" data-node=\"button\">Gibt es bei der Kryotherapie von Pferden irgendwelche Besonderheiten?<span class=\"cp-accordion__button-toggle\" data-node=\"toggle\"><\/span><\/button><\/h5>\n            <div class=\"cp-accordion__collapse\" data-node=\"collapse\">\n              <div class=\"cp-accordion__body\">\n                <div class=\"cp-accordion__text\">\n                  <p>Es kann zu Gewebesch\u00e4den kommen, wenn die Dauer der K\u00e4ltetherapie \u00fcberschritten wird oder die Abst\u00e4nde zwischen den K\u00e4ltebehandlungen zu kurz sind. Extreme K\u00e4lte kann das Gewebewachstum in offenen Wunden behindern. Konsultieren Sie daher Ihren Tierarzt, bevor Sie eine K\u00e4ltetherapie anwenden. <\/p>\n                <\/div>\n \t\t\t  <\/div>\n            <\/div>\n          <\/div>\n        <\/div>\n      <\/div>\n    <\/div>\n  <\/div>\n<\/section>\n\n<section class=\"section section-equipment\">\n    <div class=\"container\">\n        <header class=\"section__header\">\n            <h2 class=\"section__title\">Andere Kryotherapieger\u00e4te<\/h2>\n        <\/header>\n    <\/div>\n\n    <div x-data=\"dataTablist(1)\" x-init=\"init\" class=\"tabs tablist tablist--white\" role=\"tablist\">\n        <div class=\"container\">\n            <div x-cloak class=\"tablist__navs\" x-ref=\"navs\">\n                <button role=\"tab\" class=\"tablist__navs-item\" :class=\"isActiveClass(1)\" @click=\"setActive(1)\">Neue<\/button>\n                <button role=\"tab\" class=\"tablist__navs-item\" :class=\"isActiveClass(2)\" @click=\"setActive(2)\">Lagerausr\u00fcstung<\/button>\n                <button role=\"tab\" class=\"tablist__navs-item\" :class=\"isActiveClass(3)\" @click=\"setActive(3)\">Gebrauchte<\/button>\n            <\/div>\n        <\/div>\n\n        <div class=\"tablist__tabs\" x-ref=\"tabs\">\n\t\t\t<div role=\"tabpanel\" class=\"tablist__tabs-item\"\n\t\t        x-show=\"isActive(1)\"\n\t\t        x-transition:enter=\"transition duration-500 ease-in-out\"\n\t\t        x-transition:enter-start=\"opacity-50\"\n\t\t        x-transition:enter-end=\"opacity-100\"\n\t\t        >\n\n\t\t\t    <div class=\"container\">\n\n\t\t\t        \n\n\t\t\t        \t\t\t            <div class=\"scrolling-v2\">\n\t\t\t\t\t\t\t\n\t\t\t\t\t\t\t\t<div class=\"scrolling-v2__item flex flex-col\">\n\t\t\t\t\t\t\t\t\t<article class=\"card relative text-center flex-1 flex flex-col\">\n\t\t\t\t\t\t\t\t\t\t<div class=\"card__media\">\n\t\t\t\t\t\t\t\t\t\t\t<img loading=\"lazy\" decoding=\"async\" width=\"440\" height=\"650\" src=\"https:\/\/cryomed.pro\/wp-content\/uploads\/2021\/04\/cryosauna.png\" class=\"attachment-full size-full\" alt=\"\" srcset=\"https:\/\/cryomed.pro\/wp-content\/uploads\/2021\/04\/cryosauna.png 440w, https:\/\/cryomed.pro\/wp-content\/uploads\/2021\/04\/cryosauna-203x300.png 203w\" sizes=\"auto, (max-width: 440px) 100vw, 440px\" \/>\t\t\t\t\t\t\t\t\t\t<\/div>\n\n\t\t\t\t\t\t\t\t\t\t<div class=\"card__body\">\n\t\t\t\t\t\t\t\t\t\t\t<div class=\"card__title text-navy font-light\">Ganzk\u00f6rper-Kryotherapie<\/div>\n\t\t\t\t\t\t\t\t\t\t\t<a href=\"https:\/\/cryomed.pro\/equipment\/cryosaunas\/\" class=\"btn btn--blue mt-auto link-stretched\">Mehr erfahren<\/a>\n\t\t\t\t\t\t\t\t\t\t<\/div>\n\t\t\t\t\t\t\t\t\t<\/article>\n\t\t\t\t\t\t\t\t<\/div>\n\n\t\t\t\t\t\t\t\n\t\t\t\t\t\t\t\t<div class=\"scrolling-v2__item flex flex-col\">\n\t\t\t\t\t\t\t\t\t<article class=\"card relative text-center flex-1 flex flex-col\">\n\t\t\t\t\t\t\t\t\t\t<div class=\"card__media\">\n\t\t\t\t\t\t\t\t\t\t\t<img loading=\"lazy\" decoding=\"async\" width=\"440\" height=\"650\" src=\"https:\/\/cryomed.pro\/wp-content\/uploads\/2021\/04\/cryofan.png\" class=\"attachment-full size-full\" alt=\"\" srcset=\"https:\/\/cryomed.pro\/wp-content\/uploads\/2021\/04\/cryofan.png 440w, https:\/\/cryomed.pro\/wp-content\/uploads\/2021\/04\/cryofan-203x300.png 203w\" sizes=\"auto, (max-width: 440px) 100vw, 440px\" \/>\t\t\t\t\t\t\t\t\t\t<\/div>\n\n\t\t\t\t\t\t\t\t\t\t<div class=\"card__body\">\n\t\t\t\t\t\t\t\t\t\t\t<div class=\"card__title text-navy font-light\">Lokale Kryotherapie<\/div>\n\t\t\t\t\t\t\t\t\t\t\t<a href=\"https:\/\/cryomed.pro\/equipment\/cryofans\/\" class=\"btn btn--blue mt-auto link-stretched\">Mehr erfahren<\/a>\n\t\t\t\t\t\t\t\t\t\t<\/div>\n\t\t\t\t\t\t\t\t\t<\/article>\n\t\t\t\t\t\t\t\t<\/div>\n\n\t\t\t\t\t\t\t\n\t\t\t\t\t\t\t\t<div class=\"scrolling-v2__item flex flex-col\">\n\t\t\t\t\t\t\t\t\t<article class=\"card relative text-center flex-1 flex flex-col\">\n\t\t\t\t\t\t\t\t\t\t<div class=\"card__media\">\n\t\t\t\t\t\t\t\t\t\t\t<img loading=\"lazy\" decoding=\"async\" width=\"620\" height=\"650\" src=\"https:\/\/cryomed.pro\/wp-content\/uploads\/2021\/09\/mobile.png\" class=\"attachment-full size-full\" alt=\"\" srcset=\"https:\/\/cryomed.pro\/wp-content\/uploads\/2021\/09\/mobile.png 620w, https:\/\/cryomed.pro\/wp-content\/uploads\/2021\/09\/mobile-286x300.png 286w\" sizes=\"auto, (max-width: 620px) 100vw, 620px\" \/>\t\t\t\t\t\t\t\t\t\t<\/div>\n\n\t\t\t\t\t\t\t\t\t\t<div class=\"card__body\">\n\t\t\t\t\t\t\t\t\t\t\t<div class=\"card__title text-navy font-light\">Mobile Kryosauna<\/div>\n\t\t\t\t\t\t\t\t\t\t\t<a href=\"https:\/\/cryomed.pro\/equipment\/mobile\/\" class=\"btn btn--blue mt-auto link-stretched\">Mehr erfahren<\/a>\n\t\t\t\t\t\t\t\t\t\t<\/div>\n\t\t\t\t\t\t\t\t\t<\/article>\n\t\t\t\t\t\t\t\t<\/div>\n\n\t\t\t\t\t\t\t\t\t\t            <\/div>\n\t\t\t        \n\t\t        <\/div>\n\t\t    <\/div>\n            <div role=\"tabpanel\" class=\"tablist__tabs-item\"\n            x-show=\"isActive(2)\"\n            x-transition:enter=\"transition duration-500 ease-in-out\"\n            x-transition:enter-start=\"opacity-50\"\n            x-transition:enter-end=\"opacity-100\"\n            >\n\n            <div class=\"container\">\n\n                <div class=\"scrolling-v2\">\n                    <div class=\"scrolling-v2__item flex flex-col\">\n                        <article class=\"card relative text-center flex-1 flex flex-col\">\n                            <div class=\"card__media\">\n                                <img loading=\"lazy\" decoding=\"async\" width=\"340\" height=\"340\" src=\"https:\/\/cryomed.pro\/wp-content\/uploads\/2021\/12\/MINI_GB-340x340.jpg\" class=\"attachment-340x340 size-340x340 wp-post-image\" alt=\"\" srcset=\"https:\/\/cryomed.pro\/wp-content\/uploads\/2021\/12\/MINI_GB-340x340.jpg 340w, https:\/\/cryomed.pro\/wp-content\/uploads\/2021\/12\/MINI_GB-300x300.jpg 300w, https:\/\/cryomed.pro\/wp-content\/uploads\/2021\/12\/MINI_GB-150x150.jpg 150w, https:\/\/cryomed.pro\/wp-content\/uploads\/2021\/12\/MINI_GB-768x768.jpg 768w, https:\/\/cryomed.pro\/wp-content\/uploads\/2021\/12\/MINI_GB-100x100.jpg 100w, https:\/\/cryomed.pro\/wp-content\/uploads\/2021\/12\/MINI_GB-160x160.jpg 160w, https:\/\/cryomed.pro\/wp-content\/uploads\/2021\/12\/MINI_GB-900x900.jpg 900w, https:\/\/cryomed.pro\/wp-content\/uploads\/2021\/12\/MINI_GB.jpg 1000w\" sizes=\"auto, (max-width: 340px) 100vw, 340px\" \/>                            <\/div>\n\n                            <div class=\"card__body\">\n                                <div class=\"card__title text-navy font-light\">Cryomed Mini (Vorr\u00e4tig)<\/div>\n                                <a href=\"https:\/\/cryomed.pro\/de\/equipment\/lagerausruestung\/cryomed-mini-vorraetig\/\" class=\"btn btn--blue mt-auto link-stretched\">Mehr erfahren<\/a>\n                            <\/div>\n                        <\/article>\n                    <\/div>\n\n\n                    <\/div>\n                <\/div>\n            <\/div>\n            <div role=\"tabpanel\" class=\"tablist__tabs-item\"\n            x-show=\"isActive(3)\"\n            x-transition:enter=\"transition duration-500 ease-in-out\"\n            x-transition:enter-start=\"opacity-50\"\n            x-transition:enter-end=\"opacity-100\"\n            >\n\n            <div class=\"container\">\n\n                <div class=\"scrolling-v2\">\n                    <div class=\"scrolling-v2__item flex flex-col\">\n                        <article class=\"card relative text-center flex-1 flex flex-col\">\n                            <div class=\"card__media\">\n                                <img loading=\"lazy\" decoding=\"async\" width=\"340\" height=\"340\" src=\"https:\/\/cryomed.pro\/wp-content\/uploads\/2023\/11\/y56yr-340x340.jpg\" class=\"attachment-340x340 size-340x340 wp-post-image\" alt=\"\" srcset=\"https:\/\/cryomed.pro\/wp-content\/uploads\/2023\/11\/y56yr-340x340.jpg 340w, https:\/\/cryomed.pro\/wp-content\/uploads\/2023\/11\/y56yr-150x150.jpg 150w, https:\/\/cryomed.pro\/wp-content\/uploads\/2023\/11\/y56yr-100x100.jpg 100w, https:\/\/cryomed.pro\/wp-content\/uploads\/2023\/11\/y56yr-160x160.jpg 160w\" sizes=\"auto, (max-width: 340px) 100vw, 340px\" \/>                            <\/div>\n\n                            <div class=\"card__body\">\n                                <div class=\"card__title text-navy font-light\">2020 C-4 zweistufige Kammer Cryobuilt, USA gebrauchtes Kryotherapieger\u00e4t<\/div>\n                                <a href=\"https:\/\/cryomed.pro\/de\/equipment\/kryosaunen\/2020-c-4-zweistufige-kammer-cryobuilt-usa-gebrauchtes-kryotherapiegeraet\/\" class=\"btn btn--blue mt-auto link-stretched\">Mehr erfahren<\/a>\n                            <\/div>\n                        <\/article>\n                    <\/div>\n\n\n                    \n                    <div class=\"scrolling-v2__item flex flex-col\">\n                        <article class=\"card relative text-center flex-1 flex flex-col\">\n                            <div class=\"card__media\">\n                                <img loading=\"lazy\" decoding=\"async\" width=\"340\" height=\"340\" src=\"https:\/\/cryomed.pro\/wp-content\/uploads\/2023\/11\/ergyy-340x340.jpg\" class=\"attachment-340x340 size-340x340 wp-post-image\" alt=\"\" srcset=\"https:\/\/cryomed.pro\/wp-content\/uploads\/2023\/11\/ergyy-340x340.jpg 340w, https:\/\/cryomed.pro\/wp-content\/uploads\/2023\/11\/ergyy-150x150.jpg 150w, https:\/\/cryomed.pro\/wp-content\/uploads\/2023\/11\/ergyy-100x100.jpg 100w, https:\/\/cryomed.pro\/wp-content\/uploads\/2023\/11\/ergyy-160x160.jpg 160w\" sizes=\"auto, (max-width: 340px) 100vw, 340px\" \/>                            <\/div>\n\n                            <div class=\"card__body\">\n                                <div class=\"card__title text-navy font-light\">2020 Cryomed Basic, gebrauchtes Kryotherapieger\u00e4t<\/div>\n                                <a href=\"https:\/\/cryomed.pro\/de\/equipment\/kryosaunen\/2020-cryomed-basic-gebrauchtes-kryotherapiegeraet\/\" class=\"btn btn--blue mt-auto link-stretched\">Mehr erfahren<\/a>\n                            <\/div>\n                        <\/article>\n                    <\/div>\n\n\n                    \n                    <div class=\"scrolling-v2__item flex flex-col\">\n                        <article class=\"card relative text-center flex-1 flex flex-col\">\n                            <div class=\"card__media\">\n                                <img loading=\"lazy\" decoding=\"async\" width=\"240\" height=\"320\" src=\"https:\/\/cryomed.pro\/wp-content\/uploads\/2023\/11\/image0-rotated.jpeg\" class=\"attachment-340x340 size-340x340 wp-post-image\" alt=\"\" srcset=\"https:\/\/cryomed.pro\/wp-content\/uploads\/2023\/11\/image0-rotated.jpeg 240w, https:\/\/cryomed.pro\/wp-content\/uploads\/2023\/11\/image0-225x300.jpeg 225w\" sizes=\"auto, (max-width: 240px) 100vw, 240px\" \/>                            <\/div>\n\n                            <div class=\"card__body\">\n                                <div class=\"card__title text-navy font-light\">2021 Impact Cryo, USA gebrauchtes Kryotherapieger\u00e4t<\/div>\n                                <a href=\"https:\/\/cryomed.pro\/de\/equipment\/kryosaunen\/2021-impact-cryo-usa-gebrauchtes-kryotherapiegeraet\/\" class=\"btn btn--blue mt-auto link-stretched\">Mehr erfahren<\/a>\n                            <\/div>\n                        <\/article>\n                    <\/div>\n\n\n                    <\/div>\n                <\/div>\n            <\/div>\n        <\/div>\n    <\/div>\n<\/section>\n\n","protected":false},"excerpt":{"rendered":"<p>Lokales Kryotherapieger\u00e4t f\u00fcr Pferde<\/p>\n","protected":false},"featured_media":34491,"parent":0,"menu_order":0,"template":"templates\/full-width.php","product_cat":[392,1438],"class_list":["hentry","has-post-thumbnail"],"meta_box":[],"_links":{"self":[{"href":"https:\/\/cryomed.pro\/de\/wp-json\/wp\/v2\/product\/43837","targetHints":{"allow":["GET"]}}],"collection":[{"href":"https:\/\/cryomed.pro\/de\/wp-json\/wp\/v2\/product"}],"about":[{"href":"https:\/\/cryomed.pro\/de\/wp-json\/wp\/v2\/types\/product"}],"wp:featuredmedia":[{"embeddable":true,"href":"https:\/\/cryomed.pro\/de\/wp-json\/wp\/v2\/media\/34491"}],"wp:attachment":[{"href":"https:\/\/cryomed.pro\/de\/wp-json\/wp\/v2\/media?parent=43837"}],"wp:term":[{"taxonomy":"product_cat","embeddable":true,"href":"https:\/\/cryomed.pro\/de\/wp-json\/wp\/v2\/product_cat?post=43837"}],"curies":[{"name":"wp","href":"https:\/\/api.w.org\/{rel}","templated":true}]}}