{"id":34137,"date":"2022-01-06T23:30:20","date_gmt":"2022-01-06T23:30:20","guid":{"rendered":"https:\/\/cryomed.pro\/equipment\/uncategorized\/pressurized-tanks\/"},"modified":"2024-07-26T04:21:38","modified_gmt":"2024-07-26T04:21:38","slug":"druckbehaeltern","status":"publish","type":"product","link":"https:\/\/cryomed.pro\/de\/equipment\/cryogenic-tanks\/druckbehaeltern\/","title":{"rendered":"Druckbeh\u00e4ltern"},"content":{"rendered":"\n<div class=\"hero hero-product-promo\">\n\t<div class=\"container\">\n\t\t<div class=\"hero-head\">\n\t\t\t\t\t\t\t<h1 class=\"hero-title\">Druckbeh\u00e4ltern<\/h1>\t\t\t\n\t\t\t\n\t\t\t\t\t<\/div>\n\t<\/div>\n\n\t<figure class=\"hero-media\" >\n\t\t<div class=\"px-4 flex justify-center\">\n<!--\t\t\t<img decoding=\"async\" src=\"--><!--\" title=\"--><!--\" alt=\"--><!--\">-->\n\t\t\t<img decoding=\"async\" src=\"https:\/\/cryomed.pro\/wp-content\/themes\/cryomed\/inc\/shortcodes\/products\/pressurized-tanks\/assets\/img-hero.png\" title=\"\" alt=\" - photo\">\n\t\t<\/div>\n\t<\/figure>\n\n\t\t\t<div class=\"container\">\n\t\t\t<div class=\"hero-body\">\n\t\t\t\t\n\t\t<h2>Was ist ein kryogener Druckbeh\u00e4lter?<\/h2>\n\t\t<p>Ein unter Druck stehender kryogener Beh\u00e4lter ist ein geschlossener Beh\u00e4lter, der zum Speichern und Transportieren von Fl\u00fcssigkeiten oder Gas bei sehr niedrigen Temperaturen unter -150 \u00ba C bestimmt ist. Der Tank besteht aus innerem Druckbeh\u00e4lter, \u00e4u\u00dferen Beh\u00e4lter, Isolierung und einem oder zwei H\u00e4lsen mit Ventilen, Flanschen oder Verschraubungen. <\/p>\n\t\t<p>F\u00fcr Kryosauna w\u00e4hlen unsere Kunden in der Regel Druckbeh\u00e4lter mit einem Fassungsverm\u00f6gen von 60 Litern bis 300 Litern. Die beliebtesten Kapazit\u00e4ten sind 120 Liter und 230 Liter.<\/p>\n\n\t\t\t\t\t<\/div>\n\t\t<\/div>\n\t<\/div>\n\n\n<div class=\"section section-gallery\">\n\n    \n<div class=\"cp-slider\" x-data=\"{ ...dataSlider() }\" x-init=\"init\">\n\t<div class=\"swiper-container\" data-slides>\n\t\t<div class=\"swiper-wrapper\">\n\t\t\t\n\t\t<div class=\"swiper-slide\">\n\t\t\t<div class=\"swiper-slide-inner\" data-slide-inner>\n\t\t\t\t<picture class=\"swiper-slide-picture\">\n\t\t\t\t\t<img class=\"swiper-slide-image swiper-lazy\" loading=\"lazy\"\n\t\t\t\t\t\tdata-src=\"https:\/\/cryomed.pro\/wp-content\/themes\/cryomed\/inc\/shortcodes\/products\/pressurized-tanks\/assets\/slide-1.jpg\"\n\t\t\t\t\t\talt=\"image alt\" title=\"image title\"\n\t\t\t\t\t>\n\t\t\t\t<\/picture>\n\t\t\t<\/div>\n\n\t\t\t<div class=\"swiper-lazy-preloader swiper-lazy-preloader-white\"><\/div>\n\t\t<\/div>\n\n\t\t\n\t\t<div class=\"swiper-slide\">\n\t\t\t<div class=\"swiper-slide-inner\" data-slide-inner>\n\t\t\t\t<picture class=\"swiper-slide-picture\">\n\t\t\t\t\t<img class=\"swiper-slide-image swiper-lazy\" loading=\"lazy\"\n\t\t\t\t\t\tdata-src=\"https:\/\/cryomed.pro\/wp-content\/themes\/cryomed\/inc\/shortcodes\/products\/pressurized-tanks\/assets\/slide-2.jpg\"\n\t\t\t\t\t\talt=\"image alt\" title=\"image title\"\n\t\t\t\t\t>\n\t\t\t\t<\/picture>\n\t\t\t<\/div>\n\n\t\t\t<div class=\"swiper-lazy-preloader swiper-lazy-preloader-white\"><\/div>\n\t\t<\/div>\n\n\t\t\t\t<\/div>\n\n\t\t<div class=\"swiper-pagination\"><\/div>\n\t\t<div class=\"swiper-scrollbar\"><\/div>\n\t\t<div class=\"swiper-navigation\">\n\t\t\t<div data-cursor=\"prev\"><\/div>\n\t\t\t<div data-cursor=\"next\"><\/div>\n\t\t<\/div>\n\t<\/div>\n\n\t\n\t<div class=\"cp-slider-panel cp-backdrop cp-backdrop--white\" :class=\"open ? 'is-active' : ''\" data-panel>\n\t\t<div class=\"cp-slider-toggle cp-backdrop cp-backdrop--white\" @click=\"open = !open\">\n\t\t\t<div x-text=\"open ? 'Vorschau schlie\u00dfen': 'Vorschau \u00f6ffnen'\"><\/div>\n\t\t<\/div>\n\t\t<div class=\"swiper-container\" data-thumbs>\n\t\t\t<div class=\"swiper-wrapper\">\n\t\t\t\t\n\t\t<div class=\"swiper-slide\">\n\t\t\t<div class=\"swiper-slide-inner\" data-slide-inner>\n\t\t\t\t<picture class=\"swiper-slide-picture\">\n\t\t\t\t\t<img class=\"swiper-slide-image swiper-lazy\" loading=\"lazy\"\n\t\t\t\t\t\tdata-src=\"https:\/\/cryomed.pro\/wp-content\/themes\/cryomed\/inc\/shortcodes\/products\/pressurized-tanks\/assets\/slide-1.jpg\"\n\t\t\t\t\t\talt=\"image alt\" title=\"image title\"\n\t\t\t\t\t>\n\t\t\t\t<\/picture>\n\t\t\t<\/div>\n\n\t\t\t<div class=\"swiper-lazy-preloader swiper-lazy-preloader-white\"><\/div>\n\t\t<\/div>\n\n\t\t\n\t\t<div class=\"swiper-slide\">\n\t\t\t<div class=\"swiper-slide-inner\" data-slide-inner>\n\t\t\t\t<picture class=\"swiper-slide-picture\">\n\t\t\t\t\t<img class=\"swiper-slide-image swiper-lazy\" loading=\"lazy\"\n\t\t\t\t\t\tdata-src=\"https:\/\/cryomed.pro\/wp-content\/themes\/cryomed\/inc\/shortcodes\/products\/pressurized-tanks\/assets\/slide-2.jpg\"\n\t\t\t\t\t\talt=\"image alt\" title=\"image title\"\n\t\t\t\t\t>\n\t\t\t\t<\/picture>\n\t\t\t<\/div>\n\n\t\t\t<div class=\"swiper-lazy-preloader swiper-lazy-preloader-white\"><\/div>\n\t\t<\/div>\n\n\t\t\t\t\t<\/div>\n\t\t<\/div>\n\t<\/div>\n\n\t<\/div>\n\n<\/div>\n\n\n<section class=\"section section-benefits-2\">\n    <div class=\"container\">\n        <header class=\"section__header text-center\">\n            <div class=\"section__title h1\">Technische Spezifikationen von unter Druck stehenden kryogenen Tanks<\/div>\n        <\/header>\n\n        <div class=\"section-row\">\n            <div class=\"section-col col-span-1 flex flex-col\">\n                <div class=\"card flex-1\">\n                    <div class=\"card-media\">\n                        <img decoding=\"async\" src=\"https:\/\/cryomed.pro\/wp-content\/themes\/cryomed\/inc\/shortcodes\/products\/pressurized-tanks\/assets\/check.svg\" alt=\"Druckbeh\u00e4ltern\">\n                    <\/div>\n                    <div class=\"card-body\">\n                        <h3 class=\"card-title\">Edelstahl<\/h3>\n                        <p>Kryobeh\u00e4lter sind aus Edelstahl f\u00fcr Haltbarkeit in \u00dcbereinstimmung mit ADR- und T-PED-Richtlinien hergestellt und kommen mit der jeweiligen Konformit\u00e4tserkl\u00e4rung.<\/p>\n                    <\/div>\n                <\/div>\n            <\/div>\n            <div class=\"section-col col-span-1 flex flex-col\">\n                <div class=\"card flex-1\">\n                    <div class=\"card-media\">\n                        <img decoding=\"async\" src=\"https:\/\/cryomed.pro\/wp-content\/themes\/cryomed\/inc\/shortcodes\/products\/pressurized-tanks\/assets\/transform.svg\" alt=\"Druckbeh\u00e4ltern\">\n                    <\/div>\n                    <div class=\"card-body\">\n                        <h3 class=\"card-title\">Einfache Bewegung<\/h3>\n                        <p>Um eine einfache Bewegung zu gew\u00e4hrleisten, haben Tanks 5 rotierende Rollen. Zwei der Rollen sind mit Bremsen ausgestattet.<\/p>\n                    <\/div>\n                <\/div>\n            <\/div>\n            <div class=\"section-col col-span-1 flex flex-col\">\n                <div class=\"card flex-1\">\n                    <div class=\"card-media\">\n                        <img decoding=\"async\" src=\"https:\/\/cryomed.pro\/wp-content\/themes\/cryomed\/inc\/shortcodes\/products\/pressurized-tanks\/assets\/wind.svg\" alt=\"Druckbeh\u00e4ltern\">\n                    <\/div>\n                    <div class=\"card-body\">\n                        <h3 class=\"card-title\">Niedrige Verdampfungsrate<\/h3>\n                        <p>Durch Vakuum und W\u00e4rmed\u00e4mmung haben Tanks eine geringe Verdampfungsrate.<\/p>\n                    <\/div>\n                <\/div>\n            <\/div>\n            <div class=\"section-col col-span-1 flex flex-col\">\n                <div class=\"card flex-1\">\n                    <div class=\"card-media\">\n                        <img decoding=\"async\" src=\"https:\/\/cryomed.pro\/wp-content\/themes\/cryomed\/inc\/shortcodes\/products\/pressurized-tanks\/assets\/timer.svg\" alt=\"Druckbeh\u00e4ltern\">\n                    <\/div>\n                    <div class=\"card-body\">\n                        <h3 class=\"card-title\">Druckaufbausystem<\/h3>\n                        <p>Alle Tanks sind mit einem Druckaufbau-System ausgestattet, das einen maximalen Betriebsdruck von 4 bar gew\u00e4hrleistet.<\/p>\n                    <\/div>\n                <\/div>\n            <\/div>\n        <\/div>\n    <\/div>\n<\/section>\n\n\n<section class=\"section section-tech-specs\">\n\t<div class=\"container\">\n\t\t<div class=\"section__header text-center\">\n\t\t\t<h2 class=\"section__title\">Modellen und Gr\u00f6\u00dfen<\/h2>\n\t\t<\/div>\n\n        <div class=\"section__body\">\n\t\t\t<div x-data=\"dataTablist(1)\" x-init=\"init\" class=\"tabs tablist\" role=\"tablist\">\n\t\t\t\t<div class=\"scrolling\">\n\t\t\t\t\t<div class=\"scrolling-item mx-auto\">\n\t\t\t\t\t\t<div x-cloak class=\"tablist__navs\" x-ref=\"navs\">\n\t\t\t\t\t\t\t<button role=\"tab\" class=\"tablist__navs-item\" :class=\"isActiveClass(1)\" @click=\"setActive(1)\">\n\t\t\t\t\t\t\t\t<span class=\"block px-4 lg:px-6\">Cryolab 4 Series<\/span>\n\t\t\t\t\t\t\t<\/button>\n\t\t\t\t\t\t\t<button role=\"tab\" class=\"tablist__navs-item\" :class=\"isActiveClass(2)\" @click=\"setActive(2)\">\n\t\t\t\t\t\t\t\t<span class=\"block px-4 lg:px-6\">Cryology 4 Series<\/span>\n\t\t\t\t\t\t\t<\/button>\n\t\t\t\t\t\t<\/div>\n\t\t\t\t\t<\/div>\n\t\t\t\t<\/div>\n\n\n\t\t\t\t<div class=\"tablist__tabs mt-10 lg:mt-12\" x-ref=\"tabs\">\n\t\t\t\t\t<div role=\"tabpanel\" class=\"tablist__tabs-item\"\n\t\t\t\t\t\tx-show=\"isActive(1)\"\n\t\t\t\t\t\tx-transition:enter=\"transition duration-500 ease-in-out\"\n\t\t\t\t\t\tx-transition:enter-start=\"opacity-50\"\n\t\t\t\t\t\tx-transition:enter-end=\"opacity-100\"\n\t\t\t\t\t\t>\n\n\t\t\t\t\t\t<div class=\"scrolling\">\n\t\t\t\t\t\t\t<div class=\"scrolling-item flex-1\">\n\t\t\t\t\t\t\t\t<table class=\"section-table\">\n\t\t\t\t\t\t\t\t\t<tbody>\n\t\t\t\t\t\t\t\t\t\t<tr>\n\t\t\t\t\t\t\t\t\t\t\t<th>Kapazit\u00e4t <br>(L)<\/th>\n\t\t\t\t\t\t\t\t\t\t\t<td>60<\/td>\n\t\t\t\t\t\t\t\t\t\t\t<td>65<\/td>\n\t\t\t\t\t\t\t\t\t\t\t<td>100<\/td>\n\t\t\t\t\t\t\t\t\t\t\t<td>120<\/td>\n\t\t\t\t\t\t\t\t\t\t\t<td>160 <\/td>\n\t\t\t\t\t\t\t\t\t\t\t<td>180 <\/td>\n\t\t\t\t\t\t\t\t\t\t\t<td>200 <\/td>\n\t\t\t\t\t\t\t\t\t\t<\/tr>\n\t\t\t\t\t\t\t\t\t\t<tr>\n\t\t\t\t\t\t\t\t\t\t\t<th>Gesamth\u00f6he <br>(mm)<\/th>\n\t\t\t\t\t\t\t\t\t\t\t<td>926<\/td>\n\t\t\t\t\t\t\t\t\t\t\t<td>956<\/td>\n\t\t\t\t\t\t\t\t\t\t\t<td>1162<\/td>\n\t\t\t\t\t\t\t\t\t\t\t<td>1231<\/td>\n\t\t\t\t\t\t\t\t\t\t\t<td>1436<\/td>\n\t\t\t\t\t\t\t\t\t\t\t<td>1541<\/td>\n\t\t\t\t\t\t\t\t\t\t\t<td>1641<\/td>\n\t\t\t\t\t\t\t\t\t\t<\/tr>\n\t\t\t\t\t\t\t\t\t\t<tr>\n\t\t\t\t\t\t\t\t\t\t\t<th>Eigengewicht <br>(kg)<\/th>\n\t\t\t\t\t\t\t\t\t\t\t<td>65<\/td>\n\t\t\t\t\t\t\t\t\t\t\t<td>66<\/td>\n\t\t\t\t\t\t\t\t\t\t\t<td>76<\/td>\n\t\t\t\t\t\t\t\t\t\t\t<td>82<\/td>\n\t\t\t\t\t\t\t\t\t\t\t<td>92<\/td>\n\t\t\t\t\t\t\t\t\t\t\t<td>99<\/td>\n\t\t\t\t\t\t\t\t\t\t\t<td>103<\/td>\n\t\t\t\t\t\t\t\t\t\t<\/tr>\n\t\t\t\t\t\t\t\t\t\t<tr>\n\t\t\t\t\t\t\t\t\t\t\t<th>Gesamtgewicht <br>(kg stickstoff)<\/th>\n\t\t\t\t\t\t\t\t\t\t\t<td>113<\/td>\n\t\t\t\t\t\t\t\t\t\t\t<td>119<\/td>\n\t\t\t\t\t\t\t\t\t\t\t<td>160<\/td>\n\t\t\t\t\t\t\t\t\t\t\t<td>176<\/td>\n\t\t\t\t\t\t\t\t\t\t\t<td>216<\/td>\n\t\t\t\t\t\t\t\t\t\t\t<td>239<\/td>\n\t\t\t\t\t\t\t\t\t\t\t<td>258<\/td>\n\t\t\t\t\t\t\t\t\t\t<\/tr>\n\t\t\t\t\t\t\t\t\t\t<tr>\n\t\t\t\t\t\t\t\t\t\t\t<th>Nettokapazit\u00e4t <br>(L)<\/th>\n\t\t\t\t\t\t\t\t\t\t\t<td>59.9<\/td>\n\t\t\t\t\t\t\t\t\t\t\t<td>65.4<\/td>\n\t\t\t\t\t\t\t\t\t\t\t<td>103.4<\/td>\n\t\t\t\t\t\t\t\t\t\t\t<td>116.1<\/td>\n\t\t\t\t\t\t\t\t\t\t\t<td>153.8<\/td>\n\t\t\t\t\t\t\t\t\t\t\t<td>173.2<\/td>\n\t\t\t\t\t\t\t\t\t\t\t<td>191.6<\/td>\n\t\t\t\t\t\t\t\t\t\t<\/tr>\n\t\t\t\t\t\t\t\t\t\t<tr>\n\t\t\t\t\t\t\t\t\t\t\t<th>Tagesverlust in %, \nStickstoff<\/th>\n\t\t\t\t\t\t\t\t\t\t\t<td>3.6<\/td>\n\t\t\t\t\t\t\t\t\t\t\t<td>3.4<\/td>\n\t\t\t\t\t\t\t\t\t\t\t<td>2.1<\/td>\n\t\t\t\t\t\t\t\t\t\t\t<td>2.0<\/td>\n\t\t\t\t\t\t\t\t\t\t\t<td>1.6<\/td>\n\t\t\t\t\t\t\t\t\t\t\t<td>1.5<\/td>\n\t\t\t\t\t\t\t\t\t\t\t<td>1.5<\/td>\n\t\t\t\t\t\t\t\t\t\t<\/tr>\n\t\t\t\t\t\t\t\t\t<\/tbody>\n\t\t\t\t\t\t\t\t<\/table>\n\t\t\t\t\t\t\t<\/div>\n\t\t\t\t\t\t<\/div>\n\t\t\t\t\t<\/div>\n\t\t\t\t\t<div role=\"tabpanel\" class=\"tablist__tabs-item\"\n\t\t\t\t\t\tx-show=\"isActive(2)\"\n\t\t\t\t\t\tx-transition:enter=\"transition duration-500 ease-in-out\"\n\t\t\t\t\t\tx-transition:enter-start=\"opacity-50\"\n\t\t\t\t\t\tx-transition:enter-end=\"opacity-100\"\n\t\t\t\t\t\t>\n\n\t\t\t\t\t\t<div class=\"scrolling\">\n\t\t\t\t\t\t\t<div class=\"scrolling-item flex-1\">\n\t\t\t\t\t\t\t\t<table class=\"section-table\">\n\t\t\t\t\t\t\t\t\t<tbody>\n\t\t\t\t\t\t\t\t\t\t<tr>\n\t\t\t\t\t\t\t\t\t\t\t<th>Kapazit\u00e4t <br>(L)<\/th>\n\t\t\t\t\t\t\t\t\t\t\t<td>220<\/td>\n\t\t\t\t\t\t\t\t\t\t\t<td>240<\/td>\n\t\t\t\t\t\t\t\t\t\t\t<td>260<\/td>\n\t\t\t\t\t\t\t\t\t\t\t<td>280<\/td>\n\t\t\t\t\t\t\t\t\t\t\t<td>300<\/td>\n\t\t\t\t\t\t\t\t\t\t<\/tr>\n\t\t\t\t\t\t\t\t\t\t<tr>\n\t\t\t\t\t\t\t\t\t\t\t<th>Gesamth\u00f6he <br>(mm)<\/th>\n\t\t\t\t\t\t\t\t\t\t\t<td>1366<\/td>\n\t\t\t\t\t\t\t\t\t\t\t<td>1430<\/td>\n\t\t\t\t\t\t\t\t\t\t\t<td>1489<\/td>\n\t\t\t\t\t\t\t\t\t\t\t<td>1548<\/td>\n\t\t\t\t\t\t\t\t\t\t\t<td>1616<\/td>\n\t\t\t\t\t\t\t\t\t\t<\/tr>\n\t\t\t\t\t\t\t\t\t\t<tr>\n\t\t\t\t\t\t\t\t\t\t\t<th>Eigengewicht <br>(kg)<\/th>\n\t\t\t\t\t\t\t\t\t\t\t<td>139<\/td>\n\t\t\t\t\t\t\t\t\t\t\t<td>143<\/td>\n\t\t\t\t\t\t\t\t\t\t\t<td>148<\/td>\n\t\t\t\t\t\t\t\t\t\t\t<td>154<\/td>\n\t\t\t\t\t\t\t\t\t\t\t<td>160<\/td>\n\t\t\t\t\t\t\t\t\t\t<\/tr>\n\t\t\t\t\t\t\t\t\t\t<tr>\n\t\t\t\t\t\t\t\t\t\t\t<th>Gesamtgewicht <br>(kg stickstoff)<\/th>\n\t\t\t\t\t\t\t\t\t\t\t<td>312<\/td>\n\t\t\t\t\t\t\t\t\t\t\t<td>331<\/td>\n\t\t\t\t\t\t\t\t\t\t\t<td>352<\/td>\n\t\t\t\t\t\t\t\t\t\t\t<td>373<\/td>\n\t\t\t\t\t\t\t\t\t\t\t<td>396<\/td>\n\t\t\t\t\t\t\t\t\t\t<\/tr>\n\t\t\t\t\t\t\t\t\t\t<tr>\n\t\t\t\t\t\t\t\t\t\t\t<th>Nettokapazit\u00e4t <br>(L)<\/th>\n\t\t\t\t\t\t\t\t\t\t\t<td>214.0<\/td>\n\t\t\t\t\t\t\t\t\t\t\t<td>233.1<\/td>\n\t\t\t\t\t\t\t\t\t\t\t<td>252.1<\/td>\n\t\t\t\t\t\t\t\t\t\t\t<td>270.5<\/td>\n\t\t\t\t\t\t\t\t\t\t\t<td>291.9<\/td>\n\t\t\t\t\t\t\t\t\t\t<\/tr>\n\t\t\t\t\t\t\t\t\t\t<tr>\n                                            <th>Tagesverlust in %, \nStickstoff<\/th>\n                                            <td>1.8<\/td>\n\t\t\t\t\t\t\t\t\t\t\t<td>1.7<\/td>\n\t\t\t\t\t\t\t\t\t\t\t<td>1.6<\/td>\n\t\t\t\t\t\t\t\t\t\t\t<td>1.5<\/td>\n\t\t\t\t\t\t\t\t\t\t\t<td>1.5 <\/td>\n\t\t\t\t\t\t\t\t\t\t<\/tr>\n\t\t\t\t\t\t\t\t\t<\/tbody>\n\t\t\t\t\t\t\t\t<\/table>\n\t\t\t\t\t\t\t<\/div>\n\t\t\t\t\t\t<\/div>\n\t\t\t\t\t<\/div>\n\t\t\t\t<\/div>\n\t\t\t<\/div>\n        <\/div>\n\t<\/div>\n<\/section>\n\n\n\n<aside class=\"section section-cta\">\n\t<div class=\"xl:container\">\n\t\t<div class=\"card\">\n\n\t\t\t\n<div class=\"cp-glass cp-glass--primary\">\n\n\t<img loading=\"lazy\" decoding=\"async\" width=\"1920\" height=\"1280\" class=\"js-parallax\" src=\"https:\/\/cryomed.pro\/wp-content\/themes\/cryomed\/resources\/img\/1920x1280\/1.jpg\" alt=\"Druckbeh\u00e4ltern - photo\" title=\"Druckbeh\u00e4ltern\" \/>\n\t\t\t<div class=\"cp-glass-backdrop\"><\/div>\n\t<\/div>\n\n\t\t\t<div class=\"card__body\">\n\t\t\t\t<p class=\"card__title\">Kaufen Sie vom Branchenf\u00fchrer mit der gr\u00f6\u00dften Anzahl an weltweit verkauften Kryotherapieger\u00e4ten<\/p>\n\t\t\t\t<div class=\"flex flex-col flex-wrap items-center justify-center space-y-6 md:flex-row md:space-y-0 md:space-x-6 mt-10\">\n\n\t\t\t\t\t\n\t<button class=\"btn btn--large btn--white w-full md:w-auto\"\n\t\tdata-toggle=\"modal\"\n\t\tdata-type=\"contact-us\"\n\t\tdata-find=\"#modal-pills-price-tab\"\n\t\t>\n\n\t\tAngebot anfordern\t<\/button>\n\n\t\n\t<button class=\"btn btn--large btn--white w-full md:w-auto\"\n\t\tdata-toggle=\"modal\"\n\t\tdata-type=\"contact-us\"\n\t\tdata-find=\"#modal-pills-distributor-tab\"\n\t\t>\n\n\t\tVertriebspartner werden\t<\/button>\n\n\t\n\t\t\t\t<\/div>\n\t\t\t<\/div>\n\t\t<\/div>\n\t<\/div>\n<\/aside>\n\n","protected":false},"excerpt":{"rendered":"<p>Ein unter Druck stehender kryogener Beh\u00e4lter ist ein geschlossener Beh\u00e4lter zur Lagerung und zum Transport von Fl\u00fcssigkeiten oder Gasen bei sehr niedriger Temperatur unter -150 \u00b0C<\/p>\n","protected":false},"featured_media":105291,"parent":0,"menu_order":0,"template":"templates\/full-width.php","product_cat":[396,1449],"class_list":["hentry","has-post-thumbnail"],"meta_box":[],"_links":{"self":[{"href":"https:\/\/cryomed.pro\/de\/wp-json\/wp\/v2\/product\/34137","targetHints":{"allow":["GET"]}}],"collection":[{"href":"https:\/\/cryomed.pro\/de\/wp-json\/wp\/v2\/product"}],"about":[{"href":"https:\/\/cryomed.pro\/de\/wp-json\/wp\/v2\/types\/product"}],"wp:featuredmedia":[{"embeddable":true,"href":"https:\/\/cryomed.pro\/de\/wp-json\/wp\/v2\/media\/105291"}],"wp:attachment":[{"href":"https:\/\/cryomed.pro\/de\/wp-json\/wp\/v2\/media?parent=34137"}],"wp:term":[{"taxonomy":"product_cat","embeddable":true,"href":"https:\/\/cryomed.pro\/de\/wp-json\/wp\/v2\/product_cat?post=34137"}],"curies":[{"name":"wp","href":"https:\/\/api.w.org\/{rel}","templated":true}]}}