{"id":46189,"date":"2025-01-13T19:35:11","date_gmt":"2025-01-13T19:35:11","guid":{"rendered":"https:\/\/cryomed.pro\/thank-you-page\/"},"modified":"2025-03-04T17:41:57","modified_gmt":"2025-03-04T17:41:57","slug":"thank-you-page","status":"publish","type":"page","link":"https:\/\/cryomed.pro\/de\/thank-you-page\/","title":{"rendered":"Vielen Dank, dass Sie sich angesprochen haben"},"content":{"rendered":"\n<h3 class=\"wp-block-heading has-text-align-center\"><br>Unser Team wird sich per E-Mail zeitnah bei Ihnen melden.<\/h3>\n\n\n\n<p style=\"text-align:center\">F\u00fcr dringende Angelegenheiten k\u00f6nnen Sie uns gerne \nper Telefon\/Whatsapp <a href=\"tel:421918250160\">+ 421 918 250 160<\/a> kontaktieren.<br><strong>B\u00fcrozeiten:<\/strong> Montag &#8211; Freitag (8:00 \u2013 16:30, CET\/CEST)<\/p>\n\n\n\n<p style=\"text-align:center\"><a href=\"https:\/\/cryomed.pro\/de\/business\/services\/kryotherapie-business-kursus\/\"><u>Melden Sie sich<\/u><\/a> f\u00fcr unseren KOSTENLOSEN EMail-Kurs an, um einen umfassenden Fahrplan und praktische Ratschl\u00e4ge f\u00fcr die F\u00fchrung eines erfolgreichen Kryotherapie-Gesch\u00e4fts zu erhalten.<\/p>\n\n\n\n<h3 class=\"wp-block-heading has-text-align-center\">Kryotherapie Business-Kurs:<br>Schritt-f\u00fcr-Schritt-Aktionsplan\u00a0<\/h3>\n\n\n\n<p><a href=\"\/de\/business\/services\/kryotherapie-business-kursus\/\" style=\"margin-top: 20px;--tw-bg-opacity: .2\" class=\"btn btn--blue btn--large w-full\">Ja, melde mich an!<\/a><\/p>\n\n\n\n<p><\/p>\n","protected":false},"excerpt":{"rendered":"<p>Unser Team wird sich per E-Mail zeitnah bei Ihnen melden. F\u00fcr dringende Angelegenheiten k\u00f6nnen Sie uns gerne per Telefon\/Whatsapp + 421 918 250&hellip;<\/p>\n","protected":false},"author":10,"featured_media":0,"parent":0,"menu_order":0,"comment_status":"closed","ping_status":"closed","template":"","meta":{"inline_featured_image":false,"footnotes":""},"class_list":["hentry"],"meta_box":[],"_links":{"self":[{"href":"https:\/\/cryomed.pro\/de\/wp-json\/wp\/v2\/pages\/46189","targetHints":{"allow":["GET"]}}],"collection":[{"href":"https:\/\/cryomed.pro\/de\/wp-json\/wp\/v2\/pages"}],"about":[{"href":"https:\/\/cryomed.pro\/de\/wp-json\/wp\/v2\/types\/page"}],"author":[{"embeddable":true,"href":"https:\/\/cryomed.pro\/de\/wp-json\/wp\/v2\/users\/10"}],"replies":[{"embeddable":true,"href":"https:\/\/cryomed.pro\/de\/wp-json\/wp\/v2\/comments?post=46189"}],"version-history":[{"count":3,"href":"https:\/\/cryomed.pro\/de\/wp-json\/wp\/v2\/pages\/46189\/revisions"}],"predecessor-version":[{"id":46413,"href":"https:\/\/cryomed.pro\/de\/wp-json\/wp\/v2\/pages\/46189\/revisions\/46413"}],"wp:attachment":[{"href":"https:\/\/cryomed.pro\/de\/wp-json\/wp\/v2\/media?parent=46189"}],"curies":[{"name":"wp","href":"https:\/\/api.w.org\/{rel}","templated":true}]}}