{"id":39981,"date":"2024-03-04T16:10:04","date_gmt":"2024-03-04T16:10:04","guid":{"rendered":"https:\/\/cryomed.pro\/cancellation-survey\/"},"modified":"2024-06-25T19:43:51","modified_gmt":"2024-06-25T19:43:51","slug":"storno-umfrage","status":"publish","type":"page","link":"https:\/\/cryomed.pro\/de\/storno-umfrage\/","title":{"rendered":"Storno-Umfrage"},"content":{"rendered":"\n<p>Lieber Kunde,<\/p>\n\n\n\n<p>Diese Nachricht best\u00e4tigt, dass Sie sich gerade vom Cryomed Business Kryotherapie-Kurs abgemeldet haben. Die K\u00fcndigung ist sofort wirksam.<\/p>\n\n\n\n<p>Es tut uns leid, dass Sie uns verlassen, und wir hoffen, dass Sie die Dienstleistungen und Produkte von Cryomed in Zukunft in Betracht ziehen werden.<\/p>\n\n\n\n<p>Wir w\u00e4ren Ihnen sehr dankbar, wenn Sie drei einfache Fragen beantworten, die uns helfen, uns zu verbessern. Vielen Dank, dass Sie uns auf unserem Weg helfen, Ihnen bessere Dienstleistungen anzubieten!<\/p>\n\n\n\n<p>Nochmals vielen Dank, dass Sie ein wertvolles Mitglied der Cryomed-Gesellschaft sind.<\/p>\n\n\n\n<p>Beste Gr\u00fc\u00dfe,<\/p>\n\n\n\n<p>Das Cryomed-Team<\/p>\n\n\n\n<div style=\"height:50px\" aria-hidden=\"true\" class=\"wp-block-spacer\"><\/div>\n\n\n\n<h3 class=\"wp-block-heading\">Vielen Dank, dass Sie sich f\u00fcr den Kryotherapie-Business-Kurs von Cryomed angemeldet haben!<\/h3>\n\n\n\n<div style=\"height:50px\" aria-hidden=\"true\" class=\"wp-block-spacer\"><\/div>\n\n\n\n<div class=\"wpcf7 no-js\" id=\"wpcf7-f39984-o1\" lang=\"de-DE\" dir=\"ltr\" data-wpcf7-id=\"39984\">\n<div class=\"screen-reader-response\"><p role=\"status\" aria-live=\"polite\" aria-atomic=\"true\"><\/p> <ul><\/ul><\/div>\n<form action=\"\/de\/wp-json\/wp\/v2\/pages\/39981#wpcf7-f39984-o1\" method=\"post\" class=\"wpcf7-form init form\" aria-label=\"Kontaktformular\" novalidate=\"novalidate\" data-status=\"init\">\n<fieldset class=\"hidden-fields-container\"><input type=\"hidden\" name=\"_wpcf7\" value=\"39984\" \/><input type=\"hidden\" name=\"_wpcf7_version\" value=\"6.1.5\" \/><input type=\"hidden\" name=\"_wpcf7_locale\" value=\"de_DE\" \/><input type=\"hidden\" name=\"_wpcf7_unit_tag\" value=\"wpcf7-f39984-o1\" \/><input type=\"hidden\" name=\"_wpcf7_container_post\" value=\"0\" \/><input type=\"hidden\" name=\"_wpcf7_posted_data_hash\" value=\"\" \/><input type=\"hidden\" name=\"_wpcf7_recaptcha_response\" value=\"\" \/>\n<\/fieldset>\n<div class=\"cancellation-survey-form\">\n\t\t\t<h4>Was war der Hauptgrund f\u00fcr die K\u00fcndigung Ihres Abonnements?<\/h4>\n \n\t\t\t<span class=\"wpcf7-form-control wpcf7-radio\"><span class=\"wpcf7-list-item first\"><label><input type=\"radio\" name=\"Question1\" value=\"Es besteht kein Bedarf mehr.\" \/><span class=\"wpcf7-list-item-label\">Es besteht kein Bedarf mehr.<\/span><\/label><\/span><span class=\"wpcf7-list-item\"><label><input type=\"radio\" name=\"Question1\" value=\"Es entspricht meinen Erwartungen nicht.\" \/><span class=\"wpcf7-list-item-label\">Es entspricht meinen Erwartungen nicht.<\/span><\/label><\/span><span class=\"wpcf7-list-item\"><label><input type=\"radio\" name=\"Question1\" value=\"Zu kompliziert, um im realen Leben zu verwenden.\" \/><span class=\"wpcf7-list-item-label\">Zu kompliziert, um im realen Leben zu verwenden.<\/span><\/label><\/span><span class=\"wpcf7-list-item last\"><label><input type=\"radio\" name=\"Question1\" value=\"Sonstiges (leeres Feld f\u00fcr eigene Antwort):\" \/><span class=\"wpcf7-list-item-label\">Sonstiges (leeres Feld f\u00fcr eigene Antwort):<\/span><\/label><\/span><\/span>\n   \n\t\t\t<input size=\"40\" maxlength=\"400\" class=\"wpcf7-form-control wpcf7-text\" aria-invalid=\"false\" value=\"\" type=\"text\" name=\"OtherQuestion1\" \/>\n    \n\n\t\t\t<h4>W\u00fcrden Sie unseren Kurs weiterempfehlen?<\/h4>\n\n\t\t\t<span class=\"wpcf7-form-control wpcf7-radio\"><span class=\"wpcf7-list-item first\"><label><input type=\"radio\" name=\"Question2\" value=\"Bestimmt\" \/><span class=\"wpcf7-list-item-label\">Bestimmt<\/span><\/label><\/span><span class=\"wpcf7-list-item\"><label><input type=\"radio\" name=\"Question2\" value=\"Wahrscheinlich\" \/><span class=\"wpcf7-list-item-label\">Wahrscheinlich<\/span><\/label><\/span><span class=\"wpcf7-list-item\"><label><input type=\"radio\" name=\"Question2\" value=\"Ich wei\u00df nicht\" \/><span class=\"wpcf7-list-item-label\">Ich wei\u00df nicht<\/span><\/label><\/span><span class=\"wpcf7-list-item\"><label><input type=\"radio\" name=\"Question2\" value=\"Wahrscheinlich nicht\" \/><span class=\"wpcf7-list-item-label\">Wahrscheinlich nicht<\/span><\/label><\/span><span class=\"wpcf7-list-item last\"><label><input type=\"radio\" name=\"Question2\" value=\"Eindeutig nicht\" \/><span class=\"wpcf7-list-item-label\">Eindeutig nicht<\/span><\/label><\/span><\/span>\n\n\t\t\t<h4 class=\"mt-50\">Waren die Informationen aus dem Kurs gr\u00f6\u00dftenteils n\u00fctzlich f\u00fcr Sie?<\/h4>\n\n                        <div class=\"rating\">\n\t\t\t     <span class=\"wpcf7-form-control wpcf7-radio\"><span class=\"wpcf7-list-item first\"><span class=\"wpcf7-list-item-label\">1<\/span><input type=\"radio\" name=\"Question3\" value=\"1\" \/><\/span><span class=\"wpcf7-list-item\"><span class=\"wpcf7-list-item-label\">2<\/span><input type=\"radio\" name=\"Question3\" value=\"2\" \/><\/span><span class=\"wpcf7-list-item\"><span class=\"wpcf7-list-item-label\">3<\/span><input type=\"radio\" name=\"Question3\" value=\"3\" \/><\/span><span class=\"wpcf7-list-item\"><span class=\"wpcf7-list-item-label\">4<\/span><input type=\"radio\" name=\"Question3\" value=\"4\" \/><\/span><span class=\"wpcf7-list-item last\"><span class=\"wpcf7-list-item-label\">5<\/span><input type=\"radio\" name=\"Question3\" value=\"5\" \/><\/span><\/span>\n\n\t\t\t     <div class=\"_flex _justify-between\">\n\t\t\t\t<div class=\"small-text\">Sehr unzufrieden<\/div>\n\t\t\t\t<div class=\"small-text\">Sehr zufrieden<\/div>\n\t\t\t     <\/div>\n                        <\/div>\n\n\t\t  \n\t\t       <input class=\"wpcf7-form-control wpcf7-submit has-spinner btn btn--blue btn--large w-full\" type=\"submit\" value=\"Senden\" \/>\t\t\n<\/div><input type=\"hidden\" id=\"ct_checkjs_cf7_65658fde58ab3c2b6e5132a39fae7cb9\" name=\"ct_checkjs_cf7\" value=\"0\" \/><script >setTimeout(function(){var ct_input_name = \"ct_checkjs_cf7_65658fde58ab3c2b6e5132a39fae7cb9\";if (document.getElementById(ct_input_name) !== null) {var ct_input_value = document.getElementById(ct_input_name).value;document.getElementById(ct_input_name).value = document.getElementById(ct_input_name).value.replace(ct_input_value, '1408929721');}}, 1000);<\/script><input\n                    class=\"apbct_special_field apbct_email_id__wp_contact_form_7\"\n                    name=\"apbct__email_id__wp_contact_form_7\"\n                    aria-label=\"apbct__label_id__wp_contact_form_7\"\n                    type=\"text\" size=\"30\" maxlength=\"200\" autocomplete=\"off\"\n                    value=\"\"\n                \/><div class=\"wpcf7-response-output\" aria-hidden=\"true\"><\/div>\n<\/form>\n<\/div>\n\n","protected":false},"excerpt":{"rendered":"<p>Lieber Kunde, Diese Nachricht best\u00e4tigt, dass Sie sich gerade vom Cryomed Business Kryotherapie-Kurs abgemeldet haben. Die K\u00fcndigung ist sofort wirksam. Es tut uns&hellip;<\/p>\n","protected":false},"author":10,"featured_media":0,"parent":0,"menu_order":0,"comment_status":"closed","ping_status":"closed","template":"","meta":{"inline_featured_image":false,"footnotes":""},"class_list":["hentry"],"meta_box":[],"_links":{"self":[{"href":"https:\/\/cryomed.pro\/de\/wp-json\/wp\/v2\/pages\/39981","targetHints":{"allow":["GET"]}}],"collection":[{"href":"https:\/\/cryomed.pro\/de\/wp-json\/wp\/v2\/pages"}],"about":[{"href":"https:\/\/cryomed.pro\/de\/wp-json\/wp\/v2\/types\/page"}],"author":[{"embeddable":true,"href":"https:\/\/cryomed.pro\/de\/wp-json\/wp\/v2\/users\/10"}],"replies":[{"embeddable":true,"href":"https:\/\/cryomed.pro\/de\/wp-json\/wp\/v2\/comments?post=39981"}],"version-history":[{"count":0,"href":"https:\/\/cryomed.pro\/de\/wp-json\/wp\/v2\/pages\/39981\/revisions"}],"wp:attachment":[{"href":"https:\/\/cryomed.pro\/de\/wp-json\/wp\/v2\/media?parent=39981"}],"curies":[{"name":"wp","href":"https:\/\/api.w.org\/{rel}","templated":true}]}}