{"id":38212,"date":"2024-01-06T10:20:16","date_gmt":"2024-01-06T10:20:16","guid":{"rendered":"https:\/\/cryomed.pro\/business\/services\/cryotherapy-business-course\/"},"modified":"2024-06-25T19:48:07","modified_gmt":"2024-06-25T19:48:07","slug":"kryotherapie-business-kursus","status":"publish","type":"page","link":"https:\/\/cryomed.pro\/de\/business\/services\/kryotherapie-business-kursus\/","title":{"rendered":"Kryotherapie business kursus"},"content":{"rendered":"\n<p class=\"has-text-align-justify\">Kryotherapie ist eine einzigartige Business Idee, die es Ihnen erm\u00f6glicht,in drei Minuten von 30 bis 70 Euro zu verdienen, gro\u00dfe Kundenanzahl zu bedienen und ganz leicht an jedes schon existierende Unternehmen anzupassen. Cryomed ist immer bereit, Sie w\u00e4hrend und nach dem Ankauf zu unterst\u00fctzen, damit Sie Ihre Investitionen m\u00f6glichst schnell rechtfertigen und den Gewinn steigern k\u00f6nnen.<\/p>\n\n\n\n<p class=\"has-text-align-justify\">Unabh\u00e4ngig davon, ob Sie ein neues Business starten oder schon ein eigenes Unternehmen leiten und Kundendienstleistungen mit Kryotherapie erweitern m\u00f6chten, helfen die konkrete Richtlinien den Prozess Schritt-Bei-Schritt durchzuf\u00fchren. Und Cryomed steht f\u00fcr Sie da.<\/p>\n\n\n\n<div style=\"height:50px\" aria-hidden=\"true\" class=\"wp-block-spacer\"><\/div>\n\n\n\n<div class=\"wp-block-group alignwide subscribe-color-block is-vertical is-content-justification-center is-layout-flex wp-container-core-group-is-layout-0472769e wp-block-group-is-layout-flex\">\n<h3 class=\"wp-block-heading has-text-align-center\">Registriere f\u00fcr unseren 101 Kryotherapie E-Mail-Business-Kursus und bekomme:<\/h3>\n\n\n\n<div class=\"wp-block-columns is-layout-flex wp-container-core-columns-is-layout-9d6595d7 wp-block-columns-is-layout-flex\">\n<div class=\"wp-block-column is-layout-flow wp-block-column-is-layout-flow\">\n<h4 class=\"wp-block-heading has-text-align-center\" style=\"text-transform:uppercase\">SCHRITT-BEI-SCHRITT AKTIONSPLAN<\/h4>\n\n\n\n<hr class=\"wp-block-separator has-alpha-channel-opacity\" \/>\n\n\n\n<p>Wir begleiten Sie v\u00f6llig bei der Gr\u00fcndung und\u00a0Leitung von Kryotherapie-Unternehmen.<\/p>\n\n\n\n<p><\/p>\n<\/div>\n\n\n\n<div class=\"wp-block-column is-layout-flow wp-block-column-is-layout-flow\" style=\"flex-basis:30%\">\n<h4 class=\"wp-block-heading has-text-align-center\" style=\"text-transform:uppercase\">KURZE UND EINFACHE ANLEITUNGEN<\/h4>\n\n\n\n<hr class=\"wp-block-separator has-alpha-channel-opacity\" \/>\n\n\n\n<ul class=\"wp-block-list\">\n<li>Verhandeln Sie den besten Stickstoffpreis.&nbsp;<\/li>\n\n\n\n<li>Bestimmen Sie Ihre Zielkundengruppen.&nbsp;<\/li>\n\n\n\n<li>Werben Sie f\u00fcr Ihr Business online und lokal.<\/li>\n\n\n\n<li>Schulen Sie Ihren Kryotherapie-Operatoren ein.<\/li>\n<\/ul>\n<\/div>\n\n\n\n<div class=\"wp-block-column is-layout-flow wp-block-column-is-layout-flow\">\n<h4 class=\"wp-block-heading has-text-align-center\" style=\"text-transform:uppercase\">KRYOTHERAPIE EINKOMMENSRECHNER<\/h4>\n\n\n\n<hr class=\"wp-block-separator has-alpha-channel-opacity\" \/>\n\n\n\n<p class=\"has-text-align-left\">Veranschaulichen Sie Ihre Ausgaben\/Gewinn mit realen Zahlen.<\/p>\n<\/div>\n<\/div>\n<\/div>\n\n\n\n<div class=\"wp-block-columns is-layout-flex wp-container-core-columns-is-layout-9d6595d7 wp-block-columns-is-layout-flex\">\n<div class=\"wp-block-column is-layout-flow wp-block-column-is-layout-flow\" style=\"flex-basis:100%\"><\/div>\n<\/div>\n\n\n\n<div style=\"height:50px\" aria-hidden=\"true\" class=\"wp-block-spacer\"><\/div>\n\n\n\n<h3 class=\"wp-block-heading has-text-align-center\">Warum passt Cryomed E-Mail-Kursus Ihnen am besten?<\/h3>\n\n\n\n<ul class=\"wp-block-list\">\n<li>Spart Ihr Zeit und M\u00fche, denn er enth\u00e4lte klare Antworten auf Ihre Fragen.<\/li>\n\n\n\n<li>H\u00e4lt Ihr Geld zusammen, weil er kostenlos ist.<\/li>\n\n\n\n<li>Einfach beizutreten: f\u00fcllen Sie ein kurzes Anmeldeformular aus und es geht los.<\/li>\n\n\n\n<li>Einfach abzubestellen: Abmeldeoption mit einem Klick.<\/li>\n\n\n\n<li>Hoch skalierbar: wir sind offen f\u00fcr R\u00fcckmeldung und freuen uns \u00fcber Ihre Anfragen, unseren E-Mail-Kursus mit bestimmten Themen hinzuzuf\u00fcgen.<\/li>\n<\/ul>\n\n\n\n<p class=\"has-text-align-justify\">Sie k\u00f6nnen sich auf unser Einschulung-Team verlassen, das Sie von dem Start des Projektes und nach dem Kauf unterst\u00fctzen wird.<\/p>\n\n\n\n<div style=\"height:50px\" aria-hidden=\"true\" class=\"wp-block-spacer\"><\/div>\n\n\n\n<div class=\"wp-block-group alignwide subscribe-form-block\" id=\"subscribe-form\"><div class=\"wp-block-group__inner-container is-layout-constrained wp-block-group-is-layout-constrained\">\n<h3 class=\"wp-block-heading has-text-align-center has-white-color has-text-color has-link-color wp-elements-4e6a4aa6d3efdef396f9e33564de47ee\">Sind Sie bereit, beizutreten? Gib uns:<\/h3>\n\n\n\n<div class=\"wp-block-contact-form-7-contact-form-selector\">\n<div class=\"wpcf7 no-js\" id=\"wpcf7-f38215-o1\" lang=\"de-DE\" dir=\"ltr\" data-wpcf7-id=\"38215\">\n<div class=\"screen-reader-response\"><p role=\"status\" aria-live=\"polite\" aria-atomic=\"true\"><\/p> <ul><\/ul><\/div>\n<form action=\"\/de\/wp-json\/wp\/v2\/pages\/38212#wpcf7-f38215-o1\" method=\"post\" class=\"wpcf7-form init form\" aria-label=\"Kontaktformular\" novalidate=\"novalidate\" data-status=\"init\">\n<fieldset class=\"hidden-fields-container\"><input type=\"hidden\" name=\"_wpcf7\" value=\"38215\" \/><input type=\"hidden\" name=\"_wpcf7_version\" value=\"6.1.5\" \/><input type=\"hidden\" name=\"_wpcf7_locale\" value=\"de_DE\" \/><input type=\"hidden\" name=\"_wpcf7_unit_tag\" value=\"wpcf7-f38215-o1\" \/><input type=\"hidden\" name=\"_wpcf7_container_post\" value=\"0\" \/><input type=\"hidden\" name=\"_wpcf7_posted_data_hash\" value=\"\" \/><input type=\"hidden\" name=\"_wpcf7_recaptcha_response\" value=\"\" \/>\n<\/fieldset>\n<div class=\"grid grid-cols-6 gap-10\">\n    <div class=\"col-span-6\">\n        <div class=\"form__group\">\n            <input size=\"40\" maxlength=\"400\" class=\"wpcf7-form-control wpcf7-text wpcf7-validates-as-required form__control\" id=\"rp-your-name\" aria-required=\"true\" aria-invalid=\"false\" placeholder=\"Name\" value=\"\" type=\"text\" name=\"your-name\" \/>\n            <label for=\"rp-your-name\">Your name<span class=\"is-reqiured\">*<\/span><\/label>\n        <\/div>\n    <\/div>\n    <div class=\"col-span-6\">\n        <div class=\"form__group\">\n            <input size=\"40\" maxlength=\"400\" class=\"wpcf7-form-control wpcf7-email wpcf7-validates-as-required wpcf7-text wpcf7-validates-as-email form__control\" id=\"rp-your-email\" aria-required=\"true\" aria-invalid=\"false\" placeholder=\"Your Email\" value=\"\" type=\"email\" name=\"your-email\" \/>\n            <label for=\"rp-your-email\">Your e-mail<span class=\"is-reqiured\">*<\/span><\/label>\n        <\/div>\n    <\/div>\n    <div class=\"col-span-6 lg:col-span-2\">\n        Do you run an existing business?\n    <\/div>\n    <div class=\"col-span-6 lg:col-span-4\">\n        <div class=\"form__group\">\n            <span class=\"wpcf7-form-control wpcf7-radio\"><span class=\"wpcf7-list-item first\"><label><input type=\"radio\" name=\"radio-334\" value=\"Yes\" checked=\"checked\" \/><span class=\"wpcf7-list-item-label\">Yes<\/span><\/label><\/span><span class=\"wpcf7-list-item last\"><label><input type=\"radio\" name=\"radio-334\" value=\"No\" \/><span class=\"wpcf7-list-item-label\">No<\/span><\/label><\/span><\/span>\n        <\/div>\n    <\/div>\n    <div class=\"col-span-6 lg:col-span-2\">\n        Industry you work in:\n    <\/div>\n    <div class=\"col-span-2 lg:col-span-4\">\n        <div class=\"form__group\">\n            <span class=\"wpcf7-form-control wpcf7-checkbox\"><span class=\"wpcf7-list-item first\"><label><input type=\"checkbox\" name=\"checkbox-155[]\" value=\"Wellness\" \/><span class=\"wpcf7-list-item-label\">Wellness<\/span><\/label><\/span><span class=\"wpcf7-list-item\"><label><input type=\"checkbox\" name=\"checkbox-155[]\" value=\"Beauty\" \/><span class=\"wpcf7-list-item-label\">Beauty<\/span><\/label><\/span><span class=\"wpcf7-list-item\"><label><input type=\"checkbox\" name=\"checkbox-155[]\" value=\"Sports\" \/><span class=\"wpcf7-list-item-label\">Sports<\/span><\/label><\/span><span class=\"wpcf7-list-item last\"><label><input type=\"checkbox\" name=\"checkbox-155[]\" value=\"Healthcare\" \/><span class=\"wpcf7-list-item-label\">Healthcare<\/span><\/label><\/span><\/span>\n        <\/div>\n        <div class=\"form__group\">\n            <input size=\"40\" maxlength=\"400\" class=\"wpcf7-form-control wpcf7-text form__control\" id=\"rp-other\" aria-invalid=\"false\" placeholder=\"Other\" value=\"\" type=\"text\" name=\"other\" \/>\n            <label for=\"rp-other\">Other<\/label>\n        <\/div>\n    <\/div>\n    <div class=\"col-span-6\">\n        <div class=\"form__group\">\n            <span class=\"wpcf7-form-control wpcf7-acceptance\"><span class=\"wpcf7-list-item\"><label><input type=\"checkbox\" name=\"your-consent\" value=\"1\" class=\"m-0\" aria-invalid=\"false\" \/><span class=\"wpcf7-list-item-label\">Ich habe die <a href=\"https:\/\/cryomed.pro\/privacy-policy\/\">Datenschutzerkl\u00e4rung<\/a> gelesen und stimme zu, die neuesten Nachrichten von Cryomed zu erhalten\n<\/span><\/label><\/span><\/span>\n        <\/div>\n    <\/div>\n    <div class=\"col-span-6\">\n        <input class=\"wpcf7-form-control wpcf7-hidden\" value=\"\" type=\"hidden\" name=\"hidId\" \/>\n        <input class=\"wpcf7-form-control wpcf7-hidden hidden\" value=\"\" type=\"hidden\" name=\"country-dial\" \/>\n        <input class=\"wpcf7-form-control wpcf7-hidden hidden\" value=\"\" type=\"hidden\" name=\"country-code\" \/>\n        <label for=\"wpcf7-69d4652b4f570-field\" class=\"hp-message\">Bitte lasse dieses Feld leer.<\/label><input id=\"wpcf7-69d4652b4f570-field\"  class=\"wpcf7-form-control wpcf7-text hidden\" type=\"text\" name=\"honeypot-789\" value=\"\" size=\"40\" tabindex=\"-1\" autocomplete=\"new-password\" \/>\n        <input class=\"wpcf7-form-control wpcf7-submit has-spinner btn btn--blue btn--large w-full\" type=\"submit\" value=\"LET\u2019S GO\" \/>\n    <\/div>\n<\/div><input type=\"hidden\" id=\"ct_checkjs_cf7_8f121ce07d74717e0b1f21d122e04521\" name=\"ct_checkjs_cf7\" value=\"0\" \/><script >setTimeout(function(){var ct_input_name = \"ct_checkjs_cf7_8f121ce07d74717e0b1f21d122e04521\";if (document.getElementById(ct_input_name) !== null) {var ct_input_value = document.getElementById(ct_input_name).value;document.getElementById(ct_input_name).value = document.getElementById(ct_input_name).value.replace(ct_input_value, '734758956');}}, 1000);<\/script><input\n                    class=\"apbct_special_field apbct_email_id__wp_contact_form_7\"\n                    name=\"apbct__email_id__wp_contact_form_7\"\n                    aria-label=\"apbct__label_id__wp_contact_form_7\"\n                    type=\"text\" size=\"30\" maxlength=\"200\" autocomplete=\"off\"\n                    value=\"\"\n                \/><div class=\"wpcf7-response-output\" aria-hidden=\"true\"><\/div>\n<\/form>\n<\/div>\n<\/div>\n<\/div><\/div>\n","protected":false},"excerpt":{"rendered":"<p>Kryotherapie ist eine einzigartige Business Idee, die es Ihnen erm\u00f6glicht,in drei Minuten von 30 bis 70 Euro zu verdienen, gro\u00dfe Kundenanzahl zu bedienen&hellip;<\/p>\n","protected":false},"author":10,"featured_media":0,"parent":34516,"menu_order":0,"comment_status":"closed","ping_status":"closed","template":"","meta":{"inline_featured_image":false,"footnotes":""},"class_list":["hentry"],"meta_box":[],"_links":{"self":[{"href":"https:\/\/cryomed.pro\/de\/wp-json\/wp\/v2\/pages\/38212","targetHints":{"allow":["GET"]}}],"collection":[{"href":"https:\/\/cryomed.pro\/de\/wp-json\/wp\/v2\/pages"}],"about":[{"href":"https:\/\/cryomed.pro\/de\/wp-json\/wp\/v2\/types\/page"}],"author":[{"embeddable":true,"href":"https:\/\/cryomed.pro\/de\/wp-json\/wp\/v2\/users\/10"}],"replies":[{"embeddable":true,"href":"https:\/\/cryomed.pro\/de\/wp-json\/wp\/v2\/comments?post=38212"}],"version-history":[{"count":0,"href":"https:\/\/cryomed.pro\/de\/wp-json\/wp\/v2\/pages\/38212\/revisions"}],"up":[{"embeddable":true,"href":"https:\/\/cryomed.pro\/de\/wp-json\/wp\/v2\/pages\/34516"}],"wp:attachment":[{"href":"https:\/\/cryomed.pro\/de\/wp-json\/wp\/v2\/media?parent=38212"}],"curies":[{"name":"wp","href":"https:\/\/api.w.org\/{rel}","templated":true}]}}