{"id":34178,"date":"2020-07-30T09:30:25","date_gmt":"2020-07-30T09:30:25","guid":{"rendered":"https:\/\/cryomed.pro\/about-us\/"},"modified":"2025-06-25T19:57:51","modified_gmt":"2025-06-25T19:57:51","slug":"ueber-uns","status":"publish","type":"page","link":"https:\/\/cryomed.pro\/de\/ueber-uns\/","title":{"rendered":"\u00dcber uns"},"content":{"rendered":"\n<div class=\"wp-block-group alignfull wp-block-group-media-text\"><div class=\"wp-block-group__inner-container is-layout-flow wp-block-group-is-layout-flow\">\n<div class=\"wp-block-columns alignwide is-layout-flex wp-container-core-columns-is-layout-9d6595d7 wp-block-columns-is-layout-flex\">\n<div class=\"wp-block-column is-layout-flow wp-block-column-is-layout-flow\">\n<p><img loading=\"lazy\" decoding=\"async\" width=\"1280\" height=\"622\" class=\"wp-image-7885\" style=\"aspect-ratio: 2.006666666666667;object-fit: contain;width: 602px;height: auto\" title=\"Best cryotherapy machines\" src=\"\/wp-content\/uploads\/2021\/08\/photo_2019-11-18_09-28-13.jpg\" alt=\"Best cryotherapy machines\" srcset=\"https:\/\/cryomed.pro\/wp-content\/uploads\/2021\/08\/photo_2019-11-18_09-28-13.jpg 1280w, https:\/\/cryomed.pro\/wp-content\/uploads\/2021\/08\/photo_2019-11-18_09-28-13-300x146.jpg 300w, https:\/\/cryomed.pro\/wp-content\/uploads\/2021\/08\/photo_2019-11-18_09-28-13-1024x498.jpg 1024w, https:\/\/cryomed.pro\/wp-content\/uploads\/2021\/08\/photo_2019-11-18_09-28-13-768x373.jpg 768w\" sizes=\"auto, (max-width: 1280px) 100vw, 1280px\" \/><\/p>\n<p class=\"wp-element-caption\"><span style=\"font-weight: 400\">Die besten Kryotherapieger\u00e4te vom weltber\u00fchmten Hersteller<\/span><\/p>\n<\/div>\n\n\n\n<div class=\"wp-block-column is-layout-flow wp-block-column-is-layout-flow\">\n<p>Cryomed ist ein f\u00fchrender Hersteller von kryogenen Ger\u00e4ten mit der breitesten Palette von Ganzk\u00f6rper- und lokalen Kryotherapie Ger\u00e4ten auf dem Markt. Wir bieten sechs Modelle von Kryosauna, zwei Modelle von hybriden Kryokammern, eine mobile Kryosauna, eine Pferde Kryosauna und zwei Modelle von lokalen Kryotherapie Ger\u00e4ten an, die sich in Gr\u00f6\u00dfe, Ausstattung und Preis unterscheiden.<\/p>\n\n\n\n<p>Cryomed stellt seit 2002 Ganzk\u00f6rper-Kryotherapieger\u00e4te her, auch bekannt als Kryosaunen, Kryokapseln oder Kryopoden. Mittlerweile haben wir \u00fcber <a href=\"https:\/\/cryomed.pro\/de\/business\/services\/montage\/\" data-type=\"page\" data-id=\"1239\">1.800 Kryosaunen<\/a> in mehr als 70 L\u00e4ndern installiert. 2015 hat Cryomed die Produktion lokaler Kryotherapieger\u00e4te gestartet.<\/p>\n\n\n\n<p>Die ganze Zeit \u00fcber hat unsere interne Forschungs- und Entwicklungsabteilung unsere Produkte durch Innovation und Spitzentechnologie kontinuierlich verbessert. Wir ver\u00f6ffentlichen jedes Jahr neue Modelle und aktualisieren die bestehende Ausr\u00fcstung alle paar Monate, basierend auf dem Feedback, das wir von unseren Kunden erhalten.<\/p>\n\n\n\n<p>Alle Ger\u00e4te von Cryomed sind vollst\u00e4ndig zertifiziert und erf\u00fcllen die strengsten EU-Standards in Bezug auf Betriebseffizienz, Qualit\u00e4t der Komponenten, Personal- und Umweltsicherheit.<\/p>\n\n\n\n<p>Im Jahr 2020 entwickelten wir bei Cryomed einen einzigartigen <a href=\"https:\/\/cryomed.pro\/de\/business\/services\/training\/\">Online-Schulungskurs zur Ganzk\u00f6rper-Kryotherapie<\/a>, der seine Mechanismen, Sicherheitsprotokolle und Anwendungen in den Bereichen Sch\u00f6nheit, Wellness, Sport und Gesundheitswesen abdeckt. Der Kurs hilft Unternehmern, eine effiziente Kommunikation und langfristige Beziehungen zu ihren Kunden aufzubauen. Die Schulung steht unseren Kunden kostenlos zur Verf\u00fcgung.<\/p>\n\n\n\n<p>Wir sind bestrebt, hohe Qualit\u00e4t zu wettbewerbsf\u00e4higen Preisen zu liefern und bieten End-to-End-Beratung, um Ihnen bei der Auswahl des richtigen Produkts f\u00fcr Ihre Bed\u00fcrfnisse zu helfen.<\/p>\n<\/div>\n<\/div>\n<\/div><\/div>\n","protected":false},"excerpt":{"rendered":"<p>Die besten Kryotherapieger\u00e4te vom weltber\u00fchmten Hersteller Cryomed ist ein f\u00fchrender Hersteller von kryogenen Ger\u00e4ten mit der breitesten Palette von Ganzk\u00f6rper- und lokalen Kryotherapie&hellip;<\/p>\n","protected":false},"author":1,"featured_media":0,"parent":0,"menu_order":0,"comment_status":"closed","ping_status":"closed","template":"","meta":{"inline_featured_image":false,"footnotes":""},"class_list":["hentry"],"meta_box":[],"_links":{"self":[{"href":"https:\/\/cryomed.pro\/de\/wp-json\/wp\/v2\/pages\/34178","targetHints":{"allow":["GET"]}}],"collection":[{"href":"https:\/\/cryomed.pro\/de\/wp-json\/wp\/v2\/pages"}],"about":[{"href":"https:\/\/cryomed.pro\/de\/wp-json\/wp\/v2\/types\/page"}],"author":[{"embeddable":true,"href":"https:\/\/cryomed.pro\/de\/wp-json\/wp\/v2\/users\/1"}],"replies":[{"embeddable":true,"href":"https:\/\/cryomed.pro\/de\/wp-json\/wp\/v2\/comments?post=34178"}],"version-history":[{"count":1,"href":"https:\/\/cryomed.pro\/de\/wp-json\/wp\/v2\/pages\/34178\/revisions"}],"predecessor-version":[{"id":107313,"href":"https:\/\/cryomed.pro\/de\/wp-json\/wp\/v2\/pages\/34178\/revisions\/107313"}],"wp:attachment":[{"href":"https:\/\/cryomed.pro\/de\/wp-json\/wp\/v2\/media?parent=34178"}],"curies":[{"name":"wp","href":"https:\/\/api.w.org\/{rel}","templated":true}]}}