{"id":34168,"date":"2020-08-07T14:22:32","date_gmt":"2020-08-07T14:22:32","guid":{"rendered":"https:\/\/cryomed.pro\/our-team\/"},"modified":"2024-06-25T19:51:28","modified_gmt":"2024-06-25T19:51:28","slug":"unser-team","status":"publish","type":"page","link":"https:\/\/cryomed.pro\/de\/ueber-uns\/unser-team\/","title":{"rendered":"Unser Team"},"content":{"rendered":"\n\n\n\n<div class=\"section section-our-team-gallery\">\n\t<div class=\"container\">\n\t\t<!-- <div class=\"grid sm:grid-cols-2 lg:grid-cols-3 xl:grid-cols-4 gap-10\"> -->\n\t\t<div class=\"grid sm:grid-cols-2 lg:grid-cols-3 gap-10 xl:gap-20\">\n\t\t\t<div class=\"card\">\n\t\t\t\t<figure class=\"card-media\">\n\t\t\t\t\t<img decoding=\"async\" src=\"https:\/\/cryomed.pro\/wp-content\/themes\/cryomed\/inc\/shortcodes\/pages\/about-us\/our-team\/assets\/Olena Sydorenko, Marketing Director.jpg\" alt=\"Olena\u2028 Sydorenko\">\n\t\t\t\t<\/figure>\n\n\t\t\t\t<div class=\"card-body flex flex-col justify-center text-center mt-4\">\n\t\t\t\t\t<span class=\"card-name text-navy\">Olena\u2028 Sydorenko<\/span>\n\t\t\t\t\t<span class=\"card-position text-navy text-opacity-50 text-sm font-light mt-1\">Marketing Director<\/span>\n\t\t\t\t<\/div>\n\t\t\t<\/div>\n\t\t\t<div class=\"card\">\n\t\t\t\t<figure class=\"card-media\">\n\t\t\t\t\t<img decoding=\"async\" src=\"https:\/\/cryomed.pro\/wp-content\/themes\/cryomed\/inc\/shortcodes\/pages\/about-us\/our-team\/assets\/Mykhailo Liubchenko, Co-Owner of Cryomed Manufacture s.r.o.jpg\" alt=\"Mykhailo Liubchenko\">\n\t\t\t\t<\/figure>\n\n\t\t\t\t<div class=\"card-body flex flex-col justify-center text-center mt-4\">\n\t\t\t\t\t<span class=\"card-name text-navy\">Mykhailo Liubchenko<\/span>\n\t\t\t\t\t<span class=\"card-position text-navy text-opacity-50 text-sm font-light mt-1\">Gesch\u00e4ftsf\u00fchrer der Cryomed Manufacture s.r.o.<\/span>\n\t\t\t\t<\/div>\n\t\t\t<\/div>\n\t\t\t<div class=\"card\">\n\t\t\t\t<figure class=\"card-media\">\n\t\t\t\t\t<img decoding=\"async\" src=\"https:\/\/cryomed.pro\/wp-content\/themes\/cryomed\/inc\/shortcodes\/pages\/about-us\/our-team\/assets\/Mariia Shepilova, Marketing Director Assistant.jpg\" alt=\"Mariia\u2028 Shepilova\">\n\t\t\t\t<\/figure>\n\n\t\t\t\t<div class=\"card-body flex flex-col justify-center text-center mt-4\">\n\t\t\t\t\t<span class=\"card-name text-navy\">Mariia\u2028 Shepilova<\/span>\n\t\t\t\t\t<span class=\"card-position text-navy text-opacity-50 text-sm font-light mt-1\">Marketing Director Assistant<\/span>\n\t\t\t\t<\/div>\n\t\t\t<\/div>\n\t\t\t<div class=\"card\">\n\t\t\t\t<figure class=\"card-media\">\n\t\t\t\t\t<img decoding=\"async\" src=\"https:\/\/cryomed.pro\/wp-content\/themes\/cryomed\/inc\/shortcodes\/pages\/about-us\/our-team\/assets\/Sergii Kryvonos, Sales Representative.jpg\" alt=\"Sergii\u2028 Krivonos\">\n\t\t\t\t<\/figure>\n\n\t\t\t\t<div class=\"card-body flex flex-col justify-center text-center mt-4\">\n\t\t\t\t\t<span class=\"card-name text-navy\">Sergii\u2028 Krivonos<\/span>\n\t\t\t\t\t<span class=\"card-position text-navy text-opacity-50 text-sm font-light mt-1\">Vertriebsmitarbeiter<\/span>\n\t\t\t\t<\/div>\n\t\t\t<\/div>\n\t\t\t<div class=\"card\">\n\t\t\t\t<figure class=\"card-media\">\n\t\t\t\t\t<img decoding=\"async\" src=\"https:\/\/cryomed.pro\/wp-content\/themes\/cryomed\/inc\/shortcodes\/pages\/about-us\/our-team\/assets\/Viktoriia Boyarska, Back-Office Manager.jpg\" alt=\"Viktoriia\u2028 Boyarskaya\">\n\t\t\t\t<\/figure>\n\n\t\t\t\t<div class=\"card-body flex flex-col justify-center text-center mt-4\">\n\t\t\t\t\t<span class=\"card-name text-navy\">Viktoriia\u2028 Boyarskaya<\/span>\n\t\t\t\t\t<span class=\"card-position text-navy text-opacity-50 text-sm font-light mt-1\">Back-Office Manager<\/span>\n\t\t\t\t<\/div>\n\t\t\t<\/div>\n\t\t\t<div class=\"card\">\n\t\t\t\t<figure class=\"card-media\">\n\t\t\t\t\t<img decoding=\"async\" src=\"https:\/\/cryomed.pro\/wp-content\/themes\/cryomed\/inc\/shortcodes\/pages\/about-us\/our-team\/assets\/Larysa Zhbanova, Project Manager.jpg\" alt=\"Larysa\u2028 Zhbanova\">\n\t\t\t\t<\/figure>\n\n\t\t\t\t<div class=\"card-body flex flex-col justify-center text-center mt-4\">\n\t\t\t\t\t<span class=\"card-name text-navy\">Larysa\u2028 Zhbanova<\/span>\n\t\t\t\t\t<span class=\"card-position text-navy text-opacity-50 text-sm font-light mt-1\">Projektmanager<\/span>\n\t\t\t\t<\/div>\n\t\t\t<\/div>\n\t\t\t<div class=\"card\">\n\t\t\t\t<figure class=\"card-media\">\n\t\t\t\t\t<img decoding=\"async\" src=\"https:\/\/cryomed.pro\/wp-content\/themes\/cryomed\/inc\/shortcodes\/pages\/about-us\/our-team\/assets\/Yulia Lievshyna, SMM manager.jpg\" alt=\"Yulia\u2028 Lievshyna\">\n\t\t\t\t<\/figure>\n\n\t\t\t\t<div class=\"card-body flex flex-col justify-center text-center mt-4\">\n\t\t\t\t\t<span class=\"card-name text-navy\">Yulia\u2028 Lievshyna<\/span>\n\t\t\t\t\t<span class=\"card-position text-navy text-opacity-50 text-sm font-light mt-1\">SMM -Manager<\/span>\n\t\t\t\t<\/div>\n\t\t\t<\/div>\n\t\t<\/div>\n\t<\/div>\n<\/div>\n\n\n\n<div class=\"section section-why-us\">\n\t<div class=\"container\">\n\t\t<header class=\"section__header text-center\">\n            <h2 class=\"section__title\">Warum wir?<\/h2>\n        <\/header>\n\n\t\t<div class=\"section-row\" style=\"text-align: justify\">\n\t\t\t<div class=\"section-col col-span-1 flex flex-col\">\n\t\t\t\t<div class=\"card flex-1\">\n                    <div class=\"card-media\">\n                        <img decoding=\"async\" src=\"https:\/\/cryomed.pro\/wp-content\/themes\/cryomed\/inc\/shortcodes\/pages\/about-us\/our-team\/assets\/circles_three_plus.svg\" alt=\"Unser Team\">\n                    <\/div>\n                    <div class=\"card-body\">\n                        <h3 class=\"card-title\">Wir unterscheiden uns<\/h3>\n                        <p>Wir bieten die breiteste Modellpalette von Kryotherapie Produkten auf dem Markt an. Bei uns k\u00f6nnen Sie die Gr\u00f6\u00dfe Ihrer Maschine je nach Ihrem Standort w\u00e4hlen, gr\u00f6\u00dfere oder kleinere Kabine je nach den Kunden, die Sie bedienen, Kompatibilit\u00e4t mit Dewars oder Druckbeh\u00e4ltern, abh\u00e4ngig von der Anzahl der Sitzungen, die Sie bereitstellen m\u00f6chten. <\/p>\n                    <\/div>\n                <\/div>\n\t\t\t<\/div>\n\t\t\t<div class=\"section-col col-span-1 flex flex-col\">\n\t\t\t\t<div class=\"card flex-1\">\n                    <div class=\"card-media\">\n                        <img decoding=\"async\" src=\"https:\/\/cryomed.pro\/wp-content\/themes\/cryomed\/inc\/shortcodes\/pages\/about-us\/our-team\/assets\/chart_up.svg\" alt=\"Unser Team\">\n                    <\/div>\n                    <div class=\"card-body\">\n                        <h3 class=\"card-title\">Wir wachsen<\/h3>\n                        <p>Unsere F&E-Abteilung ver\u00f6ffentlicht jedes Jahr neue Modelle und bringt alle paar Monate Verbesserungen und Software-Updates, um die sicherste und angenehmste Kryotherapie-Umgebung zu schaffen.<\/p>\n                    <\/div>\n                <\/div>\n\t\t\t<\/div>\n\t\t\t<div class=\"section-col col-span-1 flex flex-col\">\n\t\t\t\t<div class=\"card flex-1\">\n                    <div class=\"card-media\">\n                        <img decoding=\"async\" src=\"https:\/\/cryomed.pro\/wp-content\/themes\/cryomed\/inc\/shortcodes\/pages\/about-us\/our-team\/assets\/timer.svg\" alt=\"Unser Team\">\n                    <\/div>\n                    <div class=\"card-body\">\n                        <h3 class=\"card-title\">Wir haben Erfahrung<\/h3>\n                        <p>Mehr als 20-j\u00e4hrige Produktionsgeschichte.<\/p>\n                    <\/div>\n                <\/div>\n\t\t\t<\/div>\n\t\t\t<div class=\"section-col col-span-1 flex flex-col\">\n\t\t\t\t<div class=\"card flex-1\">\n                    <div class=\"card-media\">\n                        <img decoding=\"async\" src=\"https:\/\/cryomed.pro\/wp-content\/themes\/cryomed\/inc\/shortcodes\/pages\/about-us\/our-team\/assets\/cryobus.svg\" alt=\"Unser Team\">\n                    <\/div>\n                    <div class=\"card-body\">\n                        <h3 class=\"card-title\">Wir liefern <\/h3>\n                        <p>Wir sind \u00fcberzeugt von der Qualit\u00e4t unserer Produkte.<\/p>\n                    <\/div>\n                <\/div>\n\t\t\t<\/div>\n\t\t<\/div>\n\t<\/div>\n<\/div>\n\n\n\n<section class=\"section section-benefits-2\">\n    <div class=\"container\">\n        <header class=\"section__header text-center\">\n            <h2 class=\"section__title\">Business-Services<\/h2>\n        <\/header>\n\n        <div class=\"section-row\">\n            <div class=\"section-col col-span-1 flex flex-col\">\n                <div class=\"card flex-1\">\n                    <div class=\"card-media\">\n                        <img decoding=\"async\" src=\"https:\/\/cryomed.pro\/wp-content\/themes\/cryomed\/inc\/shortcodes\/pages\/about-us\/our-team\/assets\/handshake.svg\" alt=\"Unser Team\">\n                    <\/div>\n                    <div class=\"card-body\">\n                        <h3 class=\"card-title\">Wir starten<\/h3>\n                        <p>Entscheiden Sie sich f\u00fcr Leasing, Miete oder Inzahlungnahme, um Ihr Unternehmen zu starten<\/p>\n                    <\/div>\n                <\/div>\n            <\/div>\n            <div class=\"section-col col-span-1 flex flex-col\">\n                <div class=\"card flex-1\">\n                    <div class=\"card-media\">\n                        <img decoding=\"async\" src=\"https:\/\/cryomed.pro\/wp-content\/themes\/cryomed\/inc\/shortcodes\/pages\/about-us\/our-team\/assets\/book_open.svg\" alt=\"Unser Team\">\n                    <\/div>\n                    <div class=\"card-body\">\n                        <h3 class=\"card-title\">Wir unterst\u00fctzen<\/h3>\n                        <p>Erhalten Sie ein komplettes Marketing- und Promo-Paket, um Ihr Unternehmen auf den Weg zu bringen<\/p>\n                    <\/div>\n                <\/div>\n            <\/div>\n            <div class=\"section-col col-span-1 flex flex-col\">\n                <div class=\"card flex-1\">\n                    <div class=\"card-media\">\n                        <img decoding=\"async\" src=\"https:\/\/cryomed.pro\/wp-content\/themes\/cryomed\/inc\/shortcodes\/pages\/about-us\/our-team\/assets\/briefcase.svg\" alt=\"Unser Team\">\n                    <\/div>\n                    <div class=\"card-body\">\n                        <h3 class=\"card-title\">Wir beraten<\/h3>\n                        <p>Fragen Sie nach unserer Hilfe bei der Erstellung von Marketingpl\u00e4nen und Werbestrategien<\/p>\n                    <\/div>\n                <\/div>\n            <\/div>\n            <div class=\"section-col col-span-1 flex flex-col\">\n                <div class=\"card flex-1\">\n                    <div class=\"card-media\">\n                        <img decoding=\"async\" src=\"https:\/\/cryomed.pro\/wp-content\/themes\/cryomed\/inc\/shortcodes\/pages\/about-us\/our-team\/assets\/graduation_cap.svg\" alt=\"Unser Team\">\n                    <\/div>\n                    <div class=\"card-body\">\n                        <h3 class=\"card-title\">Wir schulen<\/h3>\n                        <p>Senden Sie eine Anfrage und lassen Sie Ihre Bediener vor Ort schulen<\/p>\n                    <\/div>\n                <\/div>\n            <\/div>\n            <div class=\"section-col col-span-1 flex flex-col\">\n                <div class=\"card flex-1\">\n                    <div class=\"card-media\">\n                        <img decoding=\"async\" src=\"https:\/\/cryomed.pro\/wp-content\/themes\/cryomed\/inc\/shortcodes\/pages\/about-us\/our-team\/assets\/diamond.svg\" alt=\"Unser Team\">\n                    <\/div>\n                    <div class=\"card-body\">\n                        <h3 class=\"card-title\">Wir unterst\u00fctzen<\/h3>\n                        <p>Melden Sie sich f\u00fcr unseren kostenlosen Online-Schulungskurs an, um Ihren Kunden den besten Service zu bieten<\/p>\n                    <\/div>\n                <\/div>\n            <\/div>\n            <div class=\"section-col col-span-1 flex flex-col\">\n                <div class=\"card flex-1\">\n                    <div class=\"card-media\">\n                        <img decoding=\"async\" src=\"https:\/\/cryomed.pro\/wp-content\/themes\/cryomed\/inc\/shortcodes\/pages\/about-us\/our-team\/assets\/shield_check.svg\" alt=\"Unser Team\">\n                    <\/div>\n                    <div class=\"card-body\">\n                        <h3 class=\"card-title\">Wir sorgen<\/h3>\n                        <p>Verlassen Sie sich bei Installation, Betrieb oder Wartung auf unsere Unterst\u00fctzung<\/p>\n                    <\/div>\n                <\/div>\n            <\/div>\n            <div class=\"section-col col-span-1 flex flex-col\" style=\"grid-column: 2 \/ span 1;  justify-self: center;\">\n                <div class=\"card flex-1\">\n                    <div class=\"card-media\">\n                        <img decoding=\"async\" src=\"https:\/\/cryomed.pro\/wp-content\/themes\/cryomed\/inc\/shortcodes\/pages\/about-us\/our-team\/assets\/airplane.svg\" alt=\"Unser Team\">\n                    <\/div>\n                    <div class=\"card-body\">\n                        <h3 class=\"card-title\">Wir liefern rund um die Welt <\/h3>\n                        <p>Erhalten Sie unsere Unterst\u00fctzung bei der weltweiten Lieferung per Flugzeug oder LKW<\/p>\n                    <\/div>\n                <\/div>\n            <\/div>\n        <\/div>\n    <\/div>\n<\/section>\n\n","protected":false},"excerpt":{"rendered":"","protected":false},"author":1,"featured_media":0,"parent":34178,"menu_order":1,"comment_status":"closed","ping_status":"closed","template":"","meta":{"inline_featured_image":false,"footnotes":""},"class_list":["hentry"],"meta_box":[],"_links":{"self":[{"href":"https:\/\/cryomed.pro\/de\/wp-json\/wp\/v2\/pages\/34168","targetHints":{"allow":["GET"]}}],"collection":[{"href":"https:\/\/cryomed.pro\/de\/wp-json\/wp\/v2\/pages"}],"about":[{"href":"https:\/\/cryomed.pro\/de\/wp-json\/wp\/v2\/types\/page"}],"author":[{"embeddable":true,"href":"https:\/\/cryomed.pro\/de\/wp-json\/wp\/v2\/users\/1"}],"replies":[{"embeddable":true,"href":"https:\/\/cryomed.pro\/de\/wp-json\/wp\/v2\/comments?post=34168"}],"version-history":[{"count":0,"href":"https:\/\/cryomed.pro\/de\/wp-json\/wp\/v2\/pages\/34168\/revisions"}],"up":[{"embeddable":true,"href":"https:\/\/cryomed.pro\/de\/wp-json\/wp\/v2\/pages\/34178"}],"wp:attachment":[{"href":"https:\/\/cryomed.pro\/de\/wp-json\/wp\/v2\/media?parent=34168"}],"curies":[{"name":"wp","href":"https:\/\/api.w.org\/{rel}","templated":true}]}}