{"id":34140,"date":"2020-08-07T14:28:24","date_gmt":"2020-08-07T14:28:24","guid":{"rendered":"https:\/\/cryomed.pro\/cryotherapy\/"},"modified":"2025-05-16T21:39:28","modified_gmt":"2025-05-16T21:39:28","slug":"cryotherapy","status":"publish","type":"page","link":"https:\/\/cryomed.pro\/de\/cryotherapy\/","title":{"rendered":"Kryotherapie"},"content":{"rendered":"\n<div class=\"wp-block-group alignfull wp-block-group-benefits-of-cryotherapy\"><div class=\"wp-block-group__inner-container is-layout-flow wp-block-group-is-layout-flow\">\n<h2 class=\"wp-block-heading\"><strong>Vorteile der Kryotherapie<\/strong><\/h2>\n\n\n\n<p>Die positiven Effekte der Kryotherapie konnten nicht ignoriert werden. Heute k\u00f6nnen Millionen von Menschen auf der ganzen Welt die erstaunlichen revitalisierenden F\u00e4higkeiten der Kryotherapie in Kryo-Zentren, Kliniken, Wellness- und Spa-Salons und anderen Behandlungs- und Rehabilitationseinrichtungen erleben.<\/p>\n\n\n\n<figure class=\"wp-block-table is-style-regular\"><table class=\"has-fixed-layout\"><tbody><tr><td>Schmerzlinderung und Heilung der Muskeln<\/td><td>Reduzierte Entz\u00fcndungen<\/td><\/tr><tr><td>Verbesserung der Symptome von <br>Ekzemen und anderen Hauterkrankungen <br>(Akne, Psoriasis usw.)<\/td><td>Stimulation des Immunsystems<\/td><\/tr><tr><td>Reduzierung von Angst und Depression<\/td><td>Verbesserung von Schlafst\u00f6rungen<\/td><\/tr><tr><td>Gewichtsverlust und Anti-Aging Wirkung<\/td><td>Und viele andere<\/td><\/tr><\/tbody><\/table><figcaption class=\"wp-element-caption\">Top 8 unbestreitbare Vorteile der Kryotherapie f\u00fcr alle<\/figcaption><\/figure>\n\n\n\n<p><\/p>\n<\/div><\/div>\n\n\n\n<div class=\"wp-block-group alignfull wp-block-group-media-text\"><div class=\"wp-block-group__inner-container is-layout-flow wp-block-group-is-layout-flow\">\n<div class=\"wp-block-columns alignwide is-layout-flex wp-container-core-columns-is-layout-9d6595d7 wp-block-columns-is-layout-flex\">\n<div class=\"wp-block-column is-layout-flow wp-block-column-is-layout-flow\">\n<figure class=\"wp-block-image size-large\"><img loading=\"lazy\" decoding=\"async\" width=\"540\" height=\"540\" src=\"\/wp-content\/uploads\/2021\/06\/Frame-11.png\" alt=\"Cryotherapy\" class=\"wp-image-5833\" title=\"Cryotherapy\" srcset=\"https:\/\/cryomed.pro\/wp-content\/uploads\/2021\/06\/Frame-11.png 540w, https:\/\/cryomed.pro\/wp-content\/uploads\/2021\/06\/Frame-11-300x300.png 300w, https:\/\/cryomed.pro\/wp-content\/uploads\/2021\/06\/Frame-11-150x150.png 150w, https:\/\/cryomed.pro\/wp-content\/uploads\/2021\/06\/Frame-11-100x100.png 100w, https:\/\/cryomed.pro\/wp-content\/uploads\/2021\/06\/Frame-11-160x160.png 160w, https:\/\/cryomed.pro\/wp-content\/uploads\/2021\/06\/Frame-11-340x340.png 340w\" sizes=\"auto, (max-width: 540px) 100vw, 540px\" \/><figcaption class=\"wp-element-caption\">Was sind die Vorteile der Ganzk\u00f6rper &#8211; und lokalen Kryotherapie?<\/figcaption><\/figure>\n<\/div>\n\n\n\n<div class=\"wp-block-column is-layout-flow wp-block-column-is-layout-flow\">\n<h2 class=\"wp-block-heading\">Ganzk\u00f6rper und Lokale Kryotherapie<\/h2>\n\n\n\n<p>Je nach Bedarf k\u00f6nnen Sie eine Ganzk\u00f6rper oder lokale Kryotherapie verwenden.<\/p>\n\n\n\n<p>Der Hauptunterschied zwischen ihnen besteht darin, dass w\u00e4hrend der Ganzk\u00f6rper-Kryotherapie der gesamte K\u00f6rper des Patienten (au\u00dfer dem Kopf) von extrem kalten Temperaturen betroffen ist. Das Konzept der lokalen Kryotherapie basiert auf der kurzfristigen Anwendung extrem niedriger Temperaturen auf einen bestimmten Bereich des K\u00f6rpers eines Patienten (zum Beispiel Gesicht, Knie oder Ellbogen).<\/p>\n\n\n\n<p>Sowohl in der Ganzk\u00f6rper- als auch in der lokalen Kryotherapie wirkt als Minderer der Empfindlichkeit der Rezeptoren und der Leitf\u00e4higkeit der Nervenfasern und f\u00fchrt zu einer sp\u00fcrbaren bet\u00e4ubenden Wirkung; gleichzeitig verbessert sich die Durchblutung und Sauerstoffversorgung.<\/p>\n<\/div>\n<\/div>\n<\/div><\/div>\n\n\n\n<div class=\"wp-block-group alignfull wp-block-group-media-text wp-block-group-media-text--reverse\"><div class=\"wp-block-group__inner-container is-layout-flow wp-block-group-is-layout-flow\">\n<div class=\"wp-block-columns alignwide is-layout-flex wp-container-core-columns-is-layout-9d6595d7 wp-block-columns-is-layout-flex\">\n<div class=\"wp-block-column is-layout-flow wp-block-column-is-layout-flow\">\n<h2 class=\"wp-block-heading\"><strong>Kryoindustrie<\/strong><\/h2>\n\n\n\n<p><strong>Es gibt 3 Hauptziele von Menschen, die von der Kryotherapie profitieren<\/strong>:<\/p>\n\n\n\n<p>Vor allem sind es Sportler sowie Fitness Profis. Die. Sport-Kryotherapie hat sich fest unter den Must-Have-Elementen der Sportmedizin etabliert. Diese Ausr\u00fcstung wird sowohl zur \u0444\u0434\u0434Behandlung von Traumata unmittelbar nach Spielen als auch f\u00fcr l\u00e4ngere Erholungs- und Rehabilitationsphasen zwischen Spielen und sogar Saisons verwendet.<\/p>\n\n\n\n<p>Zweite Interessengruppe sind medizinische Zentren. Kryosauna stellt eine ideale ergonomische und effektive L\u00f6sung f\u00fcr Krankenh\u00e4user, orthop\u00e4dische, rheumatologische oder Rehabilitationszentren dar.<\/p>\n\n\n\n<p>Und das Letzte &#8211; Kryotherapie und Sch\u00f6nheitszentren. Menschen, die an Anti-Aging, Gewichtsverlust, Akne-Behandlungen, Erm\u00fcdungsreaktion und anderen angenehmen &#8220;Nebenwirkungen&#8221; der Kryotherapie interessiert sind.<\/p>\n<\/div>\n\n\n\n<div class=\"wp-block-column is-layout-flow wp-block-column-is-layout-flow\">\n<figure class=\"wp-block-image size-large\"><img loading=\"lazy\" decoding=\"async\" width=\"540\" height=\"540\" src=\"\/wp-content\/uploads\/2021\/06\/Frame-11-2.png\" alt=\"Cryotherapy benefits\" class=\"wp-image-5852\" title=\"Cryotherapy benefits\" srcset=\"https:\/\/cryomed.pro\/wp-content\/uploads\/2021\/06\/Frame-11-2.png 540w, https:\/\/cryomed.pro\/wp-content\/uploads\/2021\/06\/Frame-11-2-300x300.png 300w, https:\/\/cryomed.pro\/wp-content\/uploads\/2021\/06\/Frame-11-2-150x150.png 150w, https:\/\/cryomed.pro\/wp-content\/uploads\/2021\/06\/Frame-11-2-100x100.png 100w, https:\/\/cryomed.pro\/wp-content\/uploads\/2021\/06\/Frame-11-2-160x160.png 160w, https:\/\/cryomed.pro\/wp-content\/uploads\/2021\/06\/Frame-11-2-340x340.png 340w\" sizes=\"auto, (max-width: 540px) 100vw, 540px\" \/><figcaption class=\"wp-element-caption\">Welche Branchen bevorzugen Kryotherapie als <br>Dienstleistung wegen ihrer unbestreitbaren Vorteile?<\/figcaption><\/figure>\n<\/div>\n<\/div>\n<\/div><\/div>\n\n\n\n<aside class=\"section section-cta\">\n\t<div class=\"xl:container\">\n\t\t<div class=\"card\">\n\n\t\t\t\n<div class=\"cp-glass cp-glass--primary\">\n\n\t<img loading=\"lazy\" decoding=\"async\" width=\"1920\" height=\"1280\" class=\"js-parallax\" src=\"https:\/\/cryomed.pro\/wp-content\/themes\/cryomed\/resources\/img\/1920x1280\/1.jpg\" alt=\"Kryotherapie - photo\" title=\"Kryotherapie\" \/>\n\t\t\t<div class=\"cp-glass-backdrop\"><\/div>\n\t<\/div>\n\n\t\t\t<div class=\"card__body\">\n\t\t\t\t<p class=\"card__title\">Kaufen Sie vom Branchenf\u00fchrer mit der gr\u00f6\u00dften Anzahl an weltweit verkauften Kryotherapieger\u00e4ten<\/p>\n\t\t\t\t<div class=\"flex flex-col flex-wrap items-center justify-center space-y-6 md:flex-row md:space-y-0 md:space-x-6 mt-10\">\n\n\t\t\t\t\t\n\t<button class=\"btn btn--large btn--white w-full md:w-auto\"\n\t\tdata-toggle=\"modal\"\n\t\tdata-type=\"contact-us\"\n\t\tdata-find=\"#modal-pills-price-tab\"\n\t\t>\n\n\t\tAngebot anfordern\t<\/button>\n\n\t\n\t<button class=\"btn btn--large btn--white w-full md:w-auto\"\n\t\tdata-toggle=\"modal\"\n\t\tdata-type=\"contact-us\"\n\t\tdata-find=\"#modal-pills-distributor-tab\"\n\t\t>\n\n\t\tVertriebspartner werden\t<\/button>\n\n\t\n\t\t\t\t<\/div>\n\t\t\t<\/div>\n\t\t<\/div>\n\t<\/div>\n<\/aside>\n\n\n","protected":false},"excerpt":{"rendered":"<p>Vorteile der Kryotherapie Die positiven Effekte der Kryotherapie konnten nicht ignoriert werden. Heute k\u00f6nnen Millionen von Menschen auf der ganzen Welt die erstaunlichen&hellip;<\/p>\n","protected":false},"author":1,"featured_media":12174,"parent":0,"menu_order":0,"comment_status":"closed","ping_status":"closed","template":"","meta":{"inline_featured_image":false,"footnotes":""},"class_list":["hentry","has-post-thumbnail"],"meta_box":[],"_links":{"self":[{"href":"https:\/\/cryomed.pro\/de\/wp-json\/wp\/v2\/pages\/34140","targetHints":{"allow":["GET"]}}],"collection":[{"href":"https:\/\/cryomed.pro\/de\/wp-json\/wp\/v2\/pages"}],"about":[{"href":"https:\/\/cryomed.pro\/de\/wp-json\/wp\/v2\/types\/page"}],"author":[{"embeddable":true,"href":"https:\/\/cryomed.pro\/de\/wp-json\/wp\/v2\/users\/1"}],"replies":[{"embeddable":true,"href":"https:\/\/cryomed.pro\/de\/wp-json\/wp\/v2\/comments?post=34140"}],"version-history":[{"count":1,"href":"https:\/\/cryomed.pro\/de\/wp-json\/wp\/v2\/pages\/34140\/revisions"}],"predecessor-version":[{"id":105477,"href":"https:\/\/cryomed.pro\/de\/wp-json\/wp\/v2\/pages\/34140\/revisions\/105477"}],"wp:featuredmedia":[{"embeddable":true,"href":"https:\/\/cryomed.pro\/de\/wp-json\/wp\/v2\/media\/12174"}],"wp:attachment":[{"href":"https:\/\/cryomed.pro\/de\/wp-json\/wp\/v2\/media?parent=34140"}],"curies":[{"name":"wp","href":"https:\/\/api.w.org\/{rel}","templated":true}]}}