{"id":33989,"date":"2020-09-21T17:28:26","date_gmt":"2020-09-21T17:28:26","guid":{"rendered":"https:\/\/cryomed.pro\/cryo-center\/"},"modified":"2025-07-03T03:41:36","modified_gmt":"2025-07-03T03:41:36","slug":"kryotherapiezentrum","status":"publish","type":"page","link":"https:\/\/cryomed.pro\/de\/cryotherapy\/kryotherapiezentrum\/","title":{"rendered":"Kryotherapie Zentrum"},"content":{"rendered":"\n<div class=\"wp-block-group alignfull wp-block-group-media-text\"><div class=\"wp-block-group__inner-container is-layout-flow wp-block-group-is-layout-flow\">\n<div class=\"wp-block-columns alignwide is-layout-flex wp-container-core-columns-is-layout-9d6595d7 wp-block-columns-is-layout-flex\">\n<div class=\"wp-block-column is-layout-flow wp-block-column-is-layout-flow\">\n<figure class=\"wp-block-image size-large\"><img loading=\"lazy\" decoding=\"async\" width=\"1024\" height=\"576\" src=\"\/wp-content\/uploads\/2021\/04\/ProMini-mutted_000-1024x576.jpg\" alt=\"How can you open a cryotherapy center?\" class=\"wp-image-5315\" title=\"How can you open a cryotherapy center?\" srcset=\"https:\/\/cryomed.pro\/wp-content\/uploads\/2021\/04\/ProMini-mutted_000-1024x576.jpg 1024w, https:\/\/cryomed.pro\/wp-content\/uploads\/2021\/04\/ProMini-mutted_000-300x169.jpg 300w, https:\/\/cryomed.pro\/wp-content\/uploads\/2021\/04\/ProMini-mutted_000-768x432.jpg 768w, https:\/\/cryomed.pro\/wp-content\/uploads\/2021\/04\/ProMini-mutted_000.jpg 1280w\" sizes=\"auto, (max-width: 1024px) 100vw, 1024px\" \/><figcaption class=\"wp-element-caption\">How can you open a cryotherapy center?<\/figcaption><\/figure>\n<\/div>\n\n\n\n<div class=\"wp-block-column is-layout-flow wp-block-column-is-layout-flow\">\n<h2 class=\"wp-block-heading\">How can you open a cryotherapy center?<\/h2>\n\n\n\n<p>There are several points which should be considered before opening a cryotherapy center:<\/p>\n\n\n\n<ol class=\"wp-block-list\">\n<li><strong>Drawing up a business plan and finding investors<\/strong>: considering that cryotherapy is gaining popularity with each passing day, a cryotherapy center could be of interest to investors. A <a href=\"https:\/\/cryomed.pro\/faq\/business\/how-to-prepare-a-cryotherapy-business-plan\/\" data-type=\"faq\" data-id=\"19511\">business plan<\/a> for investors should include, among other things, all future expenses and prognoses of your profitability. There will be one-time costs (cryotherapy equipment, proper ventilation, furniture, staff training) and recurring expenses (monthly rental of the premises, utilities, liquid nitrogen, insurance, staff salary, marketing). You can find a list of all the possible expenses <a href=\"https:\/\/cryomed.pro\/faq\/business\/how-to-start-cryotherapy-business\/\">here<\/a>.&nbsp;<\/li>\n<\/ol>\n\n\n\n<ol start=\"2\" class=\"wp-block-list\">\n<li><strong>Licenses and permits<\/strong>: whether you want to open a cryo center in the USA or in Europe, you will probably <a href=\"https:\/\/cryomed.pro\/faq\/business\/are-cryotherapy-businesses-licensed\/\" data-type=\"faq\" data-id=\"19490\">need to get special licenses or permits<\/a>. Given that whole-body cryotherapy is a relatively new field, in different countries or even states you may run into insufficient regulation of this kind of business and different regulations in each area. But paperwork is an integral part of every business. Just be prepared for it.<\/li>\n<\/ol>\n\n\n\n<ol start=\"3\" class=\"wp-block-list\">\n<li><strong>Location<\/strong>: a good location for your cryocenter is key to your success. When choosing your premises, consider the following:&nbsp;<\/li>\n<\/ol>\n\n\n\n<ul class=\"wp-block-list\">\n<li>Presence of other cryo centers nearby: it is best to avoid places where another cryotherapy center is already active.<\/li>\n\n\n\n<li>Awareness of cryotherapy: choose major cities in your country, and central and progressive districts of the city.&nbsp;&nbsp;&nbsp;<\/li>\n\n\n\n<li>Presence of related businesses: fitness clubs and other sports facilities, medical centers, beauty salons, spas, recovery centers \u2014 these places may be frequented by potential clients. Collaborate with other businesses to help each other grow.&nbsp;&nbsp;<\/li>\n<\/ul>\n\n\n\n<ol start=\"4\" class=\"wp-block-list\">\n<li><strong>Purchase quality cryotherapy equipment and have your staff professionally trained:<\/strong> all your efforts toward opening a cryo center and costly marketing activity can go down the drain without high-quality, effective cryo equipment and good customer service. Choose only certified cryosaunas with all the required documentation and an excellent warranty, and train your staff to provide impeccable customer service. These one-time costs will pay for themselves very quickly.\u00a0<\/li>\n<\/ol>\n<\/div>\n<\/div>\n<\/div><\/div>\n\n\n\n<div class=\"wp-block-group alignfull wp-block-group-media-text\"><div class=\"wp-block-group__inner-container is-layout-flow wp-block-group-is-layout-flow\">\n<div class=\"wp-block-columns alignwide wp-block-group-media-text--reverse is-layout-flex wp-container-core-columns-is-layout-9d6595d7 wp-block-columns-is-layout-flex\">\n<div class=\"wp-block-column is-layout-flow wp-block-column-is-layout-flow\">\n<h2 class=\"wp-block-heading\">Cryo centers with Cryomed equipment in Europe<\/h2>\n\n\n\n<p><strong>San Raffaele Hospital<\/strong>. <\/p>\n\n\n\n<p>In 2019 our Italian distributor installed a Cryomed Pro cryosauna in the specially equipped cryo center of one of the largest and most famous hospitals in Italy.<\/p>\n\n\n\n<p>San Raffaele Hospital in Milan offers this innovative clinical and medical diagnostic service. The service is intended to meet the needs of English-speaking residents or visitors who seek medical assistance (general practice and specialist consultations) or diagnostic tests (laboratory or imaging studies).<\/p>\n\n\n\n<p><\/p>\n<\/div>\n\n\n\n<div class=\"wp-block-column is-layout-flow wp-block-column-is-layout-flow\">\n<figure class=\"wp-block-image size-full\"><img loading=\"lazy\" decoding=\"async\" width=\"215\" height=\"316\" src=\"https:\/\/cryomed.pro\/wp-content\/uploads\/2022\/04\/cryotherapy-business-01.png\" alt=\"Cryocenter in Italy\" class=\"wp-image-19554\" srcset=\"https:\/\/cryomed.pro\/wp-content\/uploads\/2022\/04\/cryotherapy-business-01.png 215w, https:\/\/cryomed.pro\/wp-content\/uploads\/2022\/04\/cryotherapy-business-01-204x300.png 204w\" sizes=\"auto, (max-width: 215px) 100vw, 215px\" \/><figcaption class=\"wp-element-caption\">The cryo center at San Raffaele Hospital (Italy) was opened in 2019<\/figcaption><\/figure>\n<\/div>\n<\/div>\n<\/div><\/div>\n\n\n\n<div class=\"wp-block-group alignfull wp-block-group-media-text\"><div class=\"wp-block-group__inner-container is-layout-flow wp-block-group-is-layout-flow\">\n<div class=\"wp-block-columns alignwide is-layout-flex wp-container-core-columns-is-layout-9d6595d7 wp-block-columns-is-layout-flex\">\n<div class=\"wp-block-column is-layout-flow wp-block-column-is-layout-flow\">\n<figure class=\"wp-block-image size-large\"><img loading=\"lazy\" decoding=\"async\" width=\"909\" height=\"1024\" src=\"https:\/\/cryomed.pro\/wp-content\/uploads\/2022\/04\/kriozauna-909x1024.png\" alt=\"Cryocenter in Hungary\" class=\"wp-image-19573\" srcset=\"https:\/\/cryomed.pro\/wp-content\/uploads\/2022\/04\/kriozauna-909x1024.png 909w, https:\/\/cryomed.pro\/wp-content\/uploads\/2022\/04\/kriozauna-266x300.png 266w, https:\/\/cryomed.pro\/wp-content\/uploads\/2022\/04\/kriozauna-768x865.png 768w, https:\/\/cryomed.pro\/wp-content\/uploads\/2022\/04\/kriozauna.png 984w\" sizes=\"auto, (max-width: 909px) 100vw, 909px\" \/><figcaption class=\"wp-element-caption\">This cryo center in Hungary has no lack of clients<\/figcaption><\/figure>\n<\/div>\n\n\n\n<div class=\"wp-block-column is-layout-flow wp-block-column-is-layout-flow\">\n<p><strong>Baroness Beauty Salon \u2014 Hungary, small town of G\u00e1rdony-Ag\u00e1rd, not far from Budapest.<\/strong><\/p>\n\n\n\n<p>Our Hungarian distributor installed a Cryomed Pro cryosauna in a beauty salon in a small town near Budapest.<\/p>\n\n\n\n<p>The owner of this salon has taken full advantage of being a small town business \u2014 he doesn&#8217;t need to spend a lot of money on marketing. His clients readily share their impressions of cryo sessions with friends and relatives, so the salon has no lack of new visitors.<\/p>\n<\/div>\n<\/div>\n<\/div><\/div>\n\n\n\n<div class=\"wp-block-group alignfull wp-block-group-media-text wp-block-group-media-text--reverse\"><div class=\"wp-block-group__inner-container is-layout-flow wp-block-group-is-layout-flow\">\n<div class=\"wp-block-columns alignwide is-layout-flex wp-container-core-columns-is-layout-9d6595d7 wp-block-columns-is-layout-flex\">\n<div class=\"wp-block-column is-layout-flow wp-block-column-is-layout-flow\">\n<p><strong>Cryocenter in \u200b\u200bGalati, Romania<\/strong><\/p>\n\n\n\n<p>Our Romanian distributor partners with the Criohealth cryo center to provide Cryomed equipment for Romanian clients.<\/p>\n\n\n\n<p>Criohealth Cryosauna Center, the only center of its kind in Galati, provides innovative, non-invasive cryotherapy services, based on the body&#8217;s own self-regulation and balancing mechanisms.<\/p>\n<\/div>\n\n\n\n<div class=\"wp-block-column is-layout-flow wp-block-column-is-layout-flow\">\n<figure class=\"wp-block-image size-full\"><img loading=\"lazy\" decoding=\"async\" width=\"443\" height=\"782\" src=\"https:\/\/cryomed.pro\/wp-content\/uploads\/2022\/04\/cryocenter-romania.png\" alt=\"Cryocenter in Romania\" class=\"wp-image-19592\" title=\"This cryo center in Romania provides a full range of cryo treatments for their clients\" srcset=\"https:\/\/cryomed.pro\/wp-content\/uploads\/2022\/04\/cryocenter-romania.png 443w, https:\/\/cryomed.pro\/wp-content\/uploads\/2022\/04\/cryocenter-romania-170x300.png 170w\" sizes=\"auto, (max-width: 443px) 100vw, 443px\" \/><figcaption class=\"wp-element-caption\">This cryo center in Romania provides a full range of cryo treatments for their clients.<\/figcaption><\/figure>\n<\/div>\n<\/div>\n<\/div><\/div>\n\n\n\n<div class=\"wp-block-group alignfull wp-block-group-media-text\"><div class=\"wp-block-group__inner-container is-layout-flow wp-block-group-is-layout-flow\"><\/div><\/div>\n","protected":false},"excerpt":{"rendered":"<p>Das eigenst\u00e4ndige Kryotherapiegesch\u00e4ft kann zu einem Ziel f\u00fcr die lokale Gemeinschaft werden, das nat\u00fcrliche Behandlungen anbietet, die den K\u00f6rper von innen heilen und das Wohlbefinden und das Energieniveau steigern.<\/p>\n","protected":false},"author":1,"featured_media":12953,"parent":34140,"menu_order":5,"comment_status":"closed","ping_status":"closed","template":"","meta":{"inline_featured_image":false,"footnotes":""},"class_list":["hentry","has-post-thumbnail"],"meta_box":[],"_links":{"self":[{"href":"https:\/\/cryomed.pro\/de\/wp-json\/wp\/v2\/pages\/33989","targetHints":{"allow":["GET"]}}],"collection":[{"href":"https:\/\/cryomed.pro\/de\/wp-json\/wp\/v2\/pages"}],"about":[{"href":"https:\/\/cryomed.pro\/de\/wp-json\/wp\/v2\/types\/page"}],"author":[{"embeddable":true,"href":"https:\/\/cryomed.pro\/de\/wp-json\/wp\/v2\/users\/1"}],"replies":[{"embeddable":true,"href":"https:\/\/cryomed.pro\/de\/wp-json\/wp\/v2\/comments?post=33989"}],"version-history":[{"count":1,"href":"https:\/\/cryomed.pro\/de\/wp-json\/wp\/v2\/pages\/33989\/revisions"}],"predecessor-version":[{"id":107520,"href":"https:\/\/cryomed.pro\/de\/wp-json\/wp\/v2\/pages\/33989\/revisions\/107520"}],"up":[{"embeddable":true,"href":"https:\/\/cryomed.pro\/de\/wp-json\/wp\/v2\/pages\/34140"}],"wp:featuredmedia":[{"embeddable":true,"href":"https:\/\/cryomed.pro\/de\/wp-json\/wp\/v2\/media\/12953"}],"wp:attachment":[{"href":"https:\/\/cryomed.pro\/de\/wp-json\/wp\/v2\/media?parent=33989"}],"curies":[{"name":"wp","href":"https:\/\/api.w.org\/{rel}","templated":true}]}}