{"id":33967,"date":"2020-08-07T14:29:32","date_gmt":"2020-08-07T14:29:32","guid":{"rendered":"https:\/\/cryomed.pro\/local\/"},"modified":"2024-02-28T01:32:49","modified_gmt":"2024-02-28T01:32:49","slug":"locale","status":"publish","type":"page","link":"https:\/\/cryomed.pro\/de\/cryotherapy\/locale\/","title":{"rendered":"Locale"},"content":{"rendered":"\n<div class=\"wp-block-group alignfull wp-block-group-media-text\"><div class=\"wp-block-group__inner-container is-layout-flow wp-block-group-is-layout-flow\">\n<div class=\"wp-block-columns alignwide is-layout-flex wp-container-core-columns-is-layout-9d6595d7 wp-block-columns-is-layout-flex\">\n<div class=\"wp-block-column is-layout-flow wp-block-column-is-layout-flow\">\n<h2 class=\"wp-block-heading\">About local cryotherapy<\/h2>\n<\/div>\n\n\n\n<div class=\"wp-block-column is-layout-flow wp-block-column-is-layout-flow\">\n<p>The concept of local cryotherapy is based on the short-term application of extremely low temperatures to a particular area of a patient\u2019s body. This procedure causes muscles to contract, increasing the blood flow to the treated area, soothing inflammation, and speeding up cell regeneration. Localised cryotherapy helps to improve physical performance, gives long-term pain relief, reduces inflammation, provides fast muscle recovery, improves blood circulation and skin tone, reduces wrinkles and fine lines, minimizes scars.<\/p>\n\n\n\n<p>Cryogenic procedures are 100% safe, cause no side effects, and demonstrate outstanding results for localized injuries involving back, knee, elbow or other joint pains, skin damage, muscle tension, ligament sprains, and so forth.<\/p>\n\n\n\n<h3 class=\"wp-block-heading\">Local cryotherapy session<\/h3>\n\n\n\n<p>The treatment by local cryotherapy device is short. Affected areas or spasms are precisely targeted for 8-10 minutes by cool, dry air. At the end of the procedure, a patient may feel a \u2018pins and needles\u2019 sensation, which disappears quickly after the treatment.<\/p>\n\n\n\n<p>The effect is immediate and could last up to 7 days. But for a more stable result, it is better to have local cryo sessions every 3-4 weeks.<\/p>\n<\/div>\n<\/div>\n<\/div><\/div>\n\n\n\n<div class=\"wp-block-group alignfull wp-block-group-industries\"><div class=\"wp-block-group__inner-container is-layout-flow wp-block-group-is-layout-flow\">\n<h2 class=\"wp-block-heading\">Industries where local cryotherapy is&nbsp;used<\/h2>\n\n\n\n<figure class=\"wp-block-image alignwide size-large\"><img loading=\"lazy\" decoding=\"async\" width=\"1024\" height=\"477\" src=\"\/wp-content\/uploads\/2021\/06\/Frame-11-4-1024x477.png\" alt=\"Local cryotherapy devices\" class=\"wp-image-5909\" title=\"Local cryotherapy devices\" srcset=\"https:\/\/cryomed.pro\/wp-content\/uploads\/2021\/06\/Frame-11-4-1024x477.png 1024w, https:\/\/cryomed.pro\/wp-content\/uploads\/2021\/06\/Frame-11-4-300x140.png 300w, https:\/\/cryomed.pro\/wp-content\/uploads\/2021\/06\/Frame-11-4-768x358.png 768w, https:\/\/cryomed.pro\/wp-content\/uploads\/2021\/06\/Frame-11-4.png 1160w\" sizes=\"auto, (max-width: 1024px) 100vw, 1024px\" \/><figcaption class=\"wp-element-caption\"><strong><span class=\"has-inline-color has-dark-color\">Does localized cryotherapy work?<\/span><\/strong><\/figcaption><\/figure>\n\n\n\n<div class=\"wp-block-columns is-layout-flex wp-container-core-columns-is-layout-9d6595d7 wp-block-columns-is-layout-flex\">\n<div class=\"wp-block-column is-layout-flow wp-block-column-is-layout-flow\">\n<h3 class=\"wp-block-heading\">Beauty<\/h3>\n\n\n\n<p>Sport cryotherapy can be administered for aesthetic and weight loss purposes to tighten skin and boost collagen production. As localized therapy is known to promote blood circulation, it is helpful in cellulite reduction.<\/p>\n\n\n\n<p>Cryo facials involve cooling down the skin on the face, scalp and neck. These local cryotherapy treatments work from within to reduce fine lines and wrinkles, as well as get rid of blemishes and spots. Cryo facials improve skin tone, reduce redness and puffiness. For those women who once tried cryo facials, the question \u201cDoes localized cryotherapy work?\u201d never rises.<\/p>\n<\/div>\n\n\n\n<div class=\"wp-block-column is-layout-flow wp-block-column-is-layout-flow\">\n<h3 class=\"wp-block-heading\">Pain management<\/h3>\n\n\n\n<p>By rapidly cooling down the skin in isolated areas, localized cryotherapy alleviates pain, decreases inflammation and swelling. It is helpful for chronic pain due to arthritis or inflammatory conditions.<\/p>\n\n\n\n<p>Spot cryotherapy is a great tool to enhance post-surgery or post-injury recovery. It encourages and speeds up your body\u2019s healing process and repairs tissue damage.<\/p>\n<\/div>\n\n\n\n<div class=\"wp-block-column is-layout-flow wp-block-column-is-layout-flow\">\n<h3 class=\"wp-block-heading\">Sports<\/h3>\n\n\n\n<p>Sport cryotherapy can be administered when and where needed, e.g. during competitions, due to mobility and compact size of cryogenic blowers. It is a more powerful, efficient and time-saving alternative to icing.<\/p>\n\n\n\n<p>Many athletes use local cryotherapy device for prevention as well as to treat injuries common for people who engage in sports or physical activity. Cold naturally relieves pains and aches, and a rush of oxygenated blood due to improved circulation promotes healing and recovery.<\/p>\n<\/div>\n<\/div>\n<\/div><\/div>\n\n\n\n<aside class=\"section section-cta\">\n\t<div class=\"xl:container\">\n\t\t<div class=\"card\">\n\n\t\t\t\n<div class=\"cp-glass cp-glass--primary\">\n\n\t<img loading=\"lazy\" decoding=\"async\" width=\"1920\" height=\"1280\" class=\"js-parallax\" src=\"https:\/\/cryomed.pro\/wp-content\/themes\/cryomed\/resources\/img\/1920x1280\/1.jpg\" alt=\"Locale - photo\" title=\"Locale\" \/>\n\t\t\t<div class=\"cp-glass-backdrop\"><\/div>\n\t<\/div>\n\n\t\t\t<div class=\"card__body\">\n\t\t\t\t<p class=\"card__title\">Kaufen Sie vom Branchenf\u00fchrer mit der gr\u00f6\u00dften Anzahl an weltweit verkauften Kryotherapieger\u00e4ten<\/p>\n\t\t\t\t<div class=\"flex flex-col flex-wrap items-center justify-center space-y-6 md:flex-row md:space-y-0 md:space-x-6 mt-10\">\n\n\t\t\t\t\t\n\t<button class=\"btn btn--large btn--white w-full md:w-auto\"\n\t\tdata-toggle=\"modal\"\n\t\tdata-type=\"contact-us\"\n\t\tdata-find=\"#modal-pills-price-tab\"\n\t\t>\n\n\t\tAngebot anfordern\t<\/button>\n\n\t\n\t<button class=\"btn btn--large btn--white w-full md:w-auto\"\n\t\tdata-toggle=\"modal\"\n\t\tdata-type=\"contact-us\"\n\t\tdata-find=\"#modal-pills-distributor-tab\"\n\t\t>\n\n\t\tVertriebspartner werden\t<\/button>\n\n\t\n\t\t\t\t<\/div>\n\t\t\t<\/div>\n\t\t<\/div>\n\t<\/div>\n<\/aside>\n\n\n","protected":false},"excerpt":{"rendered":"<p>About local cryotherapy The concept of local cryotherapy is based on the short-term application of extremely low temperatures to a particular area of&hellip;<\/p>\n","protected":false},"author":1,"featured_media":0,"parent":34140,"menu_order":1,"comment_status":"closed","ping_status":"closed","template":"","meta":{"inline_featured_image":false,"footnotes":""},"class_list":["hentry"],"meta_box":[],"_links":{"self":[{"href":"https:\/\/cryomed.pro\/de\/wp-json\/wp\/v2\/pages\/33967","targetHints":{"allow":["GET"]}}],"collection":[{"href":"https:\/\/cryomed.pro\/de\/wp-json\/wp\/v2\/pages"}],"about":[{"href":"https:\/\/cryomed.pro\/de\/wp-json\/wp\/v2\/types\/page"}],"author":[{"embeddable":true,"href":"https:\/\/cryomed.pro\/de\/wp-json\/wp\/v2\/users\/1"}],"replies":[{"embeddable":true,"href":"https:\/\/cryomed.pro\/de\/wp-json\/wp\/v2\/comments?post=33967"}],"version-history":[{"count":0,"href":"https:\/\/cryomed.pro\/de\/wp-json\/wp\/v2\/pages\/33967\/revisions"}],"up":[{"embeddable":true,"href":"https:\/\/cryomed.pro\/de\/wp-json\/wp\/v2\/pages\/34140"}],"wp:attachment":[{"href":"https:\/\/cryomed.pro\/de\/wp-json\/wp\/v2\/media?parent=33967"}],"curies":[{"name":"wp","href":"https:\/\/api.w.org\/{rel}","templated":true}]}}