{"id":33947,"date":"2020-07-30T08:16:26","date_gmt":"2020-07-30T08:16:26","guid":{"rendered":"https:\/\/cryomed.pro\/training\/"},"modified":"2024-10-29T20:50:55","modified_gmt":"2024-10-29T20:50:55","slug":"training","status":"publish","type":"page","link":"https:\/\/cryomed.pro\/de\/business\/services\/training\/","title":{"rendered":"Training"},"content":{"rendered":"\n<h2 class=\"wp-block-heading\"><\/h2>\n\n\n\n<p>Ein qualifizierter Kryosauna-Bediener ist f\u00fcr die Schaffung starker und gesunder Beziehungen zwischen Ihrem Unternehmen und Ihren Kunden von gro\u00dfer Bedeutung. Ein Techniker mit ausgezeichneten Kommunikationsf\u00e4higkeiten kann dazu beitragen, ein positives und einladendes Umfeld zu schaffen, das den Gesamteindruck der Kunden verbessert und die Wahrscheinlichkeit erh\u00f6ht, dass sie f\u00fcr zuk\u00fcnftige Behandlungen zur\u00fcckkehren.<\/p>\n\n\n\n<p>Die Trainingsprogramme von Cryomed zielen darauf ab, ein umfassendes Wissen \u00fcber die Kryotherapie aufzubauen, das Selbstvertrauen und die F\u00e4higkeiten der Kryotechniker zu entwickeln und neu gegr\u00fcndete Kryounternehmen von Anfang an zu unterst\u00fctzen, damit sie zu starken Wettbewerbern in der Kryobranche werden.<\/p>\n\n\n\n<p>Die Schulung des Bedienpersonals tr\u00e4gt ebenfalls dazu bei, die Ganzk\u00f6rperkryotherapie-Zentren zu einem sicheren Ort f\u00fcr die Kunden zu machen.<\/p>\n\n\n\n<p>Cryomed bietet praktische und theoretische Ausbildungskurse an.<\/p>\n\n\n\n<h3 class=\"wp-block-heading\"><strong>Der Umfang des praktischen Kurses bei Cryomed<\/strong><\/h3>\n\n\n\n<p>Kunden, die ein Cryomed-Ger\u00e4t kaufen, k\u00f6nnen Unterst\u00fctzung bei der Installation der Kryosauna und bei der Bedienerschulung erhalten. Die Bedienerschulung wird vor Ort oder online durchgef\u00fchrt.<\/p>\n\n\n\n<p>Der Kurs deckt die Besonderheiten des Betriebs von Kryogen-Anlagen ab:<\/p>\n\n\n\n<ul class=\"wp-block-list\">\n<li>Installationsanforderungen: Bel\u00fcftung, \u00dcberwachung des Sauerstoffgehalts im Behandlungsraum, An- und Abkoppeln von Fl\u00fcssigstickstofftanks.<\/li>\n\n\n\n<li>Stickstoffsicherheit: Umgang mit Fl\u00fcssigstickstoff, Transport und Lagerung von Fl\u00fcssigstickstofftanks, Sicherheitsvorkehrungen.<\/li>\n\n\n\n<li>Durchf\u00fchrung einer Kryotherapie-Sitzung: Kundenbriefing, Ablauf, korrekte Positionierung des Kunden, \u00dcberwachung der Sitzung, Temperatur- und Zeitkontrolle, effektives Management des Stickstoffverbrauchs, Ma\u00dfnahmen in Notf\u00e4llen.<\/li>\n\n\n\n<li>Wartung und Fehlerbehebung von Kryotherapieger\u00e4ten: Reinigungs- und Trocknungsanforderungen, wirksame Abhilfema\u00dfnahmen und Ma\u00dfnahmenpl\u00e4ne f\u00fcr den Fall eines Ger\u00e4teausfalls.<\/li>\n<\/ul>\n\n\n\n<p>Nach Abschluss des Kurses erh\u00e4lt der Bediener ein Schulungszertifikat, das seine Qualifikation f\u00fcr die Bedienung des Ger\u00e4ts best\u00e4tigt.<\/p>\n\n\n\n<p><em>Auf Anfrage bieten wir eine eint\u00e4gige Schulung an Ihrem Standort an, um sicherzustellen, dass Ihr Personal Ihren Kunden erstklassige Dienstleistungen bietet.<\/em><\/p>\n\n\n\n<p>Au\u00dferdem erhalten alle unsere Kunden kostenlosen Zugang zu einem ausf\u00fchrlichen Kryotherapie-Kurs, um wissenschaftlich fundiertes Wissen \u00fcber die Kryobehandlung zu erwerben und kompetente Dienstleister zu werden.<\/p>\n\n\n\n<h3 class=\"wp-block-heading\"><strong>Der Umfang des Online-Kurses f\u00fcr fortgeschrittene Kryotherapie von Cryomed<\/strong><\/h3>\n\n\n\n<p>Der theoretische Kurs von Cryomed ist sowohl f\u00fcr Kryosauna-Techniker als auch f\u00fcr Kryobetriebsinhaber von Vorteil. Kryotechniker erwerben Kenntnisse, um eine wirksame Kommunikation mit Kunden aufzubauen und deren komplexe Fragen zu beantworten. Kryo-Unternehmer k\u00f6nnen den Kurs nutzen, um potenzielle Zielgruppen zu identifizieren und Werbekampagnen zur Erweiterung ihres Kundenstamms zu entwickeln.<\/p>\n\n\n\n<p>Der forschungsbasierte Kurs umfasst f\u00fcnf Module, in denen die wichtigsten Aspekte der Ganzk\u00f6rperk\u00e4ltetherapie behandelt werden:<\/p>\n\n\n\n<ul class=\"wp-block-list\">\n<li>Grundlegende Mechanismen, Anwendungen und Grenzen der Ganzk\u00f6rperk\u00e4ltetherapie.<\/li>\n\n\n\n<li>Sicherheitsfragen: Umgang mit Fl\u00fcssigstickstoff, Umgang mit Stickstoff-Ger\u00e4ten, rechtlicher Schutz des Kryotherapie-Gesch\u00e4fts. Ma\u00dfgeschneiderte Einstellungen f\u00fcr Kryotherapie-Sitzungen.<\/li>\n\n\n\n<li>Gut erforschte medizinische Indikationen mit Kryotherapie als Teil von Behandlungsprotokollen.<\/li>\n\n\n\n<li>Einsatz der Ganzk\u00f6rperk\u00e4ltetherapie f\u00fcr die sportliche Leistung, die Erholung nach dem Sport und nach Verletzungen.<\/li>\n\n\n\n<li>Vorteile der Ganzk\u00f6rperk\u00e4ltetherapie f\u00fcr allgemeines Wohlbefinden, Vitalit\u00e4t und Sch\u00f6nheit.<\/li>\n<\/ul>\n\n\n\n<p>Nach erfolgreichem Abschluss der Pr\u00fcfung am Ende des Kurses erh\u00e4lt der Betreiber ein Zertifikat.<\/p>\n\n\n\n<h3 class=\"wp-block-heading\"><strong>Warum ist die Kryotherapie-Ausbildung so wichtig?<\/strong><\/h3>\n\n\n\n<p>Als Teil der Gemeinschaft der Kryotherapie-Anbieter setzt sich Cryomed f\u00fcr die Etablierung von Industriestandards ein, die das Vertrauen in die extreme K\u00e4ltetherapie und ihre Sicherheit st\u00e4rken sollen.<\/p>\n\n\n\n<p>Wir m\u00f6chten sicher sein, dass jede Kryosauna oder Kryokammer, die wir verkaufen, ordnungsgem\u00e4\u00df und mit der gebotenen Vorsicht bedient wird und dass die Kunden, die sich einer Kryobehandlung unterziehen, die behaupteten Vorteile erhalten, ohne sich einem Gesundheitsrisiko auszusetzen.<\/p>\n\n\n\n<p>Aus der Sicht eines Kryo-Unternehmens lohnt sich die Schulung der Bediener aus vielen Gr\u00fcnden:<\/p>\n\n\n\n<ul class=\"wp-block-list\">\n<li>F\u00f6rderung eines professionellen Images,<\/li>\n\n\n\n<li>Wettbewerbsvorteile zu erzielen,<\/li>\n\n\n\n<li>mehr Kunden zu gewinnen, die Wert auf einen kompetenten und qualifizierten Service legen,<\/li>\n\n\n\n<li>Minimierung von Rechtsanspr\u00fcchen.<\/li>\n<\/ul>\n\n\n\n<p>Cryomed bietet umfassende Schulungen an, um Ihre Mitarbeiter mit den notwendigen F\u00e4higkeiten auszustatten, damit sie effektiv mit Kunden kommunizieren und kompetent mit Kryo-Ger\u00e4ten umgehen k\u00f6nnen.<\/p>\n\n\n\n<p><a href=\"https:\/\/cryomed.pro\/about-us\/contacts\/\">Bitte kontaktieren Sie unser Verkaufsteam<\/a> f\u00fcr eine ausf\u00fchrliche Beratung.<\/p>\n\n\n\n<figure class=\"wp-block-image alignwide\"><img decoding=\"async\" src=\"\/wp-content\/uploads\/2020\/05\/NIK_5138-1024x684-1-1024x400.jpg\" alt=\"Cryotherapy specialist training\" class=\"wp-image-498\" title=\"Cryotherapy specialist training\" \/><figcaption class=\"wp-element-caption\"><mark style=\"background-color:#fff\" class=\"has-inline-color has-secondary-color\">Ausbildung zum Kryotherapie-Techniker<\/mark><\/figcaption><\/figure>\n\n\n\n<div class=\"wp-block-group\"><div class=\"wp-block-group__inner-container is-layout-flow wp-block-group-is-layout-flow\">\n<div class=\"wp-block-columns is-layout-flex wp-container-core-columns-is-layout-9d6595d7 wp-block-columns-is-layout-flex\">\n<div class=\"wp-block-column is-layout-flow wp-block-column-is-layout-flow\">\n<p class=\"mt-4\">Andere&nbsp;<a href=\"https:\/\/cryomed.pro\/business\/services\/\">Dienstleistungen f\u00fcr Kryotherapie-Unternehmen<\/a>:<\/p>\n\n\n\n<ul class=\"wp-block-list\">\n<li><a href=\"https:\/\/cryomed.pro\/de\/business\/services\/marketing\/\">Kryosaunen Marketing<\/a><\/li>\n\n\n\n<li><a href=\"https:\/\/cryomed.pro\/business\/services\/installation\/\">Kryosaunen Lieferung<\/a><\/li>\n\n\n\n<li><a href=\"https:\/\/cryomed.pro\/business\/services\/installation\/\">Kryosaunen Installation<\/a><\/li>\n\n\n\n<li><a href=\"https:\/\/cryomed.pro\/business\/services\/support\/\">Cryosaunas Technische Unterst\u00fctzung<\/a><\/li>\n<\/ul>\n<\/div>\n<\/div>\n<\/div><\/div>\n\n\n\n<p><\/p>\n","protected":false},"excerpt":{"rendered":"<p>Unser Spezialist kommt f\u00fcr eine eint\u00e4gige Schulung zu Ihnen vor Ort. Die Schulung ist auf Anfrage verf\u00fcgbar<\/p>\n","protected":false},"author":1,"featured_media":0,"parent":34516,"menu_order":1,"comment_status":"closed","ping_status":"closed","template":"","meta":{"inline_featured_image":false,"footnotes":""},"class_list":["hentry"],"meta_box":[],"_links":{"self":[{"href":"https:\/\/cryomed.pro\/de\/wp-json\/wp\/v2\/pages\/33947","targetHints":{"allow":["GET"]}}],"collection":[{"href":"https:\/\/cryomed.pro\/de\/wp-json\/wp\/v2\/pages"}],"about":[{"href":"https:\/\/cryomed.pro\/de\/wp-json\/wp\/v2\/types\/page"}],"author":[{"embeddable":true,"href":"https:\/\/cryomed.pro\/de\/wp-json\/wp\/v2\/users\/1"}],"replies":[{"embeddable":true,"href":"https:\/\/cryomed.pro\/de\/wp-json\/wp\/v2\/comments?post=33947"}],"version-history":[{"count":0,"href":"https:\/\/cryomed.pro\/de\/wp-json\/wp\/v2\/pages\/33947\/revisions"}],"up":[{"embeddable":true,"href":"https:\/\/cryomed.pro\/de\/wp-json\/wp\/v2\/pages\/34516"}],"wp:attachment":[{"href":"https:\/\/cryomed.pro\/de\/wp-json\/wp\/v2\/media?parent=33947"}],"curies":[{"name":"wp","href":"https:\/\/api.w.org\/{rel}","templated":true}]}}